{"id":9434,"date":"2021-07-27T15:48:55","date_gmt":"2021-07-27T18:48:55","guid":{"rendered":"https:\/\/comunhaoespirita.net\/portal\/?page_id=9434"},"modified":"2025-05-07T18:23:27","modified_gmt":"2025-05-07T21:23:27","slug":"pedidos-de-prece","status":"publish","type":"page","link":"https:\/\/comunhaoespirita.org.br\/portal\/dae\/pedidos-de-prece\/","title":{"rendered":"Pedidos de Prece"},"content":{"rendered":"\t\t<div data-elementor-type=\"wp-page\" data-elementor-id=\"9434\" class=\"elementor elementor-9434\" data-elementor-post-type=\"page\">\n\t\t\t\t\t\t<section class=\"elementor-section elementor-top-section elementor-element elementor-element-a4e5a27 elementor-section-boxed elementor-section-height-default elementor-section-height-default\" data-id=\"a4e5a27\" data-element_type=\"section\" data-e-type=\"section\">\n\t\t\t\t\t\t<div class=\"elementor-container elementor-column-gap-default\">\n\t\t\t\t\t<div class=\"elementor-column elementor-col-100 elementor-top-column elementor-element elementor-element-a2fafa7\" data-id=\"a2fafa7\" data-element_type=\"column\" data-e-type=\"column\">\n\t\t\t<div class=\"elementor-widget-wrap elementor-element-populated\">\n\t\t\t\t\t\t<div class=\"elementor-element elementor-element-e54acf7 elementor-widget elementor-widget-heading\" data-id=\"e54acf7\" data-element_type=\"widget\" data-e-type=\"widget\" data-widget_type=\"heading.default\">\n\t\t\t\t<div class=\"elementor-widget-container\">\n\t\t\t\t\t<h2 class=\"elementor-heading-title elementor-size-default\">Pedidos de Prece<\/h2>\t\t\t\t<\/div>\n\t\t\t\t<\/div>\n\t\t\t\t\t<\/div>\n\t\t<\/div>\n\t\t\t\t\t<\/div>\n\t\t<\/section>\n\t\t\t\t<section class=\"elementor-section elementor-top-section elementor-element elementor-element-9c7b934 elementor-section-boxed elementor-section-height-default elementor-section-height-default\" data-id=\"9c7b934\" data-element_type=\"section\" data-e-type=\"section\">\n\t\t\t\t\t\t<div class=\"elementor-container elementor-column-gap-default\">\n\t\t\t\t\t<div class=\"elementor-column elementor-col-25 elementor-top-column elementor-element elementor-element-a4f69bb\" data-id=\"a4f69bb\" data-element_type=\"column\" data-e-type=\"column\">\n\t\t\t<div class=\"elementor-widget-wrap\">\n\t\t\t\t\t\t\t<\/div>\n\t\t<\/div>\n\t\t\t\t<div class=\"elementor-column elementor-col-50 elementor-top-column elementor-element elementor-element-e81fe3b\" data-id=\"e81fe3b\" data-element_type=\"column\" data-e-type=\"column\">\n\t\t\t<div class=\"elementor-widget-wrap elementor-element-populated\">\n\t\t\t\t\t\t<div class=\"elementor-element elementor-element-3278c09b elementor-widget elementor-widget-text-editor\" data-id=\"3278c09b\" data-element_type=\"widget\" data-e-type=\"widget\" data-widget_type=\"text-editor.default\">\n\t\t\t\t<div class=\"elementor-widget-container\">\n\t\t\t\t\t\t\t\t\t<p>\n<div class=\"wpcf7 no-js\" id=\"wpcf7-f9433-o1\" lang=\"pt-BR\" dir=\"ltr\" data-wpcf7-id=\"9433\">\n<div class=\"screen-reader-response\"><p role=\"status\" aria-live=\"polite\" aria-atomic=\"true\"><\/p> <ul><\/ul><\/div>\n<form action=\"\/portal\/wp-json\/wp\/v2\/pages\/9434#wpcf7-f9433-o1\" method=\"post\" class=\"wpcf7-form init\" aria-label=\"Formul\u00e1rios de contato\" novalidate=\"novalidate\" data-status=\"init\">\n<fieldset class=\"hidden-fields-container\"><input type=\"hidden\" name=\"_wpcf7\" value=\"9433\" \/><input type=\"hidden\" name=\"_wpcf7_version\" value=\"6.1.5\" \/><input type=\"hidden\" name=\"_wpcf7_locale\" value=\"pt_BR\" \/><input type=\"hidden\" name=\"_wpcf7_unit_tag\" value=\"wpcf7-f9433-o1\" \/><input type=\"hidden\" name=\"_wpcf7_container_post\" value=\"0\" \/><input type=\"hidden\" name=\"_wpcf7_posted_data_hash\" value=\"\" \/>\n<\/fieldset>\n<div id=\"two-column\">\n\t<div id=\"left\">\n\t\t<p><label><br \/>\nSeu nome<br \/>\n<span class=\"wpcf7-form-control-wrap\" data-name=\"your-name\"><input size=\"40\" maxlength=\"400\" class=\"wpcf7-form-control wpcf7-text wpcf7-validates-as-required\" aria-required=\"true\" aria-invalid=\"false\" value=\"\" type=\"text\" name=\"your-name\" \/><\/span><br \/>\n<\/label><br \/>\n<label><br \/>\nEndere\u00e7o<br \/>\n<span class=\"wpcf7-form-control-wrap\" data-name=\"your-endereco\"><input size=\"40\" maxlength=\"400\" class=\"wpcf7-form-control wpcf7-text\" aria-invalid=\"false\" value=\"\" type=\"text\" name=\"your-endereco\" \/><\/span><br \/>\n<\/label><br \/>\n<label><br \/>\nSeu e-mail<br \/>\n<span class=\"wpcf7-form-control-wrap\" data-name=\"your-email\"><input size=\"40\" maxlength=\"400\" class=\"wpcf7-form-control wpcf7-email wpcf7-validates-as-required wpcf7-text wpcf7-validates-as-email\" aria-required=\"true\" aria-invalid=\"false\" value=\"\" type=\"email\" name=\"your-email\" \/><\/span><br \/>\n<\/label>\n\t\t<\/p>\n\t<\/div>\n\t<div id=\"right\">\n\t\t<p><label style=\"width: 100%; height: 300px;\"><br \/>\nDescri\u00e7\u00e3o do Pedido<br \/>\n<span class=\"wpcf7-form-control-wrap\" data-name=\"your-message\"><textarea cols=\"40\" rows=\"10\" maxlength=\"2000\" class=\"wpcf7-form-control wpcf7-textarea wpcf7-validates-as-required\" aria-required=\"true\" aria-invalid=\"false\" name=\"your-message\"><\/textarea><\/span><br \/>\n<\/label>\n\t\t<\/p>\n\t<\/div>\n\t<p><label style=\"text-align: justify\"><br \/>\n<span class=\"wpcf7-form-control-wrap\" data-name=\"checkbox-46\"><span class=\"wpcf7-form-control wpcf7-checkbox wpcf7-validates-as-required\"><span class=\"wpcf7-list-item first last\"><label><input type=\"checkbox\" name=\"checkbox-46[]\" value=\"Autorizo o TRATAMENTO e o ARMAZENAMENTO dos dados acima para uso interno e restrito da Diretoria de Atendimento e Orienta\u00e7\u00e3o (DAO) e da Diretoria de Assist\u00eancia Espiritual (DAE) da COMUNH\u00c3O ESP\u00cdRITA DE BRAS\u00cdLIA para fins de cumprimento de suas finalidades estatut\u00e1rias (art. 5\u00ba, incisos XVII a XXI da CF; art. 53 a 61 CC; art. 4\u00ba e 40, II do Estatuto; e art. 24, II e III e 26, II e III do Regimento Interno). Trata-se da necessidade dos dados do Assistido para que a Comunh\u00e3o possa prestar orienta\u00e7\u00f5es sobre o tratamento espiritual \u00e0 dist\u00e2ncia e para localiza\u00e7\u00e3o do Assistido (Obra: Loucura e Obsess\u00e3o \/ pelo Esp\u00edrito Manoel Philomeno de Miranda; psicografado por Divaldo Pereira Franco. Cap\u00edtulo 14. Bras\u00edlia: FEB). Tempo de Armazenamento: 5 (cinco) semanas.\" \/><span class=\"wpcf7-list-item-label\">Autorizo o TRATAMENTO e o ARMAZENAMENTO dos dados acima para uso interno e restrito da Diretoria de Atendimento e Orienta\u00e7\u00e3o (DAO) e da Diretoria de Assist\u00eancia Espiritual (DAE) da COMUNH\u00c3O ESP\u00cdRITA DE BRAS\u00cdLIA para fins de cumprimento de suas finalidades estatut\u00e1rias (art. 5\u00ba, incisos XVII a XXI da CF; art. 53 a 61 CC; art. 4\u00ba e 40, II do Estatuto; e art. 24, II e III e 26, II e III do Regimento Interno). Trata-se da necessidade dos dados do Assistido para que a Comunh\u00e3o possa prestar orienta\u00e7\u00f5es sobre o tratamento espiritual \u00e0 dist\u00e2ncia e para localiza\u00e7\u00e3o do Assistido (Obra: Loucura e Obsess\u00e3o \/ pelo Esp\u00edrito Manoel Philomeno de Miranda; psicografado por Divaldo Pereira Franco. Cap\u00edtulo 14. Bras\u00edlia: FEB). Tempo de Armazenamento: 5 (cinco) semanas.<\/span><\/label><\/span><\/span><\/span><br \/>\n<\/label>\n\t<\/p>\n\t<p><input class=\"wpcf7-form-control wpcf7-submit has-spinner\" type=\"submit\" value=\"Enviar\" \/>\n\t<\/p>\n<\/div><div class=\"wpcf7-response-output\" aria-hidden=\"true\"><\/div>\n<\/form>\n<\/div>\n<\/p>\t\t\t\t\t\t\t\t<\/div>\n\t\t\t\t<\/div>\n\t\t\t\t\t<\/div>\n\t\t<\/div>\n\t\t\t\t<div class=\"elementor-column elementor-col-25 elementor-top-column elementor-element elementor-element-bcbfed6\" data-id=\"bcbfed6\" data-element_type=\"column\" data-e-type=\"column\">\n\t\t\t<div class=\"elementor-widget-wrap\">\n\t\t\t\t\t\t\t<\/div>\n\t\t<\/div>\n\t\t\t\t\t<\/div>\n\t\t<\/section>\n\t\t\t\t<section class=\"elementor-section elementor-top-section elementor-element elementor-element-67ec6228 elementor-section-boxed elementor-section-height-default elementor-section-height-default\" data-id=\"67ec6228\" data-element_type=\"section\" data-e-type=\"section\">\n\t\t\t\t\t\t<div class=\"elementor-container elementor-column-gap-default\">\n\t\t\t\t\t<div class=\"elementor-column elementor-col-100 elementor-top-column elementor-element elementor-element-1e9788c\" data-id=\"1e9788c\" data-element_type=\"column\" data-e-type=\"column\">\n\t\t\t<div class=\"elementor-widget-wrap\">\n\t\t\t\t\t\t\t<\/div>\n\t\t<\/div>\n\t\t\t\t\t<\/div>\n\t\t<\/section>\n\t\t\t\t<\/div>\n\t\t","protected":false},"excerpt":{"rendered":"<p>Pedidos de Prece<\/p>\n","protected":false},"author":2,"featured_media":0,"parent":7711,"menu_order":0,"comment_status":"closed","ping_status":"closed","template":"","meta":{"footnotes":""},"class_list":["post-9434","page","type-page","status-publish","hentry"],"jetpack_sharing_enabled":true,"_links":{"self":[{"href":"https:\/\/comunhaoespirita.org.br\/portal\/wp-json\/wp\/v2\/pages\/9434","targetHints":{"allow":["GET"]}}],"collection":[{"href":"https:\/\/comunhaoespirita.org.br\/portal\/wp-json\/wp\/v2\/pages"}],"about":[{"href":"https:\/\/comunhaoespirita.org.br\/portal\/wp-json\/wp\/v2\/types\/page"}],"author":[{"embeddable":true,"href":"https:\/\/comunhaoespirita.org.br\/portal\/wp-json\/wp\/v2\/users\/2"}],"replies":[{"embeddable":true,"href":"https:\/\/comunhaoespirita.org.br\/portal\/wp-json\/wp\/v2\/comments?post=9434"}],"version-history":[{"count":6,"href":"https:\/\/comunhaoespirita.org.br\/portal\/wp-json\/wp\/v2\/pages\/9434\/revisions"}],"predecessor-version":[{"id":27589,"href":"https:\/\/comunhaoespirita.org.br\/portal\/wp-json\/wp\/v2\/pages\/9434\/revisions\/27589"}],"up":[{"embeddable":true,"href":"https:\/\/comunhaoespirita.org.br\/portal\/wp-json\/wp\/v2\/pages\/7711"}],"wp:attachment":[{"href":"https:\/\/comunhaoespirita.org.br\/portal\/wp-json\/wp\/v2\/media?parent=9434"}],"curies":[{"name":"wp","href":"https:\/\/api.w.org\/{rel}","templated":true}]}}