{"id":9266,"date":"2021-07-25T10:57:03","date_gmt":"2021-07-25T13:57:03","guid":{"rendered":"https:\/\/comunhaoespirita.net\/portal\/?page_id=9266"},"modified":"2025-05-07T15:54:20","modified_gmt":"2025-05-07T18:54:20","slug":"aad","status":"publish","type":"page","link":"https:\/\/comunhaoespirita.org.br\/portal\/assessorias\/aad\/","title":{"rendered":"AAD"},"content":{"rendered":"\t\t<div data-elementor-type=\"wp-page\" data-elementor-id=\"9266\" class=\"elementor elementor-9266\" data-elementor-post-type=\"page\">\n\t\t\t\t\t\t<section class=\"elementor-section elementor-top-section elementor-element elementor-element-60ed956 elementor-section-boxed elementor-section-height-default elementor-section-height-default\" data-id=\"60ed956\" data-element_type=\"section\" data-e-type=\"section\">\n\t\t\t\t\t\t<div class=\"elementor-container elementor-column-gap-default\">\n\t\t\t\t\t<div class=\"elementor-column elementor-col-100 elementor-top-column elementor-element elementor-element-b5087b6\" data-id=\"b5087b6\" data-element_type=\"column\" data-e-type=\"column\">\n\t\t\t<div class=\"elementor-widget-wrap elementor-element-populated\">\n\t\t\t\t\t\t<div class=\"elementor-element elementor-element-0157734 elementor-widget elementor-widget-heading\" data-id=\"0157734\" data-element_type=\"widget\" data-e-type=\"widget\" data-widget_type=\"heading.default\">\n\t\t\t\t<div class=\"elementor-widget-container\">\n\t\t\t\t\t<h2 class=\"elementor-heading-title elementor-size-default\">AAD - Assessoria de Assuntos Doutrin\u00e1rios<\/h2>\t\t\t\t<\/div>\n\t\t\t\t<\/div>\n\t\t\t\t\t<\/div>\n\t\t<\/div>\n\t\t\t\t\t<\/div>\n\t\t<\/section>\n\t\t\t\t<section class=\"elementor-section elementor-top-section elementor-element elementor-element-0ff9cb1 elementor-section-boxed elementor-section-height-default elementor-section-height-default\" data-id=\"0ff9cb1\" data-element_type=\"section\" data-e-type=\"section\">\n\t\t\t\t\t\t<div class=\"elementor-container elementor-column-gap-extended\">\n\t\t\t\t\t<div class=\"elementor-column elementor-col-50 elementor-top-column elementor-element elementor-element-6e8482c\" data-id=\"6e8482c\" data-element_type=\"column\" data-e-type=\"column\">\n\t\t\t<div class=\"elementor-widget-wrap elementor-element-populated\">\n\t\t\t\t\t\t<div class=\"elementor-element elementor-element-01028b2 elementor-widget elementor-widget-text-editor\" data-id=\"01028b2\" data-element_type=\"widget\" data-e-type=\"widget\" data-widget_type=\"text-editor.default\">\n\t\t\t\t<div class=\"elementor-widget-container\">\n\t\t\t\t\t\t\t\t\t<p>A Assessoria Doutrin\u00e1ria da Comunh\u00e3o Esp\u00edrita \u00e9 um \u00f3rg\u00e3o de assessoramento ao titular da Presid\u00eancia da Casa, mediante o desenvolvimento de estudos, trabalhos e an\u00e1lises de assuntos relacionados \u00e0s compet\u00eancias do Presidente.<\/p>\t\t\t\t\t\t\t\t<\/div>\n\t\t\t\t<\/div>\n\t\t\t\t\t<\/div>\n\t\t<\/div>\n\t\t\t\t<div class=\"elementor-column elementor-col-50 elementor-top-column elementor-element elementor-element-9251ab0\" data-id=\"9251ab0\" data-element_type=\"column\" data-e-type=\"column\">\n\t\t\t<div class=\"elementor-widget-wrap elementor-element-populated\">\n\t\t\t\t\t\t<div class=\"elementor-element elementor-element-0fc2126 elementor-widget elementor-widget-text-editor\" data-id=\"0fc2126\" data-element_type=\"widget\" data-e-type=\"widget\" data-widget_type=\"text-editor.default\">\n\t\t\t\t<div class=\"elementor-widget-container\">\n\t\t\t\t\t\t\t\t\t<p>A Assessoria Doutrin\u00e1ria pode, em resposta \u00e0s demandas do Presidente, elaborar estudos pr\u00e9vios sobre a aplica\u00e7\u00e3o, o entendimento e o cumprimento de princ\u00edpios e postulados doutrin\u00e1rios do Espiritismo, no \u00e2mbito da Comunh\u00e3o, prestando informa\u00e7\u00f5es, notas t\u00e9cnicas e pareceres sobre assuntos encaminhados ao seu exame pelo titular do Conselho Diretor da Casa!<\/p>\t\t\t\t\t\t\t\t<\/div>\n\t\t\t\t<\/div>\n\t\t\t\t\t<\/div>\n\t\t<\/div>\n\t\t\t\t\t<\/div>\n\t\t<\/section>\n\t\t\t\t<\/div>\n\t\t","protected":false},"excerpt":{"rendered":"<p>AAD &#8211; Assessoria de Assuntos Doutrin\u00e1rios A Assessoria Doutrin\u00e1ria da Comunh\u00e3o Esp\u00edrita \u00e9 um \u00f3rg\u00e3o de assessoramento ao titular da Presid\u00eancia da Casa, mediante o desenvolvimento de estudos, trabalhos e [&hellip;]<\/p>\n","protected":false},"author":2,"featured_media":0,"parent":8010,"menu_order":0,"comment_status":"closed","ping_status":"closed","template":"","meta":{"footnotes":""},"class_list":["post-9266","page","type-page","status-publish","hentry"],"jetpack_sharing_enabled":true,"_links":{"self":[{"href":"https:\/\/comunhaoespirita.org.br\/portal\/wp-json\/wp\/v2\/pages\/9266","targetHints":{"allow":["GET"]}}],"collection":[{"href":"https:\/\/comunhaoespirita.org.br\/portal\/wp-json\/wp\/v2\/pages"}],"about":[{"href":"https:\/\/comunhaoespirita.org.br\/portal\/wp-json\/wp\/v2\/types\/page"}],"author":[{"embeddable":true,"href":"https:\/\/comunhaoespirita.org.br\/portal\/wp-json\/wp\/v2\/users\/2"}],"replies":[{"embeddable":true,"href":"https:\/\/comunhaoespirita.org.br\/portal\/wp-json\/wp\/v2\/comments?post=9266"}],"version-history":[{"count":12,"href":"https:\/\/comunhaoespirita.org.br\/portal\/wp-json\/wp\/v2\/pages\/9266\/revisions"}],"predecessor-version":[{"id":27512,"href":"https:\/\/comunhaoespirita.org.br\/portal\/wp-json\/wp\/v2\/pages\/9266\/revisions\/27512"}],"up":[{"embeddable":true,"href":"https:\/\/comunhaoespirita.org.br\/portal\/wp-json\/wp\/v2\/pages\/8010"}],"wp:attachment":[{"href":"https:\/\/comunhaoespirita.org.br\/portal\/wp-json\/wp\/v2\/media?parent=9266"}],"curies":[{"name":"wp","href":"https:\/\/api.w.org\/{rel}","templated":true}]}}