{"id":9264,"date":"2021-07-25T10:54:35","date_gmt":"2021-07-25T13:54:35","guid":{"rendered":"https:\/\/comunhaoespirita.net\/portal\/?page_id=9264"},"modified":"2025-05-06T17:09:52","modified_gmt":"2025-05-06T20:09:52","slug":"ati","status":"publish","type":"page","link":"https:\/\/comunhaoespirita.org.br\/portal\/assessorias\/ati\/","title":{"rendered":"ATI"},"content":{"rendered":"\t\t<div data-elementor-type=\"wp-page\" data-elementor-id=\"9264\" class=\"elementor elementor-9264\" data-elementor-post-type=\"page\">\n\t\t\t\t\t\t<section class=\"elementor-section elementor-top-section elementor-element elementor-element-ff883d9 elementor-section-boxed elementor-section-height-default elementor-section-height-default\" data-id=\"ff883d9\" data-element_type=\"section\" data-e-type=\"section\">\n\t\t\t\t\t\t<div class=\"elementor-container elementor-column-gap-default\">\n\t\t\t\t\t<div class=\"elementor-column elementor-col-100 elementor-top-column elementor-element elementor-element-27088cf\" data-id=\"27088cf\" data-element_type=\"column\" data-e-type=\"column\">\n\t\t\t<div class=\"elementor-widget-wrap elementor-element-populated\">\n\t\t\t\t\t\t<div class=\"elementor-element elementor-element-afb3adf elementor-widget elementor-widget-heading\" data-id=\"afb3adf\" data-element_type=\"widget\" data-e-type=\"widget\" data-widget_type=\"heading.default\">\n\t\t\t\t<div class=\"elementor-widget-container\">\n\t\t\t\t\t<h2 class=\"elementor-heading-title elementor-size-default\">ATI - Assessoria de Tecnologia da Informa\u00e7\u00e3o<\/h2>\t\t\t\t<\/div>\n\t\t\t\t<\/div>\n\t\t\t\t\t<\/div>\n\t\t<\/div>\n\t\t\t\t\t<\/div>\n\t\t<\/section>\n\t\t\t\t<section class=\"elementor-section elementor-top-section elementor-element elementor-element-4dc08d2 elementor-section-boxed elementor-section-height-default elementor-section-height-default\" data-id=\"4dc08d2\" data-element_type=\"section\" data-e-type=\"section\">\n\t\t\t\t\t\t<div class=\"elementor-container elementor-column-gap-default\">\n\t\t\t\t\t<div class=\"elementor-column elementor-col-25 elementor-top-column elementor-element elementor-element-fa94ba3\" data-id=\"fa94ba3\" data-element_type=\"column\" data-e-type=\"column\">\n\t\t\t<div class=\"elementor-widget-wrap\">\n\t\t\t\t\t\t\t<\/div>\n\t\t<\/div>\n\t\t\t\t<div class=\"elementor-column elementor-col-50 elementor-top-column elementor-element elementor-element-17e070a\" data-id=\"17e070a\" data-element_type=\"column\" data-e-type=\"column\">\n\t\t\t<div class=\"elementor-widget-wrap elementor-element-populated\">\n\t\t\t\t\t\t<div class=\"elementor-element elementor-element-e85a9a6 elementor-widget elementor-widget-text-editor\" data-id=\"e85a9a6\" data-element_type=\"widget\" data-e-type=\"widget\" data-widget_type=\"text-editor.default\">\n\t\t\t\t<div class=\"elementor-widget-container\">\n\t\t\t\t\t\t\t\t\t<p>A Assessoria de Tecnologia da Informa\u00e7\u00e3o (ATI) \u00e9 um setor diretamente vinculado \u00e0 Presid\u00eancia. Tem como finalidade principal desenvolver e gerenciar os recursos de Tecnologia da Informa\u00e7\u00e3o, garantindo a disponibilidade dos servi\u00e7os para toda a Comunh\u00e3o Esp\u00edrita de Bras\u00edlia em apoio na conquista de sua <a href=\"https:\/\/comunhaoespirita.org.br\/portal\/missao\/\">miss\u00e3o<\/a>.<\/p><p>Informa\u00e7\u00f5es:<\/p><p><strong>Assessor<\/strong>: Marco Antonio Mendes de Moraes<\/p><p><strong>Telefone<\/strong>: 61 3048-1829<\/p><p><strong>Celular<\/strong>\/Whatsapp: 61 99518-0234<\/p><p><strong>E-mail<\/strong>: <a href=\"mailto:ati@comunhaoespirita.com\">ati@comunhaoespirita.com<\/a><\/p><p><strong>Local<\/strong>: Salas 208\/209 na Comunh\u00e3o Esp\u00edrita de Bras\u00edlia<\/p>\t\t\t\t\t\t\t\t<\/div>\n\t\t\t\t<\/div>\n\t\t\t\t\t<\/div>\n\t\t<\/div>\n\t\t\t\t<div class=\"elementor-column elementor-col-25 elementor-top-column elementor-element elementor-element-00b1f6b\" data-id=\"00b1f6b\" data-element_type=\"column\" data-e-type=\"column\">\n\t\t\t<div class=\"elementor-widget-wrap\">\n\t\t\t\t\t\t\t<\/div>\n\t\t<\/div>\n\t\t\t\t\t<\/div>\n\t\t<\/section>\n\t\t\t\t<\/div>\n\t\t","protected":false},"excerpt":{"rendered":"<p>ATI &#8211; Assessoria de Tecnologia da Informa\u00e7\u00e3o A Assessoria de Tecnologia da Informa\u00e7\u00e3o (ATI) \u00e9 um setor diretamente vinculado \u00e0 Presid\u00eancia. Tem como finalidade principal desenvolver e gerenciar os recursos [&hellip;]<\/p>\n","protected":false},"author":2,"featured_media":0,"parent":8010,"menu_order":0,"comment_status":"closed","ping_status":"closed","template":"","meta":{"footnotes":""},"class_list":["post-9264","page","type-page","status-publish","hentry"],"jetpack_sharing_enabled":true,"_links":{"self":[{"href":"https:\/\/comunhaoespirita.org.br\/portal\/wp-json\/wp\/v2\/pages\/9264","targetHints":{"allow":["GET"]}}],"collection":[{"href":"https:\/\/comunhaoespirita.org.br\/portal\/wp-json\/wp\/v2\/pages"}],"about":[{"href":"https:\/\/comunhaoespirita.org.br\/portal\/wp-json\/wp\/v2\/types\/page"}],"author":[{"embeddable":true,"href":"https:\/\/comunhaoespirita.org.br\/portal\/wp-json\/wp\/v2\/users\/2"}],"replies":[{"embeddable":true,"href":"https:\/\/comunhaoespirita.org.br\/portal\/wp-json\/wp\/v2\/comments?post=9264"}],"version-history":[{"count":13,"href":"https:\/\/comunhaoespirita.org.br\/portal\/wp-json\/wp\/v2\/pages\/9264\/revisions"}],"predecessor-version":[{"id":27437,"href":"https:\/\/comunhaoespirita.org.br\/portal\/wp-json\/wp\/v2\/pages\/9264\/revisions\/27437"}],"up":[{"embeddable":true,"href":"https:\/\/comunhaoespirita.org.br\/portal\/wp-json\/wp\/v2\/pages\/8010"}],"wp:attachment":[{"href":"https:\/\/comunhaoespirita.org.br\/portal\/wp-json\/wp\/v2\/media?parent=9264"}],"curies":[{"name":"wp","href":"https:\/\/api.w.org\/{rel}","templated":true}]}}