{"id":7887,"date":"2021-06-23T08:05:19","date_gmt":"2021-06-23T11:05:19","guid":{"rendered":"https:\/\/comunhaoespirita.net\/portal\/?page_id=7887"},"modified":"2025-05-08T13:18:40","modified_gmt":"2025-05-08T16:18:40","slug":"palestras","status":"publish","type":"page","link":"https:\/\/comunhaoespirita.org.br\/portal\/palestras\/","title":{"rendered":"Palestras"},"content":{"rendered":"\t\t<div data-elementor-type=\"wp-page\" data-elementor-id=\"7887\" class=\"elementor elementor-7887\" data-elementor-post-type=\"page\">\n\t\t\t\t\t\t<section class=\"elementor-section elementor-top-section elementor-element elementor-element-84b7a37 elementor-section-boxed elementor-section-height-default elementor-section-height-default\" data-id=\"84b7a37\" data-element_type=\"section\" data-e-type=\"section\">\n\t\t\t\t\t\t<div class=\"elementor-container elementor-column-gap-default\">\n\t\t\t\t\t<div class=\"elementor-column elementor-col-100 elementor-top-column elementor-element elementor-element-649260d\" data-id=\"649260d\" data-element_type=\"column\" data-e-type=\"column\">\n\t\t\t<div class=\"elementor-widget-wrap elementor-element-populated\">\n\t\t\t\t\t\t<div class=\"elementor-element elementor-element-e8c363a elementor-widget elementor-widget-heading\" data-id=\"e8c363a\" data-element_type=\"widget\" data-e-type=\"widget\" data-widget_type=\"heading.default\">\n\t\t\t\t<div class=\"elementor-widget-container\">\n\t\t\t\t\t<h2 class=\"elementor-heading-title elementor-size-default\">Palestras<\/h2>\t\t\t\t<\/div>\n\t\t\t\t<\/div>\n\t\t\t\t\t<\/div>\n\t\t<\/div>\n\t\t\t\t\t<\/div>\n\t\t<\/section>\n\t\t\t\t<section class=\"elementor-section elementor-top-section elementor-element elementor-element-b1aa0e7 elementor-section-boxed elementor-section-height-default elementor-section-height-default\" data-id=\"b1aa0e7\" data-element_type=\"section\" data-e-type=\"section\">\n\t\t\t\t\t\t<div class=\"elementor-container elementor-column-gap-default\">\n\t\t\t\t\t<div class=\"elementor-column elementor-col-16 elementor-top-column elementor-element elementor-element-cb851d2\" data-id=\"cb851d2\" data-element_type=\"column\" data-e-type=\"column\">\n\t\t\t<div class=\"elementor-widget-wrap\">\n\t\t\t\t\t\t\t<\/div>\n\t\t<\/div>\n\t\t\t\t<div class=\"elementor-column elementor-col-66 elementor-top-column elementor-element elementor-element-8ed6986\" data-id=\"8ed6986\" data-element_type=\"column\" data-e-type=\"column\">\n\t\t\t<div class=\"elementor-widget-wrap elementor-element-populated\">\n\t\t\t\t\t\t<div class=\"elementor-element elementor-element-193dff61 elementor-widget elementor-widget-text-editor\" data-id=\"193dff61\" data-element_type=\"widget\" data-e-type=\"widget\" data-widget_type=\"text-editor.default\">\n\t\t\t\t<div class=\"elementor-widget-container\">\n\t\t\t\t\t\t\t\t\t<p>A palestra \u00e9 uma das ferramentas que propiciam a manuten\u00e7\u00e3o de nosso equil\u00edbrio e desenvolvimento, seja no campo moral, espiritual ou intelectual.<\/p><p>Jesus j\u00e1 nos disse: \u201cConhecereis a verdade, e a verdade vos libertar\u00e1\u201d (Jo\u00e3o 8:32).<\/p><p>Durante as palestras, uma vez que temos os pensamentos voltados para os ensinamentos clarificadores da doutrina, encontrando-nos mais receptivos espiritual e mentalmente, os bons Esp\u00edritos conseguem aproximar-se mais facilmente devido \u00e0 mudan\u00e7a tempor\u00e1ria em nossos campos mentais.<\/p><p>Essa sintonia, que auxilia na modifica\u00e7\u00e3o de nossos campos mentais, juntamente com o sil\u00eancio, a prece e o recolhimento interior s\u00e3o ambientes oportunos para a atua\u00e7\u00e3o dos bons Esp\u00edritos.<\/p><p>As palestras ir\u00e3o nos auxiliar a refletir sobre a necessidade de nossa transforma\u00e7\u00e3o interior para nos tornarmos a melhor vers\u00e3o de n\u00f3s mesmos nessa exist\u00eancia.<\/p>\t\t\t\t\t\t\t\t<\/div>\n\t\t\t\t<\/div>\n\t\t\t\t<div class=\"elementor-element elementor-element-8110c4e elementor-align-center elementor-widget elementor-widget-button\" data-id=\"8110c4e\" data-element_type=\"widget\" data-e-type=\"widget\" data-widget_type=\"button.default\">\n\t\t\t\t<div class=\"elementor-widget-container\">\n\t\t\t\t\t\t\t\t\t<div class=\"elementor-button-wrapper\">\n\t\t\t\t\t<a class=\"elementor-button elementor-button-link elementor-size-sm\" href=\"https:\/\/comunhaoespirita.org.br\/portal\/palestras-eventos\/\">\n\t\t\t\t\t\t<span class=\"elementor-button-content-wrapper\">\n\t\t\t\t\t\t\t\t\t<span class=\"elementor-button-text\">Acesse<\/span>\n\t\t\t\t\t<\/span>\n\t\t\t\t\t<\/a>\n\t\t\t\t<\/div>\n\t\t\t\t\t\t\t\t<\/div>\n\t\t\t\t<\/div>\n\t\t\t\t\t<\/div>\n\t\t<\/div>\n\t\t\t\t<div class=\"elementor-column elementor-col-16 elementor-top-column elementor-element elementor-element-64a4834\" data-id=\"64a4834\" data-element_type=\"column\" data-e-type=\"column\">\n\t\t\t<div class=\"elementor-widget-wrap\">\n\t\t\t\t\t\t\t<\/div>\n\t\t<\/div>\n\t\t\t\t\t<\/div>\n\t\t<\/section>\n\t\t\t\t<section class=\"elementor-section elementor-top-section elementor-element elementor-element-34cef628 elementor-section-boxed elementor-section-height-default elementor-section-height-default\" data-id=\"34cef628\" data-element_type=\"section\" data-e-type=\"section\">\n\t\t\t\t\t\t<div class=\"elementor-container elementor-column-gap-default\">\n\t\t\t\t\t<div class=\"elementor-column elementor-col-100 elementor-top-column elementor-element elementor-element-303d1734\" data-id=\"303d1734\" data-element_type=\"column\" data-e-type=\"column\">\n\t\t\t<div class=\"elementor-widget-wrap\">\n\t\t\t\t\t\t\t<\/div>\n\t\t<\/div>\n\t\t\t\t\t<\/div>\n\t\t<\/section>\n\t\t\t\t<\/div>\n\t\t","protected":false},"excerpt":{"rendered":"<p>Palestras A palestra \u00e9 uma das ferramentas que propiciam a manuten\u00e7\u00e3o de nosso equil\u00edbrio e desenvolvimento, seja no campo moral, espiritual ou intelectual. Jesus j\u00e1 nos disse: \u201cConhecereis a verdade, [&hellip;]<\/p>\n","protected":false},"author":2,"featured_media":0,"parent":0,"menu_order":0,"comment_status":"closed","ping_status":"closed","template":"","meta":{"footnotes":""},"class_list":["post-7887","page","type-page","status-publish","hentry"],"jetpack_sharing_enabled":true,"_links":{"self":[{"href":"https:\/\/comunhaoespirita.org.br\/portal\/wp-json\/wp\/v2\/pages\/7887","targetHints":{"allow":["GET"]}}],"collection":[{"href":"https:\/\/comunhaoespirita.org.br\/portal\/wp-json\/wp\/v2\/pages"}],"about":[{"href":"https:\/\/comunhaoespirita.org.br\/portal\/wp-json\/wp\/v2\/types\/page"}],"author":[{"embeddable":true,"href":"https:\/\/comunhaoespirita.org.br\/portal\/wp-json\/wp\/v2\/users\/2"}],"replies":[{"embeddable":true,"href":"https:\/\/comunhaoespirita.org.br\/portal\/wp-json\/wp\/v2\/comments?post=7887"}],"version-history":[{"count":7,"href":"https:\/\/comunhaoespirita.org.br\/portal\/wp-json\/wp\/v2\/pages\/7887\/revisions"}],"predecessor-version":[{"id":27613,"href":"https:\/\/comunhaoespirita.org.br\/portal\/wp-json\/wp\/v2\/pages\/7887\/revisions\/27613"}],"wp:attachment":[{"href":"https:\/\/comunhaoespirita.org.br\/portal\/wp-json\/wp\/v2\/media?parent=7887"}],"curies":[{"name":"wp","href":"https:\/\/api.w.org\/{rel}","templated":true}]}}