{"id":7715,"date":"2021-06-22T13:11:53","date_gmt":"2021-06-22T16:11:53","guid":{"rendered":"https:\/\/comunhaoespirita.net\/portal\/?page_id=7715"},"modified":"2025-11-26T20:52:12","modified_gmt":"2025-11-26T23:52:12","slug":"promocao-social","status":"publish","type":"page","link":"https:\/\/comunhaoespirita.org.br\/portal\/dps\/promocao-social\/","title":{"rendered":"Promo\u00e7\u00e3o Social"},"content":{"rendered":"\t\t<div data-elementor-type=\"wp-page\" data-elementor-id=\"7715\" class=\"elementor elementor-7715\" data-elementor-post-type=\"page\">\n\t\t\t\t\t\t<section class=\"elementor-section elementor-top-section elementor-element elementor-element-3089b63 elementor-section-boxed elementor-section-height-default elementor-section-height-default\" data-id=\"3089b63\" data-element_type=\"section\" data-e-type=\"section\">\n\t\t\t\t\t\t<div class=\"elementor-container elementor-column-gap-default\">\n\t\t\t\t\t<div class=\"elementor-column elementor-col-100 elementor-top-column elementor-element elementor-element-ee5ef9c\" data-id=\"ee5ef9c\" data-element_type=\"column\" data-e-type=\"column\">\n\t\t\t<div class=\"elementor-widget-wrap elementor-element-populated\">\n\t\t\t\t\t\t<div class=\"elementor-element elementor-element-f3fdf13 elementor-widget elementor-widget-heading\" data-id=\"f3fdf13\" data-element_type=\"widget\" data-e-type=\"widget\" data-widget_type=\"heading.default\">\n\t\t\t\t<div class=\"elementor-widget-container\">\n\t\t\t\t\t<h2 class=\"elementor-heading-title elementor-size-default\">Promo\u00e7\u00e3o Social<\/h2>\t\t\t\t<\/div>\n\t\t\t\t<\/div>\n\t\t\t\t\t<\/div>\n\t\t<\/div>\n\t\t\t\t\t<\/div>\n\t\t<\/section>\n\t\t\t\t<section class=\"elementor-section elementor-top-section elementor-element elementor-element-d3c316e elementor-section-boxed elementor-section-height-default elementor-section-height-default\" data-id=\"d3c316e\" data-element_type=\"section\" data-e-type=\"section\">\n\t\t\t\t\t\t<div class=\"elementor-container elementor-column-gap-default\">\n\t\t\t\t\t<div class=\"elementor-column elementor-col-16 elementor-top-column elementor-element elementor-element-f9cef7b\" data-id=\"f9cef7b\" data-element_type=\"column\" data-e-type=\"column\">\n\t\t\t<div class=\"elementor-widget-wrap\">\n\t\t\t\t\t\t\t<\/div>\n\t\t<\/div>\n\t\t\t\t<div class=\"elementor-column elementor-col-66 elementor-top-column elementor-element elementor-element-8d35025\" data-id=\"8d35025\" data-element_type=\"column\" data-e-type=\"column\">\n\t\t\t<div class=\"elementor-widget-wrap elementor-element-populated\">\n\t\t\t\t\t\t<div class=\"elementor-element elementor-element-a9c1c71 elementor-widget elementor-widget-text-editor\" data-id=\"a9c1c71\" data-element_type=\"widget\" data-e-type=\"widget\" data-widget_type=\"text-editor.default\">\n\t\t\t\t<div class=\"elementor-widget-container\">\n\t\t\t\t\t\t\t\t\t<p><span style=\"font-weight: 400;\">Acolher, amparar, assistir e promover, de forma planejada e sistem\u00e1tica, gestantes, crian\u00e7as, jovens, idosos, detentos, usu\u00e1rios de subst\u00e2ncias qu\u00edmicas, enfermos e fam\u00edlias em situa\u00e7\u00e3o de vulnerabilidade social, dentro das suas possibilidades.\u00a0<\/span><\/p><p><span style=\"font-weight: 400;\">Central de Volunt\u00e1rios, Atendimento \u00e0s Fam\u00edlias em Vulnerabilidade. Visita a Pres\u00eddios, Artesanato, Corte e Costura, Cursos de Capacita\u00e7\u00e3o Profissional, Atendimento \u00e0s Gestantes, Sopa Fraterna, Contadores de Est\u00f3rias, Nosso Lar, Villa Crist\u00e3, Biblioteca Canguru.<\/span><\/p><h3>Central de Volunt\u00e1rios: a hist\u00f3ria de uma ponte<\/h3><p><span style=\"font-weight: 400;\">\u00c9 imprescind\u00edvel que estejamos aptos a dinamizar o amor e, com as nossas mentes voltadas ao <\/span><span style=\"font-weight: 400;\">Criador, caminhemos, passo a passo, em busca de um mundo melhor.<\/span><\/p><p><span style=\"font-weight: 400;\">A Central de Volunt\u00e1rios reflete a trajet\u00f3ria da Comunh\u00e3o Esp\u00edrita. Assim como a Casa, surgiu da iniciativa de um grupo de pessoas comprometidas e com o objetivo de colocar em pr\u00e1tica os ensinamentos do Espiritismo.\u00a0<\/span><\/p><p><span style=\"font-weight: 400;\">Seis alunos do Estudo Sistematizado, de um total de trinta, aceitaram o convite para conhecer o trabalho volunt\u00e1rio, transformando a organiza\u00e7\u00e3o das atividades assistenciais da Comunh\u00e3o e ampliando o alcance das suas a\u00e7\u00f5es.<\/span><\/p><p><span style=\"font-weight: 400;\">E foram esses jovens que planejaram a cria\u00e7\u00e3o de um servi\u00e7o que conectasse trabalhos e trabalhadores, no \u00e2mbito da Comunh\u00e3o. Ap\u00f3s muito esfor\u00e7o e diversas idas e vindas do projeto, a Central de Volunt\u00e1rios come\u00e7ou a funcionar no in\u00edcio do ano de 2010, sob a dire\u00e7\u00e3o de dois dos seis alunos que compunham a equipe inicial do projeto.\u00a0<\/span><\/p><p><span style=\"font-weight: 400;\">Ao longo de uma d\u00e9cada, o fluxo de trabalho na Central foi se adaptando e aperfei\u00e7oando. Hoje, est\u00e3o disponibilizadas 46 oportunidades de trabalho volunt\u00e1rio, que abrangem confec\u00e7\u00e3o de enxoval de beb\u00eas, distribui\u00e7\u00e3o de sopa nas ruas, visitas a pessoas privadas de liberdade, aux\u00edlio a fam\u00edlias e visitas a lares que abrigam crian\u00e7as, idosos e enfermos de todos os tipos.<\/span><\/p><p><span style=\"font-weight: 400;\">A Central de Volunt\u00e1rios tornou-se uma ponte entre necessidades e necessitados, entre os que precisam trabalhar e os que se beneficiam desse trabalho. Uma proposta que teve in\u00edcio com apenas seis volunt\u00e1rios cadastrados conta, hoje, com mais de 3.600.<\/span><\/p><p><span style=\"font-weight: 400;\">Uma das li\u00e7\u00f5es aprendidas pelos volunt\u00e1rios que passam por l\u00e1 \u00e9 que &#8220;fora da caridade n\u00e3o h\u00e1 salva\u00e7\u00e3o&#8221;, mas &#8220;sem a m\u00e3o na massa, n\u00e3o h\u00e1 caridade&#8221;. Simples assim.<\/span><\/p><p><span style=\"font-weight: 400;\">Para informa\u00e7\u00f5es mais detalhadas acesse a p\u00e1gina da Diretoria Promo\u00e7\u00e3o Social \u2013 DPS:<\/span><\/p>\t\t\t\t\t\t\t\t<\/div>\n\t\t\t\t<\/div>\n\t\t\t\t<div class=\"elementor-element elementor-element-a159729 elementor-align-center elementor-widget elementor-widget-button\" data-id=\"a159729\" data-element_type=\"widget\" data-e-type=\"widget\" data-widget_type=\"button.default\">\n\t\t\t\t<div class=\"elementor-widget-container\">\n\t\t\t\t\t\t\t\t\t<div class=\"elementor-button-wrapper\">\n\t\t\t\t\t<a class=\"elementor-button elementor-button-link elementor-size-sm\" href=\"https:\/\/comunhaoespirita.org.br\/dps-comunhao\">\n\t\t\t\t\t\t<span class=\"elementor-button-content-wrapper\">\n\t\t\t\t\t\t\t\t\t<span class=\"elementor-button-text\">Acesse<\/span>\n\t\t\t\t\t<\/span>\n\t\t\t\t\t<\/a>\n\t\t\t\t<\/div>\n\t\t\t\t\t\t\t\t<\/div>\n\t\t\t\t<\/div>\n\t\t\t\t\t<\/div>\n\t\t<\/div>\n\t\t\t\t<div class=\"elementor-column elementor-col-16 elementor-top-column elementor-element elementor-element-bd4dbca\" data-id=\"bd4dbca\" data-element_type=\"column\" data-e-type=\"column\">\n\t\t\t<div class=\"elementor-widget-wrap\">\n\t\t\t\t\t\t\t<\/div>\n\t\t<\/div>\n\t\t\t\t\t<\/div>\n\t\t<\/section>\n\t\t\t\t<section class=\"elementor-section elementor-top-section elementor-element elementor-element-129f4fcc elementor-section-boxed elementor-section-height-default elementor-section-height-default\" data-id=\"129f4fcc\" data-element_type=\"section\" data-e-type=\"section\">\n\t\t\t\t\t\t<div class=\"elementor-container elementor-column-gap-default\">\n\t\t\t\t\t<div class=\"elementor-column elementor-col-100 elementor-top-column elementor-element elementor-element-682a591b\" data-id=\"682a591b\" data-element_type=\"column\" data-e-type=\"column\">\n\t\t\t<div class=\"elementor-widget-wrap\">\n\t\t\t\t\t\t\t<\/div>\n\t\t<\/div>\n\t\t\t\t\t<\/div>\n\t\t<\/section>\n\t\t\t\t<\/div>\n\t\t","protected":false},"excerpt":{"rendered":"<p>Promo\u00e7\u00e3o Social Acolher, amparar, assistir e promover, de forma planejada e sistem\u00e1tica, gestantes, crian\u00e7as, jovens, idosos, detentos, usu\u00e1rios de subst\u00e2ncias qu\u00edmicas, enfermos e fam\u00edlias em situa\u00e7\u00e3o de vulnerabilidade social, dentro [&hellip;]<\/p>\n","protected":false},"author":2,"featured_media":0,"parent":7716,"menu_order":0,"comment_status":"closed","ping_status":"closed","template":"","meta":{"footnotes":""},"class_list":["post-7715","page","type-page","status-publish","hentry"],"jetpack_sharing_enabled":true,"_links":{"self":[{"href":"https:\/\/comunhaoespirita.org.br\/portal\/wp-json\/wp\/v2\/pages\/7715","targetHints":{"allow":["GET"]}}],"collection":[{"href":"https:\/\/comunhaoespirita.org.br\/portal\/wp-json\/wp\/v2\/pages"}],"about":[{"href":"https:\/\/comunhaoespirita.org.br\/portal\/wp-json\/wp\/v2\/types\/page"}],"author":[{"embeddable":true,"href":"https:\/\/comunhaoespirita.org.br\/portal\/wp-json\/wp\/v2\/users\/2"}],"replies":[{"embeddable":true,"href":"https:\/\/comunhaoespirita.org.br\/portal\/wp-json\/wp\/v2\/comments?post=7715"}],"version-history":[{"count":9,"href":"https:\/\/comunhaoespirita.org.br\/portal\/wp-json\/wp\/v2\/pages\/7715\/revisions"}],"predecessor-version":[{"id":33415,"href":"https:\/\/comunhaoespirita.org.br\/portal\/wp-json\/wp\/v2\/pages\/7715\/revisions\/33415"}],"up":[{"embeddable":true,"href":"https:\/\/comunhaoespirita.org.br\/portal\/wp-json\/wp\/v2\/pages\/7716"}],"wp:attachment":[{"href":"https:\/\/comunhaoespirita.org.br\/portal\/wp-json\/wp\/v2\/media?parent=7715"}],"curies":[{"name":"wp","href":"https:\/\/api.w.org\/{rel}","templated":true}]}}