{"id":7710,"date":"2021-06-22T13:04:57","date_gmt":"2021-06-22T16:04:57","guid":{"rendered":"https:\/\/comunhaoespirita.net\/portal\/?page_id=7710"},"modified":"2025-05-07T18:19:10","modified_gmt":"2025-05-07T21:19:10","slug":"atendimento-espiritual","status":"publish","type":"page","link":"https:\/\/comunhaoespirita.org.br\/portal\/dae\/atendimento-espiritual\/","title":{"rendered":"Atendimento Espiritual"},"content":{"rendered":"\t\t<div data-elementor-type=\"wp-page\" data-elementor-id=\"7710\" class=\"elementor elementor-7710\" data-elementor-post-type=\"page\">\n\t\t\t\t\t\t<section class=\"elementor-section elementor-top-section elementor-element elementor-element-99917a7 elementor-section-boxed elementor-section-height-default elementor-section-height-default\" data-id=\"99917a7\" data-element_type=\"section\" data-e-type=\"section\">\n\t\t\t\t\t\t<div class=\"elementor-container elementor-column-gap-default\">\n\t\t\t\t\t<div class=\"elementor-column elementor-col-100 elementor-top-column elementor-element elementor-element-eec5f0e\" data-id=\"eec5f0e\" data-element_type=\"column\" data-e-type=\"column\">\n\t\t\t<div class=\"elementor-widget-wrap elementor-element-populated\">\n\t\t\t\t\t\t<div class=\"elementor-element elementor-element-7557b62 elementor-widget elementor-widget-heading\" data-id=\"7557b62\" data-element_type=\"widget\" data-e-type=\"widget\" data-widget_type=\"heading.default\">\n\t\t\t\t<div class=\"elementor-widget-container\">\n\t\t\t\t\t<h2 class=\"elementor-heading-title elementor-size-default\">Atendimento Espiritual<\/h2>\t\t\t\t<\/div>\n\t\t\t\t<\/div>\n\t\t\t\t\t<\/div>\n\t\t<\/div>\n\t\t\t\t\t<\/div>\n\t\t<\/section>\n\t\t\t\t<section class=\"elementor-section elementor-top-section elementor-element elementor-element-2d1bc42 elementor-section-boxed elementor-section-height-default elementor-section-height-default\" data-id=\"2d1bc42\" data-element_type=\"section\" data-e-type=\"section\">\n\t\t\t\t\t\t<div class=\"elementor-container elementor-column-gap-wider\">\n\t\t\t\t\t<div class=\"elementor-column elementor-col-50 elementor-top-column elementor-element elementor-element-faed334\" data-id=\"faed334\" data-element_type=\"column\" data-e-type=\"column\">\n\t\t\t<div class=\"elementor-widget-wrap elementor-element-populated\">\n\t\t\t\t\t\t<div class=\"elementor-element elementor-element-2368a20 elementor-widget elementor-widget-text-editor\" data-id=\"2368a20\" data-element_type=\"widget\" data-e-type=\"widget\" data-widget_type=\"text-editor.default\">\n\t\t\t\t<div class=\"elementor-widget-container\">\n\t\t\t\t\t\t\t\t\t<p><span style=\"font-weight: 400;\">Prestar o atendimento espiritual aos irm\u00e3os encarnados, atrav\u00e9s da fluidoterapia, e aos irm\u00e3os desencarnados, pela pr\u00e1tica do interc\u00e2mbio medi\u00fanico, em grupos espec\u00edficos, al\u00e9m de desenvolver a atividade de educa\u00e7\u00e3o da mediunidade.\u00a0<\/span><\/p><h3>Interc\u00e2mbio Espiritual<\/h3><p><span style=\"font-weight: 400;\">De todos os princ\u00edpios da Doutrina Esp\u00edrita, no seu contexto pr\u00e1tico, cabe a Diretoria de Assist\u00eancia Espiritual \u2013 DAE a lida di\u00e1ria com a Comunicabilidade dos Esp\u00edritos.<\/span><\/p><p><span style=\"font-weight: 400;\">Desde o in\u00edcio de nossa Casa esta tarefa se fez sempre presente dando-nos orienta\u00e7\u00f5es seguras para a tarefa a ser executada ao longo do tempo.<\/span><\/p><p><span style=\"font-weight: 400;\">No come\u00e7o eram poucos tarefeiros e ao passar dos anos s\u00e3o, hoje, milhares de seareiros com diversas habilidades medi\u00fanicas em v\u00e1rias frentes de trabalho- da desobsess\u00e3o \u00e0 educa\u00e7\u00e3o da mediunidade, dos passes de harmoniza\u00e7\u00e3o e o tratamento desobsessivo aos de restabelecimento da sa\u00fade integral do ser humano, abertos ao p\u00fablico, possibilitando cada um, em seu prop\u00f3sito espec\u00edfico, a Comunica\u00e7\u00e3o dos Esp\u00edritos.<\/span><\/p><p><span style=\"font-weight: 400;\">O interc\u00e2mbio medi\u00fanico \u00e9 realizado atrav\u00e9s dos intermedi\u00e1rios entre os dois mundos, os M\u00e9diuns. A tarefa exige de cada trabalhador muito estudo, disciplina espartana e perseveran\u00e7a inamov\u00edvel. Em contrapartida, recebemos dos Esp\u00edritos Superiores, nossos instrutores da literatura Esp\u00edrita, o c\u00e2ntico harmonioso que sustenta a vida di\u00e1ria, enquanto laboramos na Seara de Jesus em um aben\u00e7oado atendimento fraterno a irm\u00e3os desencarnados, necessitados de caridade, benevol\u00eancia e amor.<\/span><\/p><p><span style=\"font-weight: 400;\">Os trabalhadores da DAE, sabedores de que o essencial e fundamental advir\u00e1, sempre, das inspira\u00e7\u00f5es s\u00e1bias e prof\u00edcuas dos Mentores e dos seus esfor\u00e7os de renova\u00e7\u00e3o interior.<\/span><\/p><p><span style=\"font-weight: 400;\">Para informa\u00e7\u00f5es mais detalhadas, acesse a p\u00e1gina da Diretoria de Assist\u00eancia Espiritual \u2013 DAE:<\/span><\/p>\t\t\t\t\t\t\t\t<\/div>\n\t\t\t\t<\/div>\n\t\t\t\t<div class=\"elementor-element elementor-element-9f59d9d elementor-align-center elementor-widget elementor-widget-button\" data-id=\"9f59d9d\" data-element_type=\"widget\" data-e-type=\"widget\" data-widget_type=\"button.default\">\n\t\t\t\t<div class=\"elementor-widget-container\">\n\t\t\t\t\t\t\t\t\t<div class=\"elementor-button-wrapper\">\n\t\t\t\t\t<a class=\"elementor-button elementor-button-link elementor-size-sm\" href=\"https:\/\/comunhaoespirita.org.br\/portal\/dae\/\">\n\t\t\t\t\t\t<span class=\"elementor-button-content-wrapper\">\n\t\t\t\t\t\t\t\t\t<span class=\"elementor-button-text\">Acesse<\/span>\n\t\t\t\t\t<\/span>\n\t\t\t\t\t<\/a>\n\t\t\t\t<\/div>\n\t\t\t\t\t\t\t\t<\/div>\n\t\t\t\t<\/div>\n\t\t\t\t\t<\/div>\n\t\t<\/div>\n\t\t\t\t<div class=\"elementor-column elementor-col-50 elementor-top-column elementor-element elementor-element-d42883f\" data-id=\"d42883f\" data-element_type=\"column\" data-e-type=\"column\">\n\t\t\t<div class=\"elementor-widget-wrap elementor-element-populated\">\n\t\t\t\t\t\t<div class=\"elementor-element elementor-element-4793de6a elementor-widget elementor-widget-text-editor\" data-id=\"4793de6a\" data-element_type=\"widget\" data-e-type=\"widget\" data-widget_type=\"text-editor.default\">\n\t\t\t\t<div class=\"elementor-widget-container\">\n\t\t\t\t\t\t\t\t\t<h3>Pedidos de Prece<\/h3><p>Clique no bot\u00e3o abaixo para ir direto para o formul\u00e1rio de Pedidos de Prece:<\/p>\t\t\t\t\t\t\t\t<\/div>\n\t\t\t\t<\/div>\n\t\t\t\t<div class=\"elementor-element elementor-element-82f040d elementor-align-center elementor-widget elementor-widget-button\" data-id=\"82f040d\" data-element_type=\"widget\" data-e-type=\"widget\" data-widget_type=\"button.default\">\n\t\t\t\t<div class=\"elementor-widget-container\">\n\t\t\t\t\t\t\t\t\t<div class=\"elementor-button-wrapper\">\n\t\t\t\t\t<a class=\"elementor-button elementor-button-link elementor-size-sm\" href=\"https:\/\/comunhaoespirita.org.br\/portal\/dae\/pedidos-de-prece\/\">\n\t\t\t\t\t\t<span class=\"elementor-button-content-wrapper\">\n\t\t\t\t\t\t\t\t\t<span class=\"elementor-button-text\">Clique aqui<\/span>\n\t\t\t\t\t<\/span>\n\t\t\t\t\t<\/a>\n\t\t\t\t<\/div>\n\t\t\t\t\t\t\t\t<\/div>\n\t\t\t\t<\/div>\n\t\t\t\t\t<\/div>\n\t\t<\/div>\n\t\t\t\t\t<\/div>\n\t\t<\/section>\n\t\t\t\t<\/div>\n\t\t","protected":false},"excerpt":{"rendered":"<p>Atendimento Espiritual Prestar o atendimento espiritual aos irm\u00e3os encarnados, atrav\u00e9s da fluidoterapia, e aos irm\u00e3os desencarnados, pela pr\u00e1tica do interc\u00e2mbio medi\u00fanico, em grupos espec\u00edficos, al\u00e9m de desenvolver a atividade de [&hellip;]<\/p>\n","protected":false},"author":2,"featured_media":0,"parent":7711,"menu_order":0,"comment_status":"closed","ping_status":"closed","template":"","meta":{"footnotes":""},"class_list":["post-7710","page","type-page","status-publish","hentry"],"jetpack_sharing_enabled":true,"_links":{"self":[{"href":"https:\/\/comunhaoespirita.org.br\/portal\/wp-json\/wp\/v2\/pages\/7710","targetHints":{"allow":["GET"]}}],"collection":[{"href":"https:\/\/comunhaoespirita.org.br\/portal\/wp-json\/wp\/v2\/pages"}],"about":[{"href":"https:\/\/comunhaoespirita.org.br\/portal\/wp-json\/wp\/v2\/types\/page"}],"author":[{"embeddable":true,"href":"https:\/\/comunhaoespirita.org.br\/portal\/wp-json\/wp\/v2\/users\/2"}],"replies":[{"embeddable":true,"href":"https:\/\/comunhaoespirita.org.br\/portal\/wp-json\/wp\/v2\/comments?post=7710"}],"version-history":[{"count":9,"href":"https:\/\/comunhaoespirita.org.br\/portal\/wp-json\/wp\/v2\/pages\/7710\/revisions"}],"predecessor-version":[{"id":27586,"href":"https:\/\/comunhaoespirita.org.br\/portal\/wp-json\/wp\/v2\/pages\/7710\/revisions\/27586"}],"up":[{"embeddable":true,"href":"https:\/\/comunhaoespirita.org.br\/portal\/wp-json\/wp\/v2\/pages\/7711"}],"wp:attachment":[{"href":"https:\/\/comunhaoespirita.org.br\/portal\/wp-json\/wp\/v2\/media?parent=7710"}],"curies":[{"name":"wp","href":"https:\/\/api.w.org\/{rel}","templated":true}]}}