{"id":7699,"date":"2021-06-22T12:32:56","date_gmt":"2021-06-22T15:32:56","guid":{"rendered":"https:\/\/comunhaoespirita.net\/portal\/?page_id=7699"},"modified":"2025-05-07T18:03:07","modified_gmt":"2025-05-07T21:03:07","slug":"arte-espirita","status":"publish","type":"page","link":"https:\/\/comunhaoespirita.org.br\/portal\/dac\/arte-espirita\/","title":{"rendered":"Arte Esp\u00edrita"},"content":{"rendered":"\t\t<div data-elementor-type=\"wp-page\" data-elementor-id=\"7699\" class=\"elementor elementor-7699\" data-elementor-post-type=\"page\">\n\t\t\t\t\t\t<section class=\"elementor-section elementor-top-section elementor-element elementor-element-ded8b6e elementor-section-boxed elementor-section-height-default elementor-section-height-default\" data-id=\"ded8b6e\" data-element_type=\"section\" data-e-type=\"section\">\n\t\t\t\t\t\t<div class=\"elementor-container elementor-column-gap-default\">\n\t\t\t\t\t<div class=\"elementor-column elementor-col-100 elementor-top-column elementor-element elementor-element-8b7b052\" data-id=\"8b7b052\" data-element_type=\"column\" data-e-type=\"column\">\n\t\t\t<div class=\"elementor-widget-wrap elementor-element-populated\">\n\t\t\t\t\t\t<div class=\"elementor-element elementor-element-c71f78c elementor-widget elementor-widget-heading\" data-id=\"c71f78c\" data-element_type=\"widget\" data-e-type=\"widget\" data-widget_type=\"heading.default\">\n\t\t\t\t<div class=\"elementor-widget-container\">\n\t\t\t\t\t<h2 class=\"elementor-heading-title elementor-size-default\">Arte Esp\u00edrita<\/h2>\t\t\t\t<\/div>\n\t\t\t\t<\/div>\n\t\t\t\t\t<\/div>\n\t\t<\/div>\n\t\t\t\t\t<\/div>\n\t\t<\/section>\n\t\t\t\t<section class=\"elementor-section elementor-top-section elementor-element elementor-element-8307724 elementor-section-boxed elementor-section-height-default elementor-section-height-default\" data-id=\"8307724\" data-element_type=\"section\" data-e-type=\"section\">\n\t\t\t\t\t\t<div class=\"elementor-container elementor-column-gap-wider\">\n\t\t\t\t\t<div class=\"elementor-column elementor-col-50 elementor-top-column elementor-element elementor-element-141b5ac\" data-id=\"141b5ac\" data-element_type=\"column\" data-e-type=\"column\">\n\t\t\t<div class=\"elementor-widget-wrap elementor-element-populated\">\n\t\t\t\t\t\t<div class=\"elementor-element elementor-element-ebf34e6 elementor-widget elementor-widget-text-editor\" data-id=\"ebf34e6\" data-element_type=\"widget\" data-e-type=\"widget\" data-widget_type=\"text-editor.default\">\n\t\t\t\t<div class=\"elementor-widget-container\">\n\t\t\t\t\t\t\t\t\t<p style=\"text-align: justify;\"><span style=\"font-weight: 400;\">Desenvolver a arte e a cultura esp\u00edritas da Comunh\u00e3o no seu \u00e2mbito interno e\/ou externo.<\/span><\/p><p style=\"text-align: justify;\"><span style=\"font-weight: 400;\">Teatro, M\u00fasica, Coral Elos de Luz, Coral Elinhos de Luz, Bandas, Bal\u00e9, Sapateado, Musicais, Cantando a Doutrina, Domingo com Arte, Grupo Teatro Vida, Figurino, Cen\u00e1rio, Harmoniza\u00e7\u00e3o dos Audit\u00f3rios.<\/span><\/p><h3 style=\"text-align: justify;\">O potencial da arte na Doutrina Esp\u00edrita<\/h3><blockquote><p><span style=\"font-weight: 400;\">\u201c O espiritismo vem abrir para a arte novas perspectivas, horizontes sem limites. A comunica\u00e7\u00e3o que ele estabelece entre os mundos vis\u00edvel e invis\u00edvel, as indica\u00e7\u00f5es fornecidas sobre as condi\u00e7\u00f5es da vida no al\u00e9m, a revela\u00e7\u00e3o que ele nos traz das leis de harmonia e de beleza que regem o universo v\u00eam oferecer nossos pensadores, aos nossos artistas, motivos inesgot\u00e1veis de inspira\u00e7\u00e3o. \u201d<\/span><\/p><\/blockquote><p style=\"padding-left: 40px; text-align: left;\"><i><span style=\"font-weight: 400;\">(L\u00e9on Denis, livro O Espiritismo na Arte)<\/span><\/i><\/p><p style=\"text-align: left;\"><span style=\"font-weight: 400;\">Durante anos, a Comunh\u00e3o produziu pe\u00e7as teatrais psicografadas, elaboradas pelos m\u00e9diuns e com atua\u00e7\u00e3o de volunt\u00e1rios. As apresenta\u00e7\u00f5es ocorriam at\u00e9 no Teatro Nacional de Bras\u00edlia e eram sempre lotadas. Mesmo tendo ocorrido na d\u00e9cada de 70, as obras j\u00e1 antecipavam os tempos futuros. A cria\u00e7\u00e3o da Diretoria de Arte e Cultura garante que ainda presenciaremos diversos espet\u00e1culos.<\/span><\/p><p style=\"text-align: justify;\"><span style=\"font-weight: 400;\">A m\u00fasica tamb\u00e9m est\u00e1 no nosso dia a dia. O &#8220;Cantando a Doutrina&#8221;, projeto de divulga\u00e7\u00e3o de composi\u00e7\u00f5es e artistas esp\u00edritas, ocorre mensalmente. Por meio dele, diversos m\u00fasicos j\u00e1 estiveram no palco da Comunh\u00e3o, disseminando palavras de amor, consolo e alegria.\u00a0<\/span><\/p>\t\t\t\t\t\t\t\t<\/div>\n\t\t\t\t<\/div>\n\t\t\t\t\t<\/div>\n\t\t<\/div>\n\t\t\t\t<div class=\"elementor-column elementor-col-50 elementor-top-column elementor-element elementor-element-ec0e1d4\" data-id=\"ec0e1d4\" data-element_type=\"column\" data-e-type=\"column\">\n\t\t\t<div class=\"elementor-widget-wrap elementor-element-populated\">\n\t\t\t\t\t\t<div class=\"elementor-element elementor-element-0d59ea9 elementor-widget elementor-widget-text-editor\" data-id=\"0d59ea9\" data-element_type=\"widget\" data-e-type=\"widget\" data-widget_type=\"text-editor.default\">\n\t\t\t\t<div class=\"elementor-widget-container\">\n\t\t\t\t\t\t\t\t\t<p style=\"text-align: justify;\"><span style=\"font-weight: 400;\">O Coral Elos de Luz, fundado em 2006, realiza apresenta\u00e7\u00f5es em Casas Esp\u00edritas, em institui\u00e7\u00f5es que cuidam de crian\u00e7as e idosos e em hospitais. Anualmente, participa do encontro de coros do Distrito Federal e do Grande Coro da Federa\u00e7\u00e3o Esp\u00edrita do Distrito Federal, que re\u00fane mais de 200 vozes, contando tamb\u00e9m com o coral infantil.<\/span><\/p><p style=\"text-align: justify;\"><span style=\"font-weight: 400;\">Anualmente, no m\u00eas de setembro, a Comunh\u00e3o organiza a Mostra de Arte e Cultura Esp\u00edrita, encontro fraterno com exposi\u00e7\u00e3o de pinturas medi\u00fanicas, livros, m\u00fasica e dan\u00e7a, filmes esp\u00edritas e artesanato confeccionado pelos volunt\u00e1rios da Diretoria de Promo\u00e7\u00e3o Social &#8211; DPS.<\/span><\/p><p style=\"text-align: justify;\"><span style=\"font-weight: 400;\">Enfim, a Comunh\u00e3o Esp\u00edrita \u00e9 um aben\u00e7oado canteiro de variadas flores na Arte Esp\u00edrita.<\/span><\/p><blockquote><p><span style=\"font-weight: 400;\">&#8220;Os sonhos dos poetas, as vis\u00f5es dos m\u00edsticos, as cria\u00e7\u00f5es do g\u00eanio, as comprova\u00e7\u00f5es e demonstra\u00e7\u00f5es da Ci\u00eancia, as realiza\u00e7\u00f5es mais perfeitas da Arte s\u00e3o apenas ecos muito d\u00e9beis e percep\u00e7\u00f5es&#8230;\u201d<\/span><\/p><\/blockquote><p style=\"padding-left: 40px; text-align: left;\">L\u00e9on Denis, no livro O mundo Invis\u00edvel e a Guerra<\/p><p style=\"text-align: justify;\"><span style=\"font-weight: 400;\">Para informa\u00e7\u00f5es mais detalhadas acesse a p\u00e1gina da Diretoria de Arte e Cultura &#8211; DAC:<\/span><\/p>\t\t\t\t\t\t\t\t<\/div>\n\t\t\t\t<\/div>\n\t\t\t\t<div class=\"elementor-element elementor-element-583ae29 elementor-align-center elementor-widget elementor-widget-button\" data-id=\"583ae29\" data-element_type=\"widget\" data-e-type=\"widget\" data-widget_type=\"button.default\">\n\t\t\t\t<div class=\"elementor-widget-container\">\n\t\t\t\t\t\t\t\t\t<div class=\"elementor-button-wrapper\">\n\t\t\t\t\t<a class=\"elementor-button elementor-button-link elementor-size-sm\" href=\"https:\/\/comunhaoespirita.org.br\/portal\/dac\/dac-2025\/\">\n\t\t\t\t\t\t<span class=\"elementor-button-content-wrapper\">\n\t\t\t\t\t\t\t\t\t<span class=\"elementor-button-text\">Acesse<\/span>\n\t\t\t\t\t<\/span>\n\t\t\t\t\t<\/a>\n\t\t\t\t<\/div>\n\t\t\t\t\t\t\t\t<\/div>\n\t\t\t\t<\/div>\n\t\t\t\t\t<\/div>\n\t\t<\/div>\n\t\t\t\t\t<\/div>\n\t\t<\/section>\n\t\t\t\t<section class=\"elementor-section elementor-top-section elementor-element elementor-element-5df8a0a1 elementor-section-boxed elementor-section-height-default elementor-section-height-default\" data-id=\"5df8a0a1\" data-element_type=\"section\" data-e-type=\"section\">\n\t\t\t\t\t\t<div class=\"elementor-container elementor-column-gap-default\">\n\t\t\t\t\t<div class=\"elementor-column elementor-col-100 elementor-top-column elementor-element elementor-element-33f2b8a\" data-id=\"33f2b8a\" data-element_type=\"column\" data-e-type=\"column\">\n\t\t\t<div class=\"elementor-widget-wrap\">\n\t\t\t\t\t\t\t<\/div>\n\t\t<\/div>\n\t\t\t\t\t<\/div>\n\t\t<\/section>\n\t\t\t\t<\/div>\n\t\t","protected":false},"excerpt":{"rendered":"<p>Arte Esp\u00edrita Desenvolver a arte e a cultura esp\u00edritas da Comunh\u00e3o no seu \u00e2mbito interno e\/ou externo. Teatro, M\u00fasica, Coral Elos de Luz, Coral Elinhos de Luz, Bandas, Bal\u00e9, Sapateado, [&hellip;]<\/p>\n","protected":false},"author":2,"featured_media":0,"parent":7705,"menu_order":0,"comment_status":"closed","ping_status":"closed","template":"","meta":{"footnotes":""},"class_list":["post-7699","page","type-page","status-publish","hentry"],"jetpack_sharing_enabled":true,"_links":{"self":[{"href":"https:\/\/comunhaoespirita.org.br\/portal\/wp-json\/wp\/v2\/pages\/7699","targetHints":{"allow":["GET"]}}],"collection":[{"href":"https:\/\/comunhaoespirita.org.br\/portal\/wp-json\/wp\/v2\/pages"}],"about":[{"href":"https:\/\/comunhaoespirita.org.br\/portal\/wp-json\/wp\/v2\/types\/page"}],"author":[{"embeddable":true,"href":"https:\/\/comunhaoespirita.org.br\/portal\/wp-json\/wp\/v2\/users\/2"}],"replies":[{"embeddable":true,"href":"https:\/\/comunhaoespirita.org.br\/portal\/wp-json\/wp\/v2\/comments?post=7699"}],"version-history":[{"count":14,"href":"https:\/\/comunhaoespirita.org.br\/portal\/wp-json\/wp\/v2\/pages\/7699\/revisions"}],"predecessor-version":[{"id":27577,"href":"https:\/\/comunhaoespirita.org.br\/portal\/wp-json\/wp\/v2\/pages\/7699\/revisions\/27577"}],"up":[{"embeddable":true,"href":"https:\/\/comunhaoespirita.org.br\/portal\/wp-json\/wp\/v2\/pages\/7705"}],"wp:attachment":[{"href":"https:\/\/comunhaoespirita.org.br\/portal\/wp-json\/wp\/v2\/media?parent=7699"}],"curies":[{"name":"wp","href":"https:\/\/api.w.org\/{rel}","templated":true}]}}