{"id":7678,"date":"2021-06-21T17:39:54","date_gmt":"2021-06-21T20:39:54","guid":{"rendered":"https:\/\/comunhaoespirita.net\/portal\/?page_id=7678"},"modified":"2025-05-08T12:35:38","modified_gmt":"2025-05-08T15:35:38","slug":"estudos-doutrinarios","status":"publish","type":"page","link":"https:\/\/comunhaoespirita.org.br\/portal\/ded\/estudos-doutrinarios\/","title":{"rendered":"Estudos Doutrin\u00e1rios"},"content":{"rendered":"\t\t<div data-elementor-type=\"wp-page\" data-elementor-id=\"7678\" class=\"elementor elementor-7678\" data-elementor-post-type=\"page\">\n\t\t\t\t\t\t<section class=\"elementor-section elementor-top-section elementor-element elementor-element-208f372 elementor-section-boxed elementor-section-height-default elementor-section-height-default\" data-id=\"208f372\" data-element_type=\"section\" data-e-type=\"section\">\n\t\t\t\t\t\t<div class=\"elementor-container elementor-column-gap-default\">\n\t\t\t\t\t<div class=\"elementor-column elementor-col-100 elementor-top-column elementor-element elementor-element-14e9dd8\" data-id=\"14e9dd8\" data-element_type=\"column\" data-e-type=\"column\">\n\t\t\t<div class=\"elementor-widget-wrap elementor-element-populated\">\n\t\t\t\t\t\t<div class=\"elementor-element elementor-element-216028e elementor-widget elementor-widget-heading\" data-id=\"216028e\" data-element_type=\"widget\" data-e-type=\"widget\" data-widget_type=\"heading.default\">\n\t\t\t\t<div class=\"elementor-widget-container\">\n\t\t\t\t\t<h2 class=\"elementor-heading-title elementor-size-default\">Estudos Doutrin\u00e1rios<\/h2>\t\t\t\t<\/div>\n\t\t\t\t<\/div>\n\t\t\t\t\t<\/div>\n\t\t<\/div>\n\t\t\t\t\t<\/div>\n\t\t<\/section>\n\t\t\t\t<section class=\"elementor-section elementor-top-section elementor-element elementor-element-44a8364 elementor-section-boxed elementor-section-height-default elementor-section-height-default\" data-id=\"44a8364\" data-element_type=\"section\" data-e-type=\"section\">\n\t\t\t\t\t\t<div class=\"elementor-container elementor-column-gap-default\">\n\t\t\t\t\t<div class=\"elementor-column elementor-col-16 elementor-top-column elementor-element elementor-element-f4846d2\" data-id=\"f4846d2\" data-element_type=\"column\" data-e-type=\"column\">\n\t\t\t<div class=\"elementor-widget-wrap\">\n\t\t\t\t\t\t\t<\/div>\n\t\t<\/div>\n\t\t\t\t<div class=\"elementor-column elementor-col-66 elementor-top-column elementor-element elementor-element-94cf882\" data-id=\"94cf882\" data-element_type=\"column\" data-e-type=\"column\">\n\t\t\t<div class=\"elementor-widget-wrap elementor-element-populated\">\n\t\t\t\t\t\t<div class=\"elementor-element elementor-element-2b53ea0c elementor-widget elementor-widget-text-editor\" data-id=\"2b53ea0c\" data-element_type=\"widget\" data-e-type=\"widget\" data-widget_type=\"text-editor.default\">\n\t\t\t\t<div class=\"elementor-widget-container\">\n\t\t\t\t\t\t\t\t\t<p><span style=\"font-weight: 400;\">Promover a difus\u00e3o da Doutrina Esp\u00edrita, por meio do estudo sistematizado, eventos educacionais e cursos de forma\u00e7\u00e3o do Trabalhador Esp\u00edrita, com base na codifica\u00e7\u00e3o de Allan Kardec e obras complementares e subsidi\u00e1rias.<\/span><\/p><p><span style=\"font-weight: 400;\">Estudo Sistematizado da Doutrina Esp\u00edrita &#8211; ESDE, Estudo Sistematizado da Mediunidade &#8211; ESME, Estudo Sistematizado do Passe, Estudo Aprofundado da Doutrina Esp\u00edrita &#8211; ESADE, Programa de Adapta\u00e7\u00e3o da Doutrina Esp\u00edrita &#8211; PADES, Estudo das Obras Complementares, Estudo a Dist\u00e2ncia &#8211; EAD, Mocidade Esp\u00edrita.<\/span><\/p><h3>O Estudo da Doutrina<\/h3><p>Promover a difus\u00e3o da Doutrina Esp\u00edrita, por meio do estudo sistematizado, eventos educacionais e cursos de forma\u00e7\u00e3o do Trabalhador Esp\u00edrita, com base na codifica\u00e7\u00e3o de Allan Kardec e obras complementares e subsidi\u00e1rias.<\/p><p>O Estudo da Doutrina Esp\u00edrita sempre foi um dos pilares da Comunh\u00e3o Esp\u00edrita, desde o in\u00edcio. Mesmo antes da sua sede atual, as leituras e discuss\u00f5es sobre as Obras B\u00e1sicas do Espiritismo j\u00e1 eram realizadas na casa do Benoni ou na sala da Casa do Barata, das quais participavam um pequeno grupo de frequentadores, seus filhos e um ou outro curioso.<\/p><p>Com o crescente papel amoroso da Comunh\u00e3o, o volume de interessados em aprender e aprofundar os conhecimentos sobre a Doutrina foi triplicando a cada novo ano. Atualmente, o estudo \u00e9 sistematizado e organizado ao longo das etapas, como em uma faculdade. S\u00e3o mais de 3.000 alunos por per\u00edodo letivo, divididos entre Mocidade, Estudo Sistematizado da Doutrina Esp\u00edrita, Estudo Sistematizado da Mediunidade, Estudo de Obras Complementares, Estudo do Evangelho e Estudos Avan\u00e7ados da Doutrina.<\/p><p>Para informa\u00e7\u00f5es mais detalhadas acesse a p\u00e1gina da Diretoria de Estudos Doutrin\u00e1rios \u2013 DED:<\/p>\t\t\t\t\t\t\t\t<\/div>\n\t\t\t\t<\/div>\n\t\t\t\t<div class=\"elementor-element elementor-element-c42f923 elementor-align-center elementor-widget elementor-widget-button\" data-id=\"c42f923\" data-element_type=\"widget\" data-e-type=\"widget\" data-widget_type=\"button.default\">\n\t\t\t\t<div class=\"elementor-widget-container\">\n\t\t\t\t\t\t\t\t\t<div class=\"elementor-button-wrapper\">\n\t\t\t\t\t<a class=\"elementor-button elementor-button-link elementor-size-sm\" href=\"https:\/\/comunhaoespirita.org.br\/portal\/ded\/\">\n\t\t\t\t\t\t<span class=\"elementor-button-content-wrapper\">\n\t\t\t\t\t\t\t\t\t<span class=\"elementor-button-text\">Acesse<\/span>\n\t\t\t\t\t<\/span>\n\t\t\t\t\t<\/a>\n\t\t\t\t<\/div>\n\t\t\t\t\t\t\t\t<\/div>\n\t\t\t\t<\/div>\n\t\t\t\t\t<\/div>\n\t\t<\/div>\n\t\t\t\t<div class=\"elementor-column elementor-col-16 elementor-top-column elementor-element elementor-element-82432ae\" data-id=\"82432ae\" data-element_type=\"column\" data-e-type=\"column\">\n\t\t\t<div class=\"elementor-widget-wrap\">\n\t\t\t\t\t\t\t<\/div>\n\t\t<\/div>\n\t\t\t\t\t<\/div>\n\t\t<\/section>\n\t\t\t\t<section class=\"elementor-section elementor-top-section elementor-element elementor-element-69d06263 elementor-section-boxed elementor-section-height-default elementor-section-height-default\" data-id=\"69d06263\" data-element_type=\"section\" data-e-type=\"section\">\n\t\t\t\t\t\t<div class=\"elementor-container elementor-column-gap-default\">\n\t\t\t\t\t<div class=\"elementor-column elementor-col-100 elementor-top-column elementor-element elementor-element-81964e5\" data-id=\"81964e5\" data-element_type=\"column\" data-e-type=\"column\">\n\t\t\t<div class=\"elementor-widget-wrap\">\n\t\t\t\t\t\t\t<\/div>\n\t\t<\/div>\n\t\t\t\t\t<\/div>\n\t\t<\/section>\n\t\t\t\t<\/div>\n\t\t","protected":false},"excerpt":{"rendered":"<p>Estudos Doutrin\u00e1rios Promover a difus\u00e3o da Doutrina Esp\u00edrita, por meio do estudo sistematizado, eventos educacionais e cursos de forma\u00e7\u00e3o do Trabalhador Esp\u00edrita, com base na codifica\u00e7\u00e3o de Allan Kardec e [&hellip;]<\/p>\n","protected":false},"author":2,"featured_media":0,"parent":7680,"menu_order":0,"comment_status":"closed","ping_status":"closed","template":"","meta":{"footnotes":""},"class_list":["post-7678","page","type-page","status-publish","hentry"],"jetpack_sharing_enabled":true,"_links":{"self":[{"href":"https:\/\/comunhaoespirita.org.br\/portal\/wp-json\/wp\/v2\/pages\/7678","targetHints":{"allow":["GET"]}}],"collection":[{"href":"https:\/\/comunhaoespirita.org.br\/portal\/wp-json\/wp\/v2\/pages"}],"about":[{"href":"https:\/\/comunhaoespirita.org.br\/portal\/wp-json\/wp\/v2\/types\/page"}],"author":[{"embeddable":true,"href":"https:\/\/comunhaoespirita.org.br\/portal\/wp-json\/wp\/v2\/users\/2"}],"replies":[{"embeddable":true,"href":"https:\/\/comunhaoespirita.org.br\/portal\/wp-json\/wp\/v2\/comments?post=7678"}],"version-history":[{"count":7,"href":"https:\/\/comunhaoespirita.org.br\/portal\/wp-json\/wp\/v2\/pages\/7678\/revisions"}],"predecessor-version":[{"id":27603,"href":"https:\/\/comunhaoespirita.org.br\/portal\/wp-json\/wp\/v2\/pages\/7678\/revisions\/27603"}],"up":[{"embeddable":true,"href":"https:\/\/comunhaoespirita.org.br\/portal\/wp-json\/wp\/v2\/pages\/7680"}],"wp:attachment":[{"href":"https:\/\/comunhaoespirita.org.br\/portal\/wp-json\/wp\/v2\/media?parent=7678"}],"curies":[{"name":"wp","href":"https:\/\/api.w.org\/{rel}","templated":true}]}}