{"id":7654,"date":"2021-06-21T16:12:31","date_gmt":"2021-06-21T19:12:31","guid":{"rendered":"https:\/\/comunhaoespirita.net\/portal\/?page_id=7654"},"modified":"2026-01-27T12:02:23","modified_gmt":"2026-01-27T15:02:23","slug":"iaq-instituto-aprender-de-qualificacao","status":"publish","type":"page","link":"https:\/\/comunhaoespirita.org.br\/portal\/iaq-instituto-aprender-de-qualificacao\/","title":{"rendered":"IAQ &#8211; Instituto Aprender de Qualifica\u00e7\u00e3o"},"content":{"rendered":"\t\t<div data-elementor-type=\"wp-page\" data-elementor-id=\"7654\" class=\"elementor elementor-7654\" data-elementor-post-type=\"page\">\n\t\t\t\t\t\t<section class=\"elementor-section elementor-top-section elementor-element elementor-element-ef372ac elementor-section-boxed elementor-section-height-default elementor-section-height-default\" data-id=\"ef372ac\" data-element_type=\"section\" data-e-type=\"section\">\n\t\t\t\t\t\t<div class=\"elementor-container elementor-column-gap-default\">\n\t\t\t\t\t<div class=\"elementor-column elementor-col-100 elementor-top-column elementor-element elementor-element-6c45966\" data-id=\"6c45966\" data-element_type=\"column\" data-e-type=\"column\">\n\t\t\t<div class=\"elementor-widget-wrap elementor-element-populated\">\n\t\t\t\t\t\t<div class=\"elementor-element elementor-element-045d5e1 elementor-widget elementor-widget-heading\" data-id=\"045d5e1\" data-element_type=\"widget\" data-e-type=\"widget\" data-widget_type=\"heading.default\">\n\t\t\t\t<div class=\"elementor-widget-container\">\n\t\t\t\t\t<h2 class=\"elementor-heading-title elementor-size-default\">IAQ - Instituto Aprender de Qualifica\u00e7\u00e3o<\/h2>\t\t\t\t<\/div>\n\t\t\t\t<\/div>\n\t\t\t\t\t<\/div>\n\t\t<\/div>\n\t\t\t\t\t<\/div>\n\t\t<\/section>\n\t\t\t\t<section class=\"elementor-section elementor-top-section elementor-element elementor-element-3cb2daf elementor-section-boxed elementor-section-height-default elementor-section-height-default\" data-id=\"3cb2daf\" data-element_type=\"section\" data-e-type=\"section\">\n\t\t\t\t\t\t<div class=\"elementor-container elementor-column-gap-default\">\n\t\t\t\t\t<div class=\"elementor-column elementor-col-50 elementor-top-column elementor-element elementor-element-eda183a\" data-id=\"eda183a\" data-element_type=\"column\" data-e-type=\"column\">\n\t\t\t<div class=\"elementor-widget-wrap elementor-element-populated\">\n\t\t\t\t\t\t<div class=\"elementor-element elementor-element-486c333 elementor-widget elementor-widget-image\" data-id=\"486c333\" data-element_type=\"widget\" data-e-type=\"widget\" data-widget_type=\"image.default\">\n\t\t\t\t<div class=\"elementor-widget-container\">\n\t\t\t\t\t\t\t\t\t\t\t\t\t\t\t<img fetchpriority=\"high\" decoding=\"async\" width=\"800\" height=\"800\" src=\"https:\/\/comunhaoespirita.org.br\/portal\/wp-content\/uploads\/2023\/09\/LogoCompletaIAQ-1024x1024.png\" class=\"attachment-large size-large wp-image-21014\" alt=\"\" srcset=\"https:\/\/comunhaoespirita.org.br\/portal\/wp-content\/uploads\/2023\/09\/LogoCompletaIAQ-1024x1024.png 1024w, https:\/\/comunhaoespirita.org.br\/portal\/wp-content\/uploads\/2023\/09\/LogoCompletaIAQ-300x300.png 300w, https:\/\/comunhaoespirita.org.br\/portal\/wp-content\/uploads\/2023\/09\/LogoCompletaIAQ-150x150.png 150w, https:\/\/comunhaoespirita.org.br\/portal\/wp-content\/uploads\/2023\/09\/LogoCompletaIAQ-768x768.png 768w, https:\/\/comunhaoespirita.org.br\/portal\/wp-content\/uploads\/2023\/09\/LogoCompletaIAQ-1536x1536.png 1536w, https:\/\/comunhaoespirita.org.br\/portal\/wp-content\/uploads\/2023\/09\/LogoCompletaIAQ-2048x2048.png 2048w, https:\/\/comunhaoespirita.org.br\/portal\/wp-content\/uploads\/2023\/09\/LogoCompletaIAQ-70x70.png 70w, https:\/\/comunhaoespirita.org.br\/portal\/wp-content\/uploads\/2023\/09\/LogoCompletaIAQ-600x600.png 600w\" sizes=\"(max-width: 800px) 100vw, 800px\" \/>\t\t\t\t\t\t\t\t\t\t\t\t\t\t\t<\/div>\n\t\t\t\t<\/div>\n\t\t\t\t\t<\/div>\n\t\t<\/div>\n\t\t\t\t<div class=\"elementor-column elementor-col-50 elementor-top-column elementor-element elementor-element-cb55f2e\" data-id=\"cb55f2e\" data-element_type=\"column\" data-e-type=\"column\">\n\t\t\t<div class=\"elementor-widget-wrap elementor-element-populated\">\n\t\t\t\t\t\t<div class=\"elementor-element elementor-element-309d3d6e elementor-widget elementor-widget-text-editor\" data-id=\"309d3d6e\" data-element_type=\"widget\" data-e-type=\"widget\" data-widget_type=\"text-editor.default\">\n\t\t\t\t<div class=\"elementor-widget-container\">\n\t\t\t\t\t\t\t\t\t<p>O Instituto Aprender de Qualifica\u00e7\u00e3o (IAQ) \u00e9 uma das principais qualificadoras de jovens<br \/>aprendizes do Distrito Federal, reconhecido pela excel\u00eancia na forma\u00e7\u00e3o profissional,<br \/>humana e cidad\u00e3.<br \/>Desde 2010, o IAQ atua no desenvolvimento de jovens por meio do Programa de<br \/>Aprendizagem Profissional, tendo atendido a mais de 7.500 aprendizes, promovendo<br \/>inclus\u00e3o social, autonomia e desenvolvimento humano. Atualmente, o Instituto \u00e9<br \/>administrado por representantes de tr\u00eas institui\u00e7\u00f5es esp\u00edritas: Comunh\u00e3o Esp\u00edrita de<br \/>Bras\u00edlia, Villa Crist\u00e3 e Centro Esp\u00edrita Sebasti\u00e3o, O M\u00e1rtir (CESOM) respons\u00e1veis pela<br \/>sua gest\u00e3o administrativa e institucional.<br \/>A Lei da Aprendizagem estabelece que empresas com mais de sete colaboradores devem<br \/>contratar jovens aprendizes em uma cota que varia de 5% a 15% do seu quadro funcional.<br \/>Al\u00e9m disso, a legisla\u00e7\u00e3o incentiva que empresas com menos de sete funcion\u00e1rios tamb\u00e9m<br \/>realizem a contrata\u00e7\u00e3o de aprendizes, oferecendo vantagens para esse tipo de v\u00ednculo.<br \/>O IAQ atua como mediador especializado nesse processo, conectando empresas<br \/>socialmente respons\u00e1veis a jovens que buscam uma oportunidade real de inser\u00e7\u00e3o e<br \/>crescimento no mercado de trabalho.<br \/>Nosso compromisso, vai al\u00e9m do cumprimento legal. Oferecemos uma forma\u00e7\u00e3o<br \/>diferenciada, preparando jovens conscientes, respons\u00e1veis e alinhados \u00e0 cultura<br \/>organizacional das empresas. Realizamos acompanhamento cont\u00ednuo, orienta\u00e7\u00e3o<br \/>pedag\u00f3gica e suporte \u00e0s \u00e1reas de RH, garantindo seguran\u00e7a e qualidade durante todo o<br \/>contrato de aprendizagem.<br \/>Atualmente, mantemos parceria com diversas empresas de diferentes segmentos e<br \/>acompanhamos um expressivo contingente de jovens aprendizes com contratos ativos.<br \/>Nossa proposta pedag\u00f3gica \u00e9 fundamentada na forma\u00e7\u00e3o por m\u00faltiplas compet\u00eancias,<br \/>contemplando as principais \u00e1reas que estruturam uma organiza\u00e7\u00e3o, como pr\u00e1ticas em<br \/>administra\u00e7\u00e3o, vendas, recursos humanos, log\u00edstica, cont\u00e1bil, entre outras.<br \/>A qualifica\u00e7\u00e3o pelo IAQ \u00e9 mais completa, vers\u00e1til e forma jovens prontos para atender \u00e0s<br \/>demandas reais do mercado, capazes de contribuir diretamente para o desenvolvimento<br \/>das empresas.<br \/>O IAQ valoriza as compet\u00eancias t\u00e9cnicas e o desenvolvimento comportamental e<br \/>socioemocional, com foco em postura profissional, comunica\u00e7\u00e3o eficaz, intelig\u00eancia<br \/>emocional, \u00e9tica e responsabilidade.<br \/>Nossa atua\u00e7\u00e3o \u00e9 guiada por valores s\u00f3lidos: excel\u00eancia, inclus\u00e3o, equidade, transpar\u00eancia,<br \/>inova\u00e7\u00e3o, responsabilidade social e \u00e9tica.<br \/>Mais do que formar aprendizes, preparamos jovens para o futuro e contribu\u00edmos para que<br \/>empresas cres\u00e7am de forma respons\u00e1vel, gerando impacto social e atendendo \u00e0 legisla\u00e7\u00e3o<br \/>vigente.<\/p><p>Que tal conversar conosco e entender como o IAQ pode apoiar sua empresa no Programa<br \/>de Aprendizagem? Entre em contato e agende uma conversa com a nossa equipe. Estamos<br \/>prontos para construir essa parceria com voc\u00ea.<br \/>E-mail:contato@iaq.org.br<br \/>Telefone: (61) 9.9829-0398<\/p>\t\t\t\t\t\t\t\t<\/div>\n\t\t\t\t<\/div>\n\t\t\t\t<div class=\"elementor-element elementor-element-6481065 elementor-align-center elementor-widget elementor-widget-button\" data-id=\"6481065\" data-element_type=\"widget\" data-e-type=\"widget\" data-widget_type=\"button.default\">\n\t\t\t\t<div class=\"elementor-widget-container\">\n\t\t\t\t\t\t\t\t\t<div class=\"elementor-button-wrapper\">\n\t\t\t\t\t<a class=\"elementor-button elementor-button-link elementor-size-sm\" href=\"https:\/\/www.iaq.org.br\/\" target=\"_blank\">\n\t\t\t\t\t\t<span class=\"elementor-button-content-wrapper\">\n\t\t\t\t\t\t\t\t\t<span class=\"elementor-button-text\">Saiba Mais<\/span>\n\t\t\t\t\t<\/span>\n\t\t\t\t\t<\/a>\n\t\t\t\t<\/div>\n\t\t\t\t\t\t\t\t<\/div>\n\t\t\t\t<\/div>\n\t\t\t\t\t<\/div>\n\t\t<\/div>\n\t\t\t\t\t<\/div>\n\t\t<\/section>\n\t\t\t\t<section class=\"elementor-section elementor-top-section elementor-element elementor-element-179c66df elementor-section-boxed elementor-section-height-default elementor-section-height-default\" data-id=\"179c66df\" data-element_type=\"section\" data-e-type=\"section\">\n\t\t\t\t\t\t<div class=\"elementor-container elementor-column-gap-default\">\n\t\t\t\t\t<div class=\"elementor-column elementor-col-100 elementor-top-column elementor-element elementor-element-40690456\" data-id=\"40690456\" data-element_type=\"column\" data-e-type=\"column\">\n\t\t\t<div class=\"elementor-widget-wrap\">\n\t\t\t\t\t\t\t<\/div>\n\t\t<\/div>\n\t\t\t\t\t<\/div>\n\t\t<\/section>\n\t\t\t\t<\/div>\n\t\t","protected":false},"excerpt":{"rendered":"<p>IAQ &#8211; Instituto Aprender de Qualifica\u00e7\u00e3o O Instituto Aprender de Qualifica\u00e7\u00e3o (IAQ) \u00e9 uma das principais qualificadoras de jovensaprendizes do Distrito Federal, reconhecido pela excel\u00eancia na forma\u00e7\u00e3o profissional,humana e cidad\u00e3.Desde [&hellip;]<\/p>\n","protected":false},"author":2,"featured_media":0,"parent":0,"menu_order":0,"comment_status":"closed","ping_status":"closed","template":"","meta":{"footnotes":""},"class_list":["post-7654","page","type-page","status-publish","hentry"],"jetpack_sharing_enabled":true,"_links":{"self":[{"href":"https:\/\/comunhaoespirita.org.br\/portal\/wp-json\/wp\/v2\/pages\/7654","targetHints":{"allow":["GET"]}}],"collection":[{"href":"https:\/\/comunhaoespirita.org.br\/portal\/wp-json\/wp\/v2\/pages"}],"about":[{"href":"https:\/\/comunhaoespirita.org.br\/portal\/wp-json\/wp\/v2\/types\/page"}],"author":[{"embeddable":true,"href":"https:\/\/comunhaoespirita.org.br\/portal\/wp-json\/wp\/v2\/users\/2"}],"replies":[{"embeddable":true,"href":"https:\/\/comunhaoespirita.org.br\/portal\/wp-json\/wp\/v2\/comments?post=7654"}],"version-history":[{"count":13,"href":"https:\/\/comunhaoespirita.org.br\/portal\/wp-json\/wp\/v2\/pages\/7654\/revisions"}],"predecessor-version":[{"id":34171,"href":"https:\/\/comunhaoespirita.org.br\/portal\/wp-json\/wp\/v2\/pages\/7654\/revisions\/34171"}],"wp:attachment":[{"href":"https:\/\/comunhaoespirita.org.br\/portal\/wp-json\/wp\/v2\/media?parent=7654"}],"curies":[{"name":"wp","href":"https:\/\/api.w.org\/{rel}","templated":true}]}}