{"id":7649,"date":"2021-06-21T16:06:09","date_gmt":"2021-06-21T19:06:09","guid":{"rendered":"https:\/\/comunhaoespirita.net\/portal\/?page_id=7649"},"modified":"2025-05-08T14:04:46","modified_gmt":"2025-05-08T17:04:46","slug":"nosso-lar","status":"publish","type":"page","link":"https:\/\/comunhaoespirita.org.br\/portal\/nosso-lar\/","title":{"rendered":"Nosso Lar"},"content":{"rendered":"\t\t<div data-elementor-type=\"wp-page\" data-elementor-id=\"7649\" class=\"elementor elementor-7649\" data-elementor-post-type=\"page\">\n\t\t\t\t\t\t<section class=\"elementor-section elementor-top-section elementor-element elementor-element-cafd3f2 elementor-section-boxed elementor-section-height-default elementor-section-height-default\" data-id=\"cafd3f2\" data-element_type=\"section\" data-e-type=\"section\">\n\t\t\t\t\t\t<div class=\"elementor-container elementor-column-gap-default\">\n\t\t\t\t\t<div class=\"elementor-column elementor-col-100 elementor-top-column elementor-element elementor-element-c72bffe\" data-id=\"c72bffe\" data-element_type=\"column\" data-e-type=\"column\">\n\t\t\t<div class=\"elementor-widget-wrap elementor-element-populated\">\n\t\t\t\t\t\t<div class=\"elementor-element elementor-element-d04d746 elementor-widget elementor-widget-heading\" data-id=\"d04d746\" data-element_type=\"widget\" data-e-type=\"widget\" data-widget_type=\"heading.default\">\n\t\t\t\t<div class=\"elementor-widget-container\">\n\t\t\t\t\t<h2 class=\"elementor-heading-title elementor-size-default\">Nosso Lar<\/h2>\t\t\t\t<\/div>\n\t\t\t\t<\/div>\n\t\t\t\t\t<\/div>\n\t\t<\/div>\n\t\t\t\t\t<\/div>\n\t\t<\/section>\n\t\t\t\t<section class=\"elementor-section elementor-top-section elementor-element elementor-element-36f0247 elementor-section-boxed elementor-section-height-default elementor-section-height-default\" data-id=\"36f0247\" data-element_type=\"section\" data-e-type=\"section\">\n\t\t\t\t\t\t<div class=\"elementor-container elementor-column-gap-default\">\n\t\t\t\t\t<div class=\"elementor-column elementor-col-50 elementor-top-column elementor-element elementor-element-19a5a7f\" data-id=\"19a5a7f\" data-element_type=\"column\" data-e-type=\"column\">\n\t\t\t<div class=\"elementor-widget-wrap elementor-element-populated\">\n\t\t\t\t\t\t<div class=\"elementor-element elementor-element-e33ad7b elementor-widget elementor-widget-image\" data-id=\"e33ad7b\" data-element_type=\"widget\" data-e-type=\"widget\" data-widget_type=\"image.default\">\n\t\t\t\t<div class=\"elementor-widget-container\">\n\t\t\t\t\t\t\t\t\t\t\t\t\t\t\t<img fetchpriority=\"high\" decoding=\"async\" width=\"768\" height=\"384\" src=\"https:\/\/comunhaoespirita.org.br\/portal\/wp-content\/uploads\/2022\/09\/logo-nosso-lar-768x384.jpg\" class=\"attachment-medium_large size-medium_large wp-image-15940\" alt=\"\" srcset=\"https:\/\/comunhaoespirita.org.br\/portal\/wp-content\/uploads\/2022\/09\/logo-nosso-lar-768x384.jpg 768w, https:\/\/comunhaoespirita.org.br\/portal\/wp-content\/uploads\/2022\/09\/logo-nosso-lar-300x150.jpg 300w, https:\/\/comunhaoespirita.org.br\/portal\/wp-content\/uploads\/2022\/09\/logo-nosso-lar.jpg 783w\" sizes=\"(max-width: 768px) 100vw, 768px\" \/>\t\t\t\t\t\t\t\t\t\t\t\t\t\t\t<\/div>\n\t\t\t\t<\/div>\n\t\t\t\t\t<\/div>\n\t\t<\/div>\n\t\t\t\t<div class=\"elementor-column elementor-col-50 elementor-top-column elementor-element elementor-element-1367be3\" data-id=\"1367be3\" data-element_type=\"column\" data-e-type=\"column\">\n\t\t\t<div class=\"elementor-widget-wrap elementor-element-populated\">\n\t\t\t\t\t\t<div class=\"elementor-element elementor-element-4a480aae elementor-widget elementor-widget-text-editor\" data-id=\"4a480aae\" data-element_type=\"widget\" data-e-type=\"widget\" data-widget_type=\"text-editor.default\">\n\t\t\t\t<div class=\"elementor-widget-container\">\n\t\t\t\t\t\t\t\t\t<p>Prestar servi\u00e7os de acolhimento provis\u00f3rio e excepcional para crian\u00e7as e adolescentes de ambos os sexos inclusive com defici\u00eancia em medida de prote\u00e7\u00e3o e em situa\u00e7\u00e3o de risco pessoal cujas fam\u00edlias ou respons\u00e1veis encontram-se temporariamente impossibilitados de cumprir sua fun\u00e7\u00e3o de cuidado e prote\u00e7\u00e3o na modalidade casa lar em sistema de condom\u00ednio pela SEDESTMIDH e\/ou VIJ\/DF.<\/p><h3 style=\"text-align: left;\">Mem\u00f3rias do Nosso Lar<\/h3><p>Vi o lar que seria ali constru\u00eddo cheio de crian\u00e7as sorrindo e correndo pelo terreno. Isso confirmava que aquele era um lugar especial.<\/p><p>Criado em 08 de abril de 1973, o Nosso Lar \u00e9 um local de acolhimento provis\u00f3rio e excepcional para crian\u00e7as e adolescentes em medida de prote\u00e7\u00e3o e em situa\u00e7\u00e3o de risco pessoal, no Distrito Federal.<\/p><p>H\u00e1 um fato curioso em sua hist\u00f3ria. Anos antes, quando ainda era um terreno baldio, recebeu a visita de Divaldo Franco, que, com sua mediunidade extraordin\u00e1ria, disse ao grupo de fundadores da Comunh\u00e3o que l\u00e1 seria um espa\u00e7o para crian\u00e7as.<\/p><p>Os anos passaram muito depressa. Durante esse tempo, o Lar j\u00e1 recebeu e encaminhou milhares de crian\u00e7as em situa\u00e7\u00e3o de vulnerabilidade social. Algumas retornam \u00e0s fam\u00edlias de origem, outras s\u00e3o adotadas, e as que permanecem na institui\u00e7\u00e3o at\u00e9 os 18 anos incompletos s\u00e3o encaminhadas ao mercado de trabalho, tudo realizado de acordo com a legisla\u00e7\u00e3o que protege a crian\u00e7a e ao adolescente.<\/p><p>Atualmente, o Nosso Lar abriga tamb\u00e9m crian\u00e7as portadoras de doen\u00e7as graves que v\u00eam de outros Estados para Bras\u00edlia em busca de tratamento.<\/p><p>Assim, com muito carinho, respeito e, principalmente, amor, o Lar realiza hoje a previs\u00e3o de Divaldo no ontem.<\/p>\t\t\t\t\t\t\t\t<\/div>\n\t\t\t\t<\/div>\n\t\t\t\t<div class=\"elementor-element elementor-element-e95ae4a elementor-align-center elementor-widget elementor-widget-button\" data-id=\"e95ae4a\" data-element_type=\"widget\" data-e-type=\"widget\" data-widget_type=\"button.default\">\n\t\t\t\t<div class=\"elementor-widget-container\">\n\t\t\t\t\t\t\t\t\t<div class=\"elementor-button-wrapper\">\n\t\t\t\t\t<a class=\"elementor-button elementor-button-link elementor-size-sm\" href=\"https:\/\/www.nossolardf.org.br\/\" target=\"_blank\">\n\t\t\t\t\t\t<span class=\"elementor-button-content-wrapper\">\n\t\t\t\t\t\t\t\t\t<span class=\"elementor-button-text\">Saiba Mais<\/span>\n\t\t\t\t\t<\/span>\n\t\t\t\t\t<\/a>\n\t\t\t\t<\/div>\n\t\t\t\t\t\t\t\t<\/div>\n\t\t\t\t<\/div>\n\t\t\t\t\t<\/div>\n\t\t<\/div>\n\t\t\t\t\t<\/div>\n\t\t<\/section>\n\t\t\t\t<section class=\"elementor-section elementor-top-section elementor-element elementor-element-5954f696 elementor-section-boxed elementor-section-height-default elementor-section-height-default\" data-id=\"5954f696\" data-element_type=\"section\" data-e-type=\"section\">\n\t\t\t\t\t\t<div class=\"elementor-container elementor-column-gap-default\">\n\t\t\t\t\t<div class=\"elementor-column elementor-col-100 elementor-top-column elementor-element elementor-element-71e315d7\" data-id=\"71e315d7\" data-element_type=\"column\" data-e-type=\"column\">\n\t\t\t<div class=\"elementor-widget-wrap\">\n\t\t\t\t\t\t\t<\/div>\n\t\t<\/div>\n\t\t\t\t\t<\/div>\n\t\t<\/section>\n\t\t\t\t<\/div>\n\t\t","protected":false},"excerpt":{"rendered":"<p>Nosso Lar Prestar servi\u00e7os de acolhimento provis\u00f3rio e excepcional para crian\u00e7as e adolescentes de ambos os sexos inclusive com defici\u00eancia em medida de prote\u00e7\u00e3o e em situa\u00e7\u00e3o de risco pessoal [&hellip;]<\/p>\n","protected":false},"author":2,"featured_media":0,"parent":0,"menu_order":0,"comment_status":"closed","ping_status":"closed","template":"","meta":{"footnotes":""},"class_list":["post-7649","page","type-page","status-publish","hentry"],"jetpack_sharing_enabled":true,"_links":{"self":[{"href":"https:\/\/comunhaoespirita.org.br\/portal\/wp-json\/wp\/v2\/pages\/7649","targetHints":{"allow":["GET"]}}],"collection":[{"href":"https:\/\/comunhaoespirita.org.br\/portal\/wp-json\/wp\/v2\/pages"}],"about":[{"href":"https:\/\/comunhaoespirita.org.br\/portal\/wp-json\/wp\/v2\/types\/page"}],"author":[{"embeddable":true,"href":"https:\/\/comunhaoespirita.org.br\/portal\/wp-json\/wp\/v2\/users\/2"}],"replies":[{"embeddable":true,"href":"https:\/\/comunhaoespirita.org.br\/portal\/wp-json\/wp\/v2\/comments?post=7649"}],"version-history":[{"count":10,"href":"https:\/\/comunhaoespirita.org.br\/portal\/wp-json\/wp\/v2\/pages\/7649\/revisions"}],"predecessor-version":[{"id":27643,"href":"https:\/\/comunhaoespirita.org.br\/portal\/wp-json\/wp\/v2\/pages\/7649\/revisions\/27643"}],"wp:attachment":[{"href":"https:\/\/comunhaoespirita.org.br\/portal\/wp-json\/wp\/v2\/media?parent=7649"}],"curies":[{"name":"wp","href":"https:\/\/api.w.org\/{rel}","templated":true}]}}