{"id":7646,"date":"2021-06-21T15:56:01","date_gmt":"2021-06-21T18:56:01","guid":{"rendered":"https:\/\/comunhaoespirita.net\/portal\/?page_id=7646"},"modified":"2025-05-08T13:45:48","modified_gmt":"2025-05-08T16:45:48","slug":"villa-crista","status":"publish","type":"page","link":"https:\/\/comunhaoespirita.org.br\/portal\/villa-crista\/","title":{"rendered":"Villa Crist\u00e3"},"content":{"rendered":"\t\t<div data-elementor-type=\"wp-page\" data-elementor-id=\"7646\" class=\"elementor elementor-7646\" data-elementor-post-type=\"page\">\n\t\t\t\t\t\t<section class=\"elementor-section elementor-top-section elementor-element elementor-element-66944cf elementor-section-boxed elementor-section-height-default elementor-section-height-default\" data-id=\"66944cf\" data-element_type=\"section\" data-e-type=\"section\">\n\t\t\t\t\t\t<div class=\"elementor-container elementor-column-gap-default\">\n\t\t\t\t\t<div class=\"elementor-column elementor-col-100 elementor-top-column elementor-element elementor-element-6e10787\" data-id=\"6e10787\" data-element_type=\"column\" data-e-type=\"column\">\n\t\t\t<div class=\"elementor-widget-wrap elementor-element-populated\">\n\t\t\t\t\t\t<div class=\"elementor-element elementor-element-5ce6505 elementor-widget elementor-widget-heading\" data-id=\"5ce6505\" data-element_type=\"widget\" data-e-type=\"widget\" data-widget_type=\"heading.default\">\n\t\t\t\t<div class=\"elementor-widget-container\">\n\t\t\t\t\t<h2 class=\"elementor-heading-title elementor-size-default\">Villa Crist\u00e3<\/h2>\t\t\t\t<\/div>\n\t\t\t\t<\/div>\n\t\t\t\t\t<\/div>\n\t\t<\/div>\n\t\t\t\t\t<\/div>\n\t\t<\/section>\n\t\t\t\t<section class=\"elementor-section elementor-top-section elementor-element elementor-element-07bcb0d elementor-section-boxed elementor-section-height-default elementor-section-height-default\" data-id=\"07bcb0d\" data-element_type=\"section\" data-e-type=\"section\">\n\t\t\t\t\t\t<div class=\"elementor-container elementor-column-gap-default\">\n\t\t\t\t\t<div class=\"elementor-column elementor-col-50 elementor-top-column elementor-element elementor-element-ac7899e\" data-id=\"ac7899e\" data-element_type=\"column\" data-e-type=\"column\">\n\t\t\t<div class=\"elementor-widget-wrap elementor-element-populated\">\n\t\t\t\t\t\t<div class=\"elementor-element elementor-element-fa3e127 elementor-widget elementor-widget-image\" data-id=\"fa3e127\" data-element_type=\"widget\" data-e-type=\"widget\" data-widget_type=\"image.default\">\n\t\t\t\t<div class=\"elementor-widget-container\">\n\t\t\t\t\t\t\t\t\t\t\t\t\t\t\t<img fetchpriority=\"high\" decoding=\"async\" width=\"500\" height=\"306\" src=\"https:\/\/comunhaoespirita.org.br\/portal\/wp-content\/uploads\/2021\/06\/Selo-VILLA-CRISTA\u0303-2-1.png\" class=\"attachment-medium_large size-medium_large wp-image-7694\" alt=\"\" srcset=\"https:\/\/comunhaoespirita.org.br\/portal\/wp-content\/uploads\/2021\/06\/Selo-VILLA-CRISTA\u0303-2-1.png 500w, https:\/\/comunhaoespirita.org.br\/portal\/wp-content\/uploads\/2021\/06\/Selo-VILLA-CRISTA\u0303-2-1-300x184.png 300w\" sizes=\"(max-width: 500px) 100vw, 500px\" \/>\t\t\t\t\t\t\t\t\t\t\t\t\t\t\t<\/div>\n\t\t\t\t<\/div>\n\t\t\t\t\t<\/div>\n\t\t<\/div>\n\t\t\t\t<div class=\"elementor-column elementor-col-50 elementor-top-column elementor-element elementor-element-1b372d9\" data-id=\"1b372d9\" data-element_type=\"column\" data-e-type=\"column\">\n\t\t\t<div class=\"elementor-widget-wrap elementor-element-populated\">\n\t\t\t\t\t\t<div class=\"elementor-element elementor-element-1025e750 elementor-widget elementor-widget-text-editor\" data-id=\"1025e750\" data-element_type=\"widget\" data-e-type=\"widget\" data-widget_type=\"text-editor.default\">\n\t\t\t\t<div class=\"elementor-widget-container\">\n\t\t\t\t\t\t\t\t\t<h3>Villa Crist\u00e3, uma extens\u00e3o da Comunh\u00e3o<\/h3><p><strong>\u00a0<\/strong>H\u00e1 algumas maneiras eficazes de se tocar as vestes de Jesus: fazer uma ora\u00e7\u00e3o, dedicar um tempo em prol dos necessitados, desprender-se dos bens materiais.<\/p><p>A Villa Crist\u00e3 \u00e9 parte de uma fazenda de quase tr\u00eas alqueires de \u00e1rea localizada em \u00c1guas Lindas, no Estado de Goi\u00e1s. Ela foi doada \u00e0 Comunh\u00e3o em 2017, com sete casas, audit\u00f3rio, refeit\u00f3rio, cozinha, vesti\u00e1rios, salas de estudos, alojamentos para retiro, horta, entre outros.\u00a0O \u201cpresente\u201d foi ofertado por Jos\u00e9 Milton Spotti Varela, incans\u00e1vel trabalhador da Comunh\u00e3o. Ele criou a Villa Crist\u00e3, em terreno pr\u00f3prio, em junho de 2001, com a finalidade principal de estudo, pr\u00e1tica e divulga\u00e7\u00e3o da Doutrina Esp\u00edrita, nos moldes da codifica\u00e7\u00e3o de Allan Kardec.<\/p><p>Atualmente, a Villa oferece cursos gratuitos de confeitaria, artesanato e ingl\u00eas para as fam\u00edlias da regi\u00e3o. Enquanto os respons\u00e1veis participam das aulas, os filhos t\u00eam atividades educacionais e recreativas com outros volunt\u00e1rios, na quadra esportiva e nas salas de educa\u00e7\u00e3o infantil. Uma biblioteca com vasto acervo de obras esp\u00edritas, um bazar e uma horta org\u00e2nica tamb\u00e9m est\u00e3o \u00e0 disposi\u00e7\u00e3o da comunidade local.<\/p>\t\t\t\t\t\t\t\t<\/div>\n\t\t\t\t<\/div>\n\t\t\t\t<div class=\"elementor-element elementor-element-ed851ba elementor-align-center elementor-widget elementor-widget-button\" data-id=\"ed851ba\" data-element_type=\"widget\" data-e-type=\"widget\" data-widget_type=\"button.default\">\n\t\t\t\t<div class=\"elementor-widget-container\">\n\t\t\t\t\t\t\t\t\t<div class=\"elementor-button-wrapper\">\n\t\t\t\t\t<a class=\"elementor-button elementor-button-link elementor-size-sm\" href=\"http:\/\/villacrista.org.br\/site\/pt\/\" target=\"_blank\">\n\t\t\t\t\t\t<span class=\"elementor-button-content-wrapper\">\n\t\t\t\t\t\t\t\t\t<span class=\"elementor-button-text\">Saiba Mais<\/span>\n\t\t\t\t\t<\/span>\n\t\t\t\t\t<\/a>\n\t\t\t\t<\/div>\n\t\t\t\t\t\t\t\t<\/div>\n\t\t\t\t<\/div>\n\t\t\t\t\t<\/div>\n\t\t<\/div>\n\t\t\t\t\t<\/div>\n\t\t<\/section>\n\t\t\t\t<section class=\"elementor-section elementor-top-section elementor-element elementor-element-b2ffca4 elementor-section-boxed elementor-section-height-default elementor-section-height-default\" data-id=\"b2ffca4\" data-element_type=\"section\" data-e-type=\"section\">\n\t\t\t\t\t\t<div class=\"elementor-container elementor-column-gap-default\">\n\t\t\t\t\t<div class=\"elementor-column elementor-col-100 elementor-top-column elementor-element elementor-element-59faed7a\" data-id=\"59faed7a\" data-element_type=\"column\" data-e-type=\"column\">\n\t\t\t<div class=\"elementor-widget-wrap\">\n\t\t\t\t\t\t\t<\/div>\n\t\t<\/div>\n\t\t\t\t\t<\/div>\n\t\t<\/section>\n\t\t\t\t<\/div>\n\t\t","protected":false},"excerpt":{"rendered":"<p>Villa Crist\u00e3 Villa Crist\u00e3, uma extens\u00e3o da Comunh\u00e3o \u00a0H\u00e1 algumas maneiras eficazes de se tocar as vestes de Jesus: fazer uma ora\u00e7\u00e3o, dedicar um tempo em prol dos necessitados, desprender-se [&hellip;]<\/p>\n","protected":false},"author":2,"featured_media":0,"parent":0,"menu_order":0,"comment_status":"closed","ping_status":"closed","template":"","meta":{"footnotes":""},"class_list":["post-7646","page","type-page","status-publish","hentry"],"jetpack_sharing_enabled":true,"_links":{"self":[{"href":"https:\/\/comunhaoespirita.org.br\/portal\/wp-json\/wp\/v2\/pages\/7646","targetHints":{"allow":["GET"]}}],"collection":[{"href":"https:\/\/comunhaoespirita.org.br\/portal\/wp-json\/wp\/v2\/pages"}],"about":[{"href":"https:\/\/comunhaoespirita.org.br\/portal\/wp-json\/wp\/v2\/types\/page"}],"author":[{"embeddable":true,"href":"https:\/\/comunhaoespirita.org.br\/portal\/wp-json\/wp\/v2\/users\/2"}],"replies":[{"embeddable":true,"href":"https:\/\/comunhaoespirita.org.br\/portal\/wp-json\/wp\/v2\/comments?post=7646"}],"version-history":[{"count":10,"href":"https:\/\/comunhaoespirita.org.br\/portal\/wp-json\/wp\/v2\/pages\/7646\/revisions"}],"predecessor-version":[{"id":27633,"href":"https:\/\/comunhaoespirita.org.br\/portal\/wp-json\/wp\/v2\/pages\/7646\/revisions\/27633"}],"wp:attachment":[{"href":"https:\/\/comunhaoespirita.org.br\/portal\/wp-json\/wp\/v2\/media?parent=7646"}],"curies":[{"name":"wp","href":"https:\/\/api.w.org\/{rel}","templated":true}]}}