{"id":7481,"date":"2021-06-19T17:46:00","date_gmt":"2021-06-19T20:46:00","guid":{"rendered":"https:\/\/comunhaoespirita.net\/portal\/?page_id=7481"},"modified":"2026-02-18T12:59:58","modified_gmt":"2026-02-18T15:59:58","slug":"associado-contribuinte","status":"publish","type":"page","link":"https:\/\/comunhaoespirita.org.br\/portal\/daf\/associado-contribuinte\/","title":{"rendered":"Associado Contribuinte"},"content":{"rendered":"\t\t<div data-elementor-type=\"wp-page\" data-elementor-id=\"7481\" class=\"elementor elementor-7481\" data-elementor-post-type=\"page\">\n\t\t\t\t\t\t<section class=\"elementor-section elementor-top-section elementor-element elementor-element-c3aaa1c elementor-section-boxed elementor-section-height-default elementor-section-height-default\" data-id=\"c3aaa1c\" data-element_type=\"section\" data-e-type=\"section\">\n\t\t\t\t\t\t<div class=\"elementor-container elementor-column-gap-default\">\n\t\t\t\t\t<div class=\"elementor-column elementor-col-100 elementor-top-column elementor-element elementor-element-54216a4\" data-id=\"54216a4\" data-element_type=\"column\" data-e-type=\"column\">\n\t\t\t<div class=\"elementor-widget-wrap elementor-element-populated\">\n\t\t\t\t\t\t<div class=\"elementor-element elementor-element-ea88cd6 elementor-widget elementor-widget-heading\" data-id=\"ea88cd6\" data-element_type=\"widget\" data-e-type=\"widget\" data-widget_type=\"heading.default\">\n\t\t\t\t<div class=\"elementor-widget-container\">\n\t\t\t\t\t<h2 class=\"elementor-heading-title elementor-size-default\">Associados Contribuintes<\/h2>\t\t\t\t<\/div>\n\t\t\t\t<\/div>\n\t\t\t\t\t<\/div>\n\t\t<\/div>\n\t\t\t\t\t<\/div>\n\t\t<\/section>\n\t\t\t\t<section class=\"elementor-section elementor-top-section elementor-element elementor-element-1449e6c elementor-section-boxed elementor-section-height-default elementor-section-height-default\" data-id=\"1449e6c\" data-element_type=\"section\" data-e-type=\"section\">\n\t\t\t\t\t\t<div class=\"elementor-container elementor-column-gap-default\">\n\t\t\t\t\t<div class=\"elementor-column elementor-col-16 elementor-top-column elementor-element elementor-element-ca0b6a6\" data-id=\"ca0b6a6\" data-element_type=\"column\" data-e-type=\"column\">\n\t\t\t<div class=\"elementor-widget-wrap\">\n\t\t\t\t\t\t\t<\/div>\n\t\t<\/div>\n\t\t\t\t<div class=\"elementor-column elementor-col-66 elementor-top-column elementor-element elementor-element-1d1d577\" data-id=\"1d1d577\" data-element_type=\"column\" data-e-type=\"column\">\n\t\t\t<div class=\"elementor-widget-wrap elementor-element-populated\">\n\t\t\t\t\t\t<div class=\"elementor-element elementor-element-54f99bb9 elementor-widget elementor-widget-text-editor\" data-id=\"54f99bb9\" data-element_type=\"widget\" data-e-type=\"widget\" data-widget_type=\"text-editor.default\">\n\t\t\t\t<div class=\"elementor-widget-container\">\n\t\t\t\t\t\t\t\t\t<p>\u00a0<\/p><p>A Comunh\u00e3o pode ter n\u00famero ilimitado de associados, adeptos da Doutrina Esp\u00edrita, que se obrigam a cumprir as determina\u00e7\u00f5es do Estatuto, do Regimento Interno, do C\u00f3digo de \u00c9tica e das demais normas decorrentes.<\/p><p>O quadro associativo \u00e9 organizado em tr\u00eas categorias de associados: Fundadores, Votantes e Contribuintes.<\/p><p>Os contribuintes podem se associar a qualquer tempo \u00e0 Comunh\u00e3o. Devem ter mais de 18 anos e aceitar as regras estabelecidas no Estatuto e Regimento Interno.<\/p><h3>Como se associar \u00e0 Comunh\u00e3o<\/h3><p>Preencher e assinar a <strong><a href=\"https:\/\/comunhaoespirita.org.br\/portal\/wp-content\/uploads\/2026\/02\/Ficha-de-Cadastro-de-Associado-Contribuinte-LGPD-DAF-2026.pdf\" target=\"_blank\" rel=\"noopener\">Ficha de Cadastro de Associado Contribuinte<\/a><\/strong> dispon\u00edvel na Divis\u00e3o Financeira da DAF.<\/p><p>Com a ficha preenchida o interessado pode entregar pessoalmente no guich\u00ea da DAF no primeiro andar ou enviar por este <a href=\"https:\/\/comunhaoespirita.org.br\/portal\/daf\/envio-ficha-associado-contribuinte\/\"><strong>formul\u00e1rio<\/strong><\/a>.<\/p><p>O associado receber\u00e1 um n\u00famero de inscri\u00e7\u00e3o, que ser\u00e1 seu n\u00famero de associado.<\/p><p>Uma vez conclu\u00eddo o cadastro, a contribui\u00e7\u00e3o mensal fixada pelo pr\u00f3prio associado passa a ser obrigat\u00f3ria, j\u00e1 que o valor \u00e9 automaticamente alocado em algum compromisso financeiro da Casa.<\/p><p>Por isso, \u00e9 necess\u00e1rio que, por qualquer raz\u00e3o, seja informada \u00e0 Presid\u00eancia a descontinua\u00e7\u00e3o da contribui\u00e7\u00e3o, salvo os associados dispensados da contribui\u00e7\u00e3o por motivos de escassez financeira tempor\u00e1ria ou outro motivo constante das normas da Casa.<\/p><p>Neste \u00faltimo caso, o associado tem os mesmo direitos e deveres.<\/p><p>Associados que faltarem com suas obriga\u00e7\u00f5es sem comunicado \u00e0 Administra\u00e7\u00e3o perder\u00e3o seus direitos e ter\u00e3o sua inscri\u00e7\u00e3o cancelada.<\/p>\t\t\t\t\t\t\t\t<\/div>\n\t\t\t\t<\/div>\n\t\t\t\t\t<\/div>\n\t\t<\/div>\n\t\t\t\t<div class=\"elementor-column elementor-col-16 elementor-top-column elementor-element elementor-element-10cbe79\" data-id=\"10cbe79\" data-element_type=\"column\" data-e-type=\"column\">\n\t\t\t<div class=\"elementor-widget-wrap\">\n\t\t\t\t\t\t\t<\/div>\n\t\t<\/div>\n\t\t\t\t\t<\/div>\n\t\t<\/section>\n\t\t\t\t<\/div>\n\t\t","protected":false},"excerpt":{"rendered":"<p>Associados Contribuintes \u00a0 A Comunh\u00e3o pode ter n\u00famero ilimitado de associados, adeptos da Doutrina Esp\u00edrita, que se obrigam a cumprir as determina\u00e7\u00f5es do Estatuto, do Regimento Interno, do C\u00f3digo de [&hellip;]<\/p>\n","protected":false},"author":2,"featured_media":0,"parent":8007,"menu_order":0,"comment_status":"closed","ping_status":"closed","template":"","meta":{"footnotes":""},"class_list":["post-7481","page","type-page","status-publish","hentry"],"jetpack_sharing_enabled":true,"_links":{"self":[{"href":"https:\/\/comunhaoespirita.org.br\/portal\/wp-json\/wp\/v2\/pages\/7481","targetHints":{"allow":["GET"]}}],"collection":[{"href":"https:\/\/comunhaoespirita.org.br\/portal\/wp-json\/wp\/v2\/pages"}],"about":[{"href":"https:\/\/comunhaoespirita.org.br\/portal\/wp-json\/wp\/v2\/types\/page"}],"author":[{"embeddable":true,"href":"https:\/\/comunhaoespirita.org.br\/portal\/wp-json\/wp\/v2\/users\/2"}],"replies":[{"embeddable":true,"href":"https:\/\/comunhaoespirita.org.br\/portal\/wp-json\/wp\/v2\/comments?post=7481"}],"version-history":[{"count":42,"href":"https:\/\/comunhaoespirita.org.br\/portal\/wp-json\/wp\/v2\/pages\/7481\/revisions"}],"predecessor-version":[{"id":34358,"href":"https:\/\/comunhaoespirita.org.br\/portal\/wp-json\/wp\/v2\/pages\/7481\/revisions\/34358"}],"up":[{"embeddable":true,"href":"https:\/\/comunhaoespirita.org.br\/portal\/wp-json\/wp\/v2\/pages\/8007"}],"wp:attachment":[{"href":"https:\/\/comunhaoespirita.org.br\/portal\/wp-json\/wp\/v2\/media?parent=7481"}],"curies":[{"name":"wp","href":"https:\/\/api.w.org\/{rel}","templated":true}]}}