{"id":7318,"date":"2021-06-17T10:02:55","date_gmt":"2021-06-17T13:02:55","guid":{"rendered":"https:\/\/comunhaoespirita.net\/portal\/?page_id=7318"},"modified":"2025-06-04T11:26:48","modified_gmt":"2025-06-04T14:26:48","slug":"atendimento-fraterno","status":"publish","type":"page","link":"https:\/\/comunhaoespirita.org.br\/portal\/dao\/atendimento-fraterno\/","title":{"rendered":"Atendimento Fraterno"},"content":{"rendered":"\t\t<div data-elementor-type=\"wp-page\" data-elementor-id=\"7318\" class=\"elementor elementor-7318\" data-elementor-post-type=\"page\">\n\t\t\t\t\t\t<section class=\"elementor-section elementor-top-section elementor-element elementor-element-6b68bd8 elementor-section-boxed elementor-section-height-default elementor-section-height-default\" data-id=\"6b68bd8\" data-element_type=\"section\" data-e-type=\"section\">\n\t\t\t\t\t\t<div class=\"elementor-container elementor-column-gap-default\">\n\t\t\t\t\t<div class=\"elementor-column elementor-col-100 elementor-top-column elementor-element elementor-element-a6eb043\" data-id=\"a6eb043\" data-element_type=\"column\" data-e-type=\"column\">\n\t\t\t<div class=\"elementor-widget-wrap elementor-element-populated\">\n\t\t\t\t\t\t<div class=\"elementor-element elementor-element-48db350 elementor-widget elementor-widget-heading\" data-id=\"48db350\" data-element_type=\"widget\" data-e-type=\"widget\" data-widget_type=\"heading.default\">\n\t\t\t\t<div class=\"elementor-widget-container\">\n\t\t\t\t\t<h2 class=\"elementor-heading-title elementor-size-default\">Atendimento Fraterno<\/h2>\t\t\t\t<\/div>\n\t\t\t\t<\/div>\n\t\t\t\t\t<\/div>\n\t\t<\/div>\n\t\t\t\t\t<\/div>\n\t\t<\/section>\n\t\t\t\t<section class=\"elementor-section elementor-top-section elementor-element elementor-element-31d3fcd elementor-section-boxed elementor-section-height-default elementor-section-height-default\" data-id=\"31d3fcd\" data-element_type=\"section\" data-e-type=\"section\">\n\t\t\t\t\t\t<div class=\"elementor-container elementor-column-gap-default\">\n\t\t\t\t\t<div class=\"elementor-column elementor-col-16 elementor-top-column elementor-element elementor-element-089a4ca\" data-id=\"089a4ca\" data-element_type=\"column\" data-e-type=\"column\">\n\t\t\t<div class=\"elementor-widget-wrap\">\n\t\t\t\t\t\t\t<\/div>\n\t\t<\/div>\n\t\t\t\t<div class=\"elementor-column elementor-col-66 elementor-top-column elementor-element elementor-element-49e5846\" data-id=\"49e5846\" data-element_type=\"column\" data-e-type=\"column\">\n\t\t\t<div class=\"elementor-widget-wrap elementor-element-populated\">\n\t\t\t\t\t\t<div class=\"elementor-element elementor-element-2af83977 elementor-widget elementor-widget-text-editor\" data-id=\"2af83977\" data-element_type=\"widget\" data-e-type=\"widget\" data-widget_type=\"text-editor.default\">\n\t\t\t\t<div class=\"elementor-widget-container\">\n\t\t\t\t\t\t\t\t\t<p>O atendimento fraterno individual tem por objetivo: Acolher, Consolar e Esclarecer e encaminhar aos tratamentos espirituais adequados, as pessoas que buscam di\u00e1logo individual e privativo sobre seus problemas existenciais e espirituais.<\/p><h3>Como fazer para ser atendido fraternalmente?<\/h3>\t\t\t\t\t\t\t\t<\/div>\n\t\t\t\t<\/div>\n\t\t\t\t\t<\/div>\n\t\t<\/div>\n\t\t\t\t<div class=\"elementor-column elementor-col-16 elementor-top-column elementor-element elementor-element-23ab293\" data-id=\"23ab293\" data-element_type=\"column\" data-e-type=\"column\">\n\t\t\t<div class=\"elementor-widget-wrap\">\n\t\t\t\t\t\t\t<\/div>\n\t\t<\/div>\n\t\t\t\t\t<\/div>\n\t\t<\/section>\n\t\t\t\t<section class=\"elementor-section elementor-top-section elementor-element elementor-element-e20b750 elementor-section-boxed elementor-section-height-default elementor-section-height-default\" data-id=\"e20b750\" data-element_type=\"section\" data-e-type=\"section\">\n\t\t\t\t\t\t<div class=\"elementor-container elementor-column-gap-wider\">\n\t\t\t\t\t<div class=\"elementor-column elementor-col-50 elementor-top-column elementor-element elementor-element-c70f206\" data-id=\"c70f206\" data-element_type=\"column\" data-e-type=\"column\">\n\t\t\t<div class=\"elementor-widget-wrap elementor-element-populated\">\n\t\t\t\t\t\t<div class=\"elementor-element elementor-element-9887ffe elementor-widget elementor-widget-text-editor\" data-id=\"9887ffe\" data-element_type=\"widget\" data-e-type=\"widget\" data-widget_type=\"text-editor.default\">\n\t\t\t\t<div class=\"elementor-widget-container\">\n\t\t\t\t\t\t\t\t\t<h4>Presencial<\/h4><p>Procurar o atendimento fraterno presencial na Comunh\u00e3o Esp\u00edrita de Bras\u00edlia, na L2 Sul, Quadra 604. Chegando l\u00e1 um volunt\u00e1rio lhe encaminhar\u00e1 para o atendente dispon\u00edvel.<\/p>\t\t\t\t\t\t\t\t<\/div>\n\t\t\t\t<\/div>\n\t\t\t\t<div class=\"elementor-element elementor-element-0b1adc2 elementor-widget elementor-widget-heading\" data-id=\"0b1adc2\" data-element_type=\"widget\" data-e-type=\"widget\" data-widget_type=\"heading.default\">\n\t\t\t\t<div class=\"elementor-widget-container\">\n\t\t\t\t\t<h5 class=\"elementor-heading-title elementor-size-default\">Hor\u00e1rios para os atendimentos presenciais<\/h5>\t\t\t\t<\/div>\n\t\t\t\t<\/div>\n\t\t\t\t<div class=\"elementor-element elementor-element-d4ce2ec elementor-widget elementor-widget-image\" data-id=\"d4ce2ec\" data-element_type=\"widget\" data-e-type=\"widget\" data-widget_type=\"image.default\">\n\t\t\t\t<div class=\"elementor-widget-container\">\n\t\t\t\t\t\t\t\t\t\t\t\t\t\t\t<img fetchpriority=\"high\" decoding=\"async\" width=\"800\" height=\"450\" src=\"https:\/\/comunhaoespirita.org.br\/portal\/wp-content\/uploads\/2025\/06\/atendimento-fraterno-horarios-02jun26-1024x576.jpg\" class=\"attachment-large size-large wp-image-31602\" alt=\"\" srcset=\"https:\/\/comunhaoespirita.org.br\/portal\/wp-content\/uploads\/2025\/06\/atendimento-fraterno-horarios-02jun26-1024x576.jpg 1024w, https:\/\/comunhaoespirita.org.br\/portal\/wp-content\/uploads\/2025\/06\/atendimento-fraterno-horarios-02jun26-300x169.jpg 300w, https:\/\/comunhaoespirita.org.br\/portal\/wp-content\/uploads\/2025\/06\/atendimento-fraterno-horarios-02jun26-768x432.jpg 768w, https:\/\/comunhaoespirita.org.br\/portal\/wp-content\/uploads\/2025\/06\/atendimento-fraterno-horarios-02jun26-1536x864.jpg 1536w, https:\/\/comunhaoespirita.org.br\/portal\/wp-content\/uploads\/2025\/06\/atendimento-fraterno-horarios-02jun26.jpg 1600w\" sizes=\"(max-width: 800px) 100vw, 800px\" \/>\t\t\t\t\t\t\t\t\t\t\t\t\t\t\t<\/div>\n\t\t\t\t<\/div>\n\t\t\t\t\t<\/div>\n\t\t<\/div>\n\t\t\t\t<div class=\"elementor-column elementor-col-50 elementor-top-column elementor-element elementor-element-bedc811\" data-id=\"bedc811\" data-element_type=\"column\" data-e-type=\"column\">\n\t\t\t<div class=\"elementor-widget-wrap elementor-element-populated\">\n\t\t\t\t\t\t<div class=\"elementor-element elementor-element-74277a5 elementor-widget elementor-widget-text-editor\" data-id=\"74277a5\" data-element_type=\"widget\" data-e-type=\"widget\" data-widget_type=\"text-editor.default\">\n\t\t\t\t<div class=\"elementor-widget-container\">\n\t\t\t\t\t\t\t\t\t<h4>Online<\/h4><p>Temos tamb\u00e9m o atendimento online.<\/p><p>Neste caso voc\u00ea ter\u00e1 que enviar um e-mail para <strong><a href=\"mailto:dao@comunhaoespirita.org.br\">dao@comunhaoespirita.org.br<\/a><\/strong>\u00a0e pedir que deseja ser atendido. Retornaremos o e-mail lhe perguntando a hora e o dia que voc\u00ea deseja o atendimento, assim que tivermos a sua resposta, ser\u00e1 marcado e enviaremos um link para voc\u00ea e para o (a) atendente.<\/p>\t\t\t\t\t\t\t\t<\/div>\n\t\t\t\t<\/div>\n\t\t\t\t\t<\/div>\n\t\t<\/div>\n\t\t\t\t\t<\/div>\n\t\t<\/section>\n\t\t\t\t<section class=\"elementor-section elementor-top-section elementor-element elementor-element-42e59be elementor-section-boxed elementor-section-height-default elementor-section-height-default\" data-id=\"42e59be\" data-element_type=\"section\" data-e-type=\"section\">\n\t\t\t\t\t\t<div class=\"elementor-container elementor-column-gap-wider\">\n\t\t\t\t\t<div class=\"elementor-column elementor-col-16 elementor-top-column elementor-element elementor-element-9376273\" data-id=\"9376273\" data-element_type=\"column\" data-e-type=\"column\">\n\t\t\t<div class=\"elementor-widget-wrap\">\n\t\t\t\t\t\t\t<\/div>\n\t\t<\/div>\n\t\t\t\t<div class=\"elementor-column elementor-col-66 elementor-top-column elementor-element elementor-element-55cd267\" data-id=\"55cd267\" data-element_type=\"column\" data-e-type=\"column\">\n\t\t\t<div class=\"elementor-widget-wrap elementor-element-populated\">\n\t\t\t\t\t\t<div class=\"elementor-element elementor-element-3f1538f elementor-widget elementor-widget-text-editor\" data-id=\"3f1538f\" data-element_type=\"widget\" data-e-type=\"widget\" data-widget_type=\"text-editor.default\">\n\t\t\t\t<div class=\"elementor-widget-container\">\n\t\t\t\t\t\t\t\t\t<p>Para informa\u00e7\u00f5es mais detalhadas , acesse a p\u00e1gina da Diretoria de Atendimento e Orienta\u00e7\u00e3o &#8211; DAO:<\/p>\t\t\t\t\t\t\t\t<\/div>\n\t\t\t\t<\/div>\n\t\t\t\t<div class=\"elementor-element elementor-element-bae303a elementor-align-center elementor-widget elementor-widget-button\" data-id=\"bae303a\" data-element_type=\"widget\" data-e-type=\"widget\" data-widget_type=\"button.default\">\n\t\t\t\t<div class=\"elementor-widget-container\">\n\t\t\t\t\t\t\t\t\t<div class=\"elementor-button-wrapper\">\n\t\t\t\t\t<a class=\"elementor-button elementor-button-link elementor-size-sm\" href=\"https:\/\/comunhaoespirita.org.br\/portal\/dao\/\">\n\t\t\t\t\t\t<span class=\"elementor-button-content-wrapper\">\n\t\t\t\t\t\t\t\t\t<span class=\"elementor-button-text\">Acesse<\/span>\n\t\t\t\t\t<\/span>\n\t\t\t\t\t<\/a>\n\t\t\t\t<\/div>\n\t\t\t\t\t\t\t\t<\/div>\n\t\t\t\t<\/div>\n\t\t\t\t\t<\/div>\n\t\t<\/div>\n\t\t\t\t<div class=\"elementor-column elementor-col-16 elementor-top-column elementor-element elementor-element-e1b5f1c\" data-id=\"e1b5f1c\" data-element_type=\"column\" data-e-type=\"column\">\n\t\t\t<div class=\"elementor-widget-wrap\">\n\t\t\t\t\t\t\t<\/div>\n\t\t<\/div>\n\t\t\t\t\t<\/div>\n\t\t<\/section>\n\t\t\t\t<section class=\"elementor-section elementor-top-section elementor-element elementor-element-4f6b33b9 elementor-section-boxed elementor-section-height-default elementor-section-height-default\" data-id=\"4f6b33b9\" data-element_type=\"section\" data-e-type=\"section\">\n\t\t\t\t\t\t<div class=\"elementor-container elementor-column-gap-default\">\n\t\t\t\t\t<div class=\"elementor-column elementor-col-100 elementor-top-column elementor-element elementor-element-63b4e3bb\" data-id=\"63b4e3bb\" data-element_type=\"column\" data-e-type=\"column\">\n\t\t\t<div class=\"elementor-widget-wrap\">\n\t\t\t\t\t\t\t<\/div>\n\t\t<\/div>\n\t\t\t\t\t<\/div>\n\t\t<\/section>\n\t\t\t\t<\/div>\n\t\t","protected":false},"excerpt":{"rendered":"<p>Atendimento Fraterno O atendimento fraterno individual tem por objetivo: Acolher, Consolar e Esclarecer e encaminhar aos tratamentos espirituais adequados, as pessoas que buscam di\u00e1logo individual e privativo sobre seus problemas [&hellip;]<\/p>\n","protected":false},"author":2,"featured_media":0,"parent":7721,"menu_order":0,"comment_status":"closed","ping_status":"closed","template":"","meta":{"footnotes":""},"class_list":["post-7318","page","type-page","status-publish","hentry"],"jetpack_sharing_enabled":true,"_links":{"self":[{"href":"https:\/\/comunhaoespirita.org.br\/portal\/wp-json\/wp\/v2\/pages\/7318","targetHints":{"allow":["GET"]}}],"collection":[{"href":"https:\/\/comunhaoespirita.org.br\/portal\/wp-json\/wp\/v2\/pages"}],"about":[{"href":"https:\/\/comunhaoespirita.org.br\/portal\/wp-json\/wp\/v2\/types\/page"}],"author":[{"embeddable":true,"href":"https:\/\/comunhaoespirita.org.br\/portal\/wp-json\/wp\/v2\/users\/2"}],"replies":[{"embeddable":true,"href":"https:\/\/comunhaoespirita.org.br\/portal\/wp-json\/wp\/v2\/comments?post=7318"}],"version-history":[{"count":23,"href":"https:\/\/comunhaoespirita.org.br\/portal\/wp-json\/wp\/v2\/pages\/7318\/revisions"}],"predecessor-version":[{"id":31613,"href":"https:\/\/comunhaoespirita.org.br\/portal\/wp-json\/wp\/v2\/pages\/7318\/revisions\/31613"}],"up":[{"embeddable":true,"href":"https:\/\/comunhaoespirita.org.br\/portal\/wp-json\/wp\/v2\/pages\/7721"}],"wp:attachment":[{"href":"https:\/\/comunhaoespirita.org.br\/portal\/wp-json\/wp\/v2\/media?parent=7318"}],"curies":[{"name":"wp","href":"https:\/\/api.w.org\/{rel}","templated":true}]}}