{"id":7283,"date":"2021-06-17T08:15:09","date_gmt":"2021-06-17T11:15:09","guid":{"rendered":"https:\/\/comunhaoespirita.net\/portal\/?page_id=7283"},"modified":"2025-05-08T12:38:57","modified_gmt":"2025-05-08T15:38:57","slug":"evangelizacao-infantojuvenil","status":"publish","type":"page","link":"https:\/\/comunhaoespirita.org.br\/portal\/dij\/evangelizacao-infantojuvenil\/","title":{"rendered":"Evangeliza\u00e7\u00e3o Infantojuvenil"},"content":{"rendered":"\t\t<div data-elementor-type=\"wp-page\" data-elementor-id=\"7283\" class=\"elementor elementor-7283\" data-elementor-post-type=\"page\">\n\t\t\t\t\t\t<section class=\"elementor-section elementor-top-section elementor-element elementor-element-f8da601 elementor-section-boxed elementor-section-height-default elementor-section-height-default\" data-id=\"f8da601\" data-element_type=\"section\" data-e-type=\"section\">\n\t\t\t\t\t\t<div class=\"elementor-container elementor-column-gap-default\">\n\t\t\t\t\t<div class=\"elementor-column elementor-col-100 elementor-top-column elementor-element elementor-element-0eb813a\" data-id=\"0eb813a\" data-element_type=\"column\" data-e-type=\"column\">\n\t\t\t<div class=\"elementor-widget-wrap elementor-element-populated\">\n\t\t\t\t\t\t<div class=\"elementor-element elementor-element-e5f5471 elementor-widget elementor-widget-heading\" data-id=\"e5f5471\" data-element_type=\"widget\" data-e-type=\"widget\" data-widget_type=\"heading.default\">\n\t\t\t\t<div class=\"elementor-widget-container\">\n\t\t\t\t\t<h2 class=\"elementor-heading-title elementor-size-default\">Evangeliza\u00e7\u00e3o Infantojuvenil<\/h2>\t\t\t\t<\/div>\n\t\t\t\t<\/div>\n\t\t\t\t\t<\/div>\n\t\t<\/div>\n\t\t\t\t\t<\/div>\n\t\t<\/section>\n\t\t\t\t<section class=\"elementor-section elementor-top-section elementor-element elementor-element-f6e7db9 elementor-section-boxed elementor-section-height-default elementor-section-height-default\" data-id=\"f6e7db9\" data-element_type=\"section\" data-e-type=\"section\">\n\t\t\t\t\t\t<div class=\"elementor-container elementor-column-gap-default\">\n\t\t\t\t\t<div class=\"elementor-column elementor-col-16 elementor-top-column elementor-element elementor-element-a0303d6\" data-id=\"a0303d6\" data-element_type=\"column\" data-e-type=\"column\">\n\t\t\t<div class=\"elementor-widget-wrap\">\n\t\t\t\t\t\t\t<\/div>\n\t\t<\/div>\n\t\t\t\t<div class=\"elementor-column elementor-col-66 elementor-top-column elementor-element elementor-element-ec59f57\" data-id=\"ec59f57\" data-element_type=\"column\" data-e-type=\"column\">\n\t\t\t<div class=\"elementor-widget-wrap elementor-element-populated\">\n\t\t\t\t\t\t<div class=\"elementor-element elementor-element-24b8598a elementor-widget elementor-widget-text-editor\" data-id=\"24b8598a\" data-element_type=\"widget\" data-e-type=\"widget\" data-widget_type=\"text-editor.default\">\n\t\t\t\t<div class=\"elementor-widget-container\">\n\t\t\t\t\t\t\t\t\t<p>A Diretoria de Inf\u00e2ncia e Juventude tem por objetivo a evangeliza\u00e7\u00e3o de crian\u00e7as e jovens de 3 meses a 18 anos de idade, por meio do conhecimento e da pr\u00e1tica dos ensinos morais do Evangelho de Jesus \u00e0 luz da Doutrina Esp\u00edrita.<\/p><p>As aulas ocorrem aos s\u00e1bados, em dois turnos, conforme o interesse da fam\u00edlia e a exist\u00eancia de vaga: das 14h30 \u00e0s 15h30 ou das 15h45 \u00e0s 16h45.<\/p><p>As matr\u00edculas podem ser realizadas aos s\u00e1bados, das 14h15 \u00e0s 16h15, na recep\u00e7\u00e3o, durante todo o ano.<\/p><p>Em 2022 estamos retomando as nossas atividades presenciais (para as crian\u00e7as e jovens de 4 a 18 anos).<\/p><p>Para informa\u00e7\u00f5es mais detalhadas e para acessar as videoaulas j\u00e1 produzidas, acesse a p\u00e1gina da Diretoria de Inf\u00e2ncia e Juventude &#8211; DIJ:<\/p>\t\t\t\t\t\t\t\t<\/div>\n\t\t\t\t<\/div>\n\t\t\t\t<div class=\"elementor-element elementor-element-e691602 elementor-align-center elementor-widget elementor-widget-button\" data-id=\"e691602\" data-element_type=\"widget\" data-e-type=\"widget\" data-widget_type=\"button.default\">\n\t\t\t\t<div class=\"elementor-widget-container\">\n\t\t\t\t\t\t\t\t\t<div class=\"elementor-button-wrapper\">\n\t\t\t\t\t<a class=\"elementor-button elementor-button-link elementor-size-sm\" href=\"https:\/\/comunhaoespirita.org.br\/portal\/dij\/\">\n\t\t\t\t\t\t<span class=\"elementor-button-content-wrapper\">\n\t\t\t\t\t\t\t\t\t<span class=\"elementor-button-text\">Acesse<\/span>\n\t\t\t\t\t<\/span>\n\t\t\t\t\t<\/a>\n\t\t\t\t<\/div>\n\t\t\t\t\t\t\t\t<\/div>\n\t\t\t\t<\/div>\n\t\t\t\t\t<\/div>\n\t\t<\/div>\n\t\t\t\t<div class=\"elementor-column elementor-col-16 elementor-top-column elementor-element elementor-element-c6e6feb\" data-id=\"c6e6feb\" data-element_type=\"column\" data-e-type=\"column\">\n\t\t\t<div class=\"elementor-widget-wrap\">\n\t\t\t\t\t\t\t<\/div>\n\t\t<\/div>\n\t\t\t\t\t<\/div>\n\t\t<\/section>\n\t\t\t\t<section class=\"elementor-section elementor-top-section elementor-element elementor-element-4e1027a1 elementor-section-boxed elementor-section-height-default elementor-section-height-default\" data-id=\"4e1027a1\" data-element_type=\"section\" data-e-type=\"section\">\n\t\t\t\t\t\t<div class=\"elementor-container elementor-column-gap-default\">\n\t\t\t\t\t<div class=\"elementor-column elementor-col-100 elementor-top-column elementor-element elementor-element-4f5b78d9\" data-id=\"4f5b78d9\" data-element_type=\"column\" data-e-type=\"column\">\n\t\t\t<div class=\"elementor-widget-wrap\">\n\t\t\t\t\t\t\t<\/div>\n\t\t<\/div>\n\t\t\t\t\t<\/div>\n\t\t<\/section>\n\t\t\t\t<\/div>\n\t\t","protected":false},"excerpt":{"rendered":"<p>Evangeliza\u00e7\u00e3o Infantojuvenil A Diretoria de Inf\u00e2ncia e Juventude tem por objetivo a evangeliza\u00e7\u00e3o de crian\u00e7as e jovens de 3 meses a 18 anos de idade, por meio do conhecimento e [&hellip;]<\/p>\n","protected":false},"author":2,"featured_media":0,"parent":7372,"menu_order":0,"comment_status":"closed","ping_status":"closed","template":"","meta":{"footnotes":""},"class_list":["post-7283","page","type-page","status-publish","hentry"],"jetpack_sharing_enabled":true,"_links":{"self":[{"href":"https:\/\/comunhaoespirita.org.br\/portal\/wp-json\/wp\/v2\/pages\/7283","targetHints":{"allow":["GET"]}}],"collection":[{"href":"https:\/\/comunhaoespirita.org.br\/portal\/wp-json\/wp\/v2\/pages"}],"about":[{"href":"https:\/\/comunhaoespirita.org.br\/portal\/wp-json\/wp\/v2\/types\/page"}],"author":[{"embeddable":true,"href":"https:\/\/comunhaoespirita.org.br\/portal\/wp-json\/wp\/v2\/users\/2"}],"replies":[{"embeddable":true,"href":"https:\/\/comunhaoespirita.org.br\/portal\/wp-json\/wp\/v2\/comments?post=7283"}],"version-history":[{"count":14,"href":"https:\/\/comunhaoespirita.org.br\/portal\/wp-json\/wp\/v2\/pages\/7283\/revisions"}],"predecessor-version":[{"id":27606,"href":"https:\/\/comunhaoespirita.org.br\/portal\/wp-json\/wp\/v2\/pages\/7283\/revisions\/27606"}],"up":[{"embeddable":true,"href":"https:\/\/comunhaoespirita.org.br\/portal\/wp-json\/wp\/v2\/pages\/7372"}],"wp:attachment":[{"href":"https:\/\/comunhaoespirita.org.br\/portal\/wp-json\/wp\/v2\/media?parent=7283"}],"curies":[{"name":"wp","href":"https:\/\/api.w.org\/{rel}","templated":true}]}}