{"id":7121,"date":"2021-06-14T19:48:27","date_gmt":"2021-06-14T22:48:27","guid":{"rendered":"https:\/\/comunhaoespirita.net\/portal\/?page_id=7121"},"modified":"2025-05-08T12:29:10","modified_gmt":"2025-05-08T15:29:10","slug":"doacoes","status":"publish","type":"page","link":"https:\/\/comunhaoespirita.org.br\/portal\/doacoes\/","title":{"rendered":"Doa\u00e7\u00f5es"},"content":{"rendered":"\t\t<div data-elementor-type=\"wp-page\" data-elementor-id=\"7121\" class=\"elementor elementor-7121\" data-elementor-post-type=\"page\">\n\t\t\t\t\t\t<section class=\"elementor-section elementor-top-section elementor-element elementor-element-3692e33 elementor-section-boxed elementor-section-height-default elementor-section-height-default\" data-id=\"3692e33\" data-element_type=\"section\" data-e-type=\"section\">\n\t\t\t\t\t\t<div class=\"elementor-container elementor-column-gap-default\">\n\t\t\t\t\t<div class=\"elementor-column elementor-col-100 elementor-top-column elementor-element elementor-element-89f36f7\" data-id=\"89f36f7\" data-element_type=\"column\" data-e-type=\"column\">\n\t\t\t<div class=\"elementor-widget-wrap elementor-element-populated\">\n\t\t\t\t\t\t<div class=\"elementor-element elementor-element-8e02b7e elementor-widget elementor-widget-heading\" data-id=\"8e02b7e\" data-element_type=\"widget\" data-e-type=\"widget\" data-widget_type=\"heading.default\">\n\t\t\t\t<div class=\"elementor-widget-container\">\n\t\t\t\t\t<h2 class=\"elementor-heading-title elementor-size-default\">Doa\u00e7\u00f5es<\/h2>\t\t\t\t<\/div>\n\t\t\t\t<\/div>\n\t\t\t\t\t<\/div>\n\t\t<\/div>\n\t\t\t\t\t<\/div>\n\t\t<\/section>\n\t\t\t\t<section class=\"elementor-section elementor-top-section elementor-element elementor-element-7e135ae elementor-section-boxed elementor-section-height-default elementor-section-height-default\" data-id=\"7e135ae\" data-element_type=\"section\" data-e-type=\"section\">\n\t\t\t\t\t\t<div class=\"elementor-container elementor-column-gap-extended\">\n\t\t\t\t\t<div class=\"elementor-column elementor-col-33 elementor-top-column elementor-element elementor-element-f2be9a0\" data-id=\"f2be9a0\" data-element_type=\"column\" data-e-type=\"column\">\n\t\t\t<div class=\"elementor-widget-wrap elementor-element-populated\">\n\t\t\t\t\t\t<div class=\"elementor-element elementor-element-386def6 elementor-widget elementor-widget-text-editor\" data-id=\"386def6\" data-element_type=\"widget\" data-e-type=\"widget\" data-widget_type=\"text-editor.default\">\n\t\t\t\t<div class=\"elementor-widget-container\">\n\t\t\t\t\t\t\t\t\t<h3>Ajude nas obras sociais e na manuten\u00e7\u00e3o da Comunh\u00e3o Esp\u00edrita de Bras\u00edlia<\/h3><p>As doa\u00e7\u00f5es de objetos, alimentos, m\u00f3veis, eletrodom\u00e9sticos, etc. devem ser realizadas junto \u00e0 Divis\u00e3o de Almoxarifado.<\/p><p>Doa\u00e7\u00f5es de m\u00f3veis e demais objetos de grandes dimens\u00f5es devem ser comunicadas ao Almoxarifado para agendamento de coleta pela Comunh\u00e3o.<\/p><p>Observar que as eventuais doa\u00e7\u00f5es de materiais mobili\u00e1rios ou eletroeletr\u00f4nicos a grupo de trabalho da Casa dever\u00e3o ser efetivadas mediante ato de doa\u00e7\u00e3o \u00e0 Comunh\u00e3o, na DAF.<\/p><p>Caso a doa\u00e7\u00e3o seja financeira, as informa\u00e7\u00f5es banc\u00e1rias est\u00e3o a seguir:<\/p>\t\t\t\t\t\t\t\t<\/div>\n\t\t\t\t<\/div>\n\t\t\t\t\t<\/div>\n\t\t<\/div>\n\t\t\t\t<div class=\"elementor-column elementor-col-33 elementor-top-column elementor-element elementor-element-3e73808\" data-id=\"3e73808\" data-element_type=\"column\" data-e-type=\"column\">\n\t\t\t<div class=\"elementor-widget-wrap elementor-element-populated\">\n\t\t\t\t\t\t<div class=\"elementor-element elementor-element-6ee3e41 elementor-widget elementor-widget-text-editor\" data-id=\"6ee3e41\" data-element_type=\"widget\" data-e-type=\"widget\" data-widget_type=\"text-editor.default\">\n\t\t\t\t<div class=\"elementor-widget-container\">\n\t\t\t\t\t\t\t\t\t<h3>Contas da Comunh\u00e3o Esp\u00edrita de Bras\u00edlia<\/h3><p><span style=\"color: #ff0000;\"><strong>CNPJ 00.307.447\/0001-08<\/strong><\/span><\/p><h4>Banco do Brasil \u2013 BB<\/h4><ul><li>N\u00ba Banco: 001<\/li><li>Ag\u00eancia: 3599-8<\/li><li>Conta Corrente: 221.858-5<\/li><li>PIX: 61 99625-8723<\/li><\/ul><h4>Banco de Bras\u00edlia \u2013 BRB<\/h4><ul><li>N\u00ba Banco: 070<\/li><li>Ag\u00eancia: 204<\/li><li>Conta Corrente: 007.236-0<\/li><li>PIX: 00.307.447\/0001-08<\/li><\/ul>\t\t\t\t\t\t\t\t<\/div>\n\t\t\t\t<\/div>\n\t\t\t\t\t<\/div>\n\t\t<\/div>\n\t\t\t\t<div class=\"elementor-column elementor-col-33 elementor-top-column elementor-element elementor-element-a56b5d6\" data-id=\"a56b5d6\" data-element_type=\"column\" data-e-type=\"column\">\n\t\t\t<div class=\"elementor-widget-wrap elementor-element-populated\">\n\t\t\t\t\t\t<div class=\"elementor-element elementor-element-a48a325 elementor-widget elementor-widget-text-editor\" data-id=\"a48a325\" data-element_type=\"widget\" data-e-type=\"widget\" data-widget_type=\"text-editor.default\">\n\t\t\t\t<div class=\"elementor-widget-container\">\n\t\t\t\t\t\t\t\t\t<h3>Doe pelo QR Code!<\/h3><ol><li>Abra o leitor de QR Code dentro do aplicativo do seu banco.<\/li><li>Aponte a c\u00e2mera do seu celular para realizar a leitura do QR Code<br \/><br \/><img fetchpriority=\"high\" decoding=\"async\" class=\"alignnone size-medium wp-image-21874\" src=\"https:\/\/comunhaoespirita.org.br\/portal\/wp-content\/uploads\/2023\/12\/QR-Code-pix-Comunhao-300x300.png\" alt=\"\" width=\"300\" height=\"300\" srcset=\"https:\/\/comunhaoespirita.org.br\/portal\/wp-content\/uploads\/2023\/12\/QR-Code-pix-Comunhao-300x300.png 300w, https:\/\/comunhaoespirita.org.br\/portal\/wp-content\/uploads\/2023\/12\/QR-Code-pix-Comunhao-1024x1024.png 1024w, https:\/\/comunhaoespirita.org.br\/portal\/wp-content\/uploads\/2023\/12\/QR-Code-pix-Comunhao-150x150.png 150w, https:\/\/comunhaoespirita.org.br\/portal\/wp-content\/uploads\/2023\/12\/QR-Code-pix-Comunhao-768x768.png 768w, https:\/\/comunhaoespirita.org.br\/portal\/wp-content\/uploads\/2023\/12\/QR-Code-pix-Comunhao-70x70.png 70w, https:\/\/comunhaoespirita.org.br\/portal\/wp-content\/uploads\/2023\/12\/QR-Code-pix-Comunhao-600x600.png 600w, https:\/\/comunhaoespirita.org.br\/portal\/wp-content\/uploads\/2023\/12\/QR-Code-pix-Comunhao.png 1080w\" sizes=\"(max-width: 300px) 100vw, 300px\" \/><br \/><br \/>ou digite a <strong>chave PIX: (61)99625-8723.<\/strong><\/li><li>Digite o valor da sua doa\u00e7\u00e3o.<\/li><li><strong>Confira se os dados da Comunh\u00e3o Esp\u00edrita aparecem como<br \/><\/strong><strong>recebedor do PIX e confirme sua doa\u00e7\u00e3o.<\/strong><\/li><\/ol>\t\t\t\t\t\t\t\t<\/div>\n\t\t\t\t<\/div>\n\t\t\t\t\t<\/div>\n\t\t<\/div>\n\t\t\t\t\t<\/div>\n\t\t<\/section>\n\t\t\t\t<section class=\"elementor-section elementor-top-section elementor-element elementor-element-ca6af9 elementor-section-boxed elementor-section-height-default elementor-section-height-default\" data-id=\"ca6af9\" data-element_type=\"section\" data-e-type=\"section\">\n\t\t\t\t\t\t<div class=\"elementor-container elementor-column-gap-default\">\n\t\t\t\t\t<div class=\"elementor-column elementor-col-100 elementor-top-column elementor-element elementor-element-858af75\" data-id=\"858af75\" data-element_type=\"column\" data-e-type=\"column\">\n\t\t\t<div class=\"elementor-widget-wrap\">\n\t\t\t\t\t\t\t<\/div>\n\t\t<\/div>\n\t\t\t\t\t<\/div>\n\t\t<\/section>\n\t\t\t\t<\/div>\n\t\t","protected":false},"excerpt":{"rendered":"<p>Doa\u00e7\u00f5es Ajude nas obras sociais e na manuten\u00e7\u00e3o da Comunh\u00e3o Esp\u00edrita de Bras\u00edlia As doa\u00e7\u00f5es de objetos, alimentos, m\u00f3veis, eletrodom\u00e9sticos, etc. devem ser realizadas junto \u00e0 Divis\u00e3o de Almoxarifado. Doa\u00e7\u00f5es [&hellip;]<\/p>\n","protected":false},"author":2,"featured_media":0,"parent":0,"menu_order":0,"comment_status":"closed","ping_status":"closed","template":"","meta":{"footnotes":""},"class_list":["post-7121","page","type-page","status-publish","hentry"],"jetpack_sharing_enabled":true,"_links":{"self":[{"href":"https:\/\/comunhaoespirita.org.br\/portal\/wp-json\/wp\/v2\/pages\/7121","targetHints":{"allow":["GET"]}}],"collection":[{"href":"https:\/\/comunhaoespirita.org.br\/portal\/wp-json\/wp\/v2\/pages"}],"about":[{"href":"https:\/\/comunhaoespirita.org.br\/portal\/wp-json\/wp\/v2\/types\/page"}],"author":[{"embeddable":true,"href":"https:\/\/comunhaoespirita.org.br\/portal\/wp-json\/wp\/v2\/users\/2"}],"replies":[{"embeddable":true,"href":"https:\/\/comunhaoespirita.org.br\/portal\/wp-json\/wp\/v2\/comments?post=7121"}],"version-history":[{"count":55,"href":"https:\/\/comunhaoespirita.org.br\/portal\/wp-json\/wp\/v2\/pages\/7121\/revisions"}],"predecessor-version":[{"id":27599,"href":"https:\/\/comunhaoespirita.org.br\/portal\/wp-json\/wp\/v2\/pages\/7121\/revisions\/27599"}],"wp:attachment":[{"href":"https:\/\/comunhaoespirita.org.br\/portal\/wp-json\/wp\/v2\/media?parent=7121"}],"curies":[{"name":"wp","href":"https:\/\/api.w.org\/{rel}","templated":true}]}}