{"id":34928,"date":"2026-05-04T10:06:08","date_gmt":"2026-05-04T13:06:08","guid":{"rendered":"https:\/\/comunhaoespirita.org.br\/portal\/?page_id=34928"},"modified":"2026-05-04T10:38:02","modified_gmt":"2026-05-04T13:38:02","slug":"politica-de-privacidade","status":"publish","type":"page","link":"https:\/\/comunhaoespirita.org.br\/portal\/politica-de-privacidade\/","title":{"rendered":"Pol\u00edtica de privacidade"},"content":{"rendered":"\t\t<div data-elementor-type=\"wp-page\" data-elementor-id=\"34928\" class=\"elementor elementor-34928\" data-elementor-post-type=\"page\">\n\t\t\t\t<div class=\"elementor-element elementor-element-14eb3b55 e-flex e-con-boxed e-con e-parent\" data-id=\"14eb3b55\" data-element_type=\"container\" data-e-type=\"container\">\n\t\t\t\t\t<div class=\"e-con-inner\">\n\t\t\t\t<div class=\"elementor-element elementor-element-6ca8e9ec elementor-widget elementor-widget-text-editor\" data-id=\"6ca8e9ec\" data-element_type=\"widget\" data-e-type=\"widget\" data-widget_type=\"text-editor.default\">\n\t\t\t\t<div class=\"elementor-widget-container\">\n\t\t\t\t\t\t\t\t\t<p style=\"text-align: center; margin-top: 10px; font-size: 30px;\"><strong>\u00a0<\/strong><\/p><p style=\"text-align: center; margin-top: 10px; font-size: 30px;\"><strong>POL\u00cdTICA DE PRIVACIDADE<\/strong><\/p><p><strong>A Comunh\u00e3o Esp\u00edrita de Bras\u00edlia valoriza a sua privacidade e est\u00e1 comprometida em proteger os dados pessoais de seus frequentadores e\/ou usu\u00e1rios. Esta Pol\u00edtica de Privacidade informa quais dados coletamos, a finalidade de uso dos dados coletados, hip\u00f3teses de compartilhamento <\/strong><b>e quais medidas t\u00e9cnicas e organizacionais s\u00e3o adotadas para prote\u00e7\u00e3o de seus dados pessoais.<\/b><\/p><ol><li><b> Cole<\/b><strong>ta dos Dados Pessoais<\/strong><\/li><\/ol><p>Podemos coletar os seguintes dados:<\/p><ul><li>Nome, telefone, n\u00ba de WhatsApp, e-mail e outros dados necess\u00e1rios, previstos em nossos formul\u00e1rios e\/ou sistemas de cadastro; e<\/li><li>Dados relacionados a intera\u00e7\u00f5es feitas pelo WhatsApp e outros canais de comunica\u00e7\u00e3o.<\/li><\/ul><ol start=\"2\"><li><strong> Uso dos Dados Pessoais<\/strong><\/li><\/ol><p>Utilizamos seus dados pessoais com as seguintes finalidades:<\/p><ul><li>Enviar comunica\u00e7\u00f5es relacionadas \u00e0s atividades final\u00edsticas previstas no Estatuto da Comunh\u00e3o Esp\u00edrita de Bras\u00edlia (<u>acesse aqui<\/u>), como por exemplo: conte\u00fados sobre os estudos doutrin\u00e1rios, assist\u00eancia social e eventos culturais realizados na Comunh\u00e3o;<\/li><li>Melhorar nossos servi\u00e7os e atendimento; e<\/li><li>Cumprir obriga\u00e7\u00f5es legais e regulat\u00f3rias.<\/li><\/ul><ol start=\"3\"><li><strong> Compartilhamento dos Dados Pessoais<\/strong><\/li><\/ol><p>N\u00e3o vendemos ou compartilhamos seus dados pessoais com terceiros. O compartilhamento ocorrer\u00e1 apenas quando necess\u00e1rio para:<\/p><ul><li>Cumprir exig\u00eancias legais;<\/li><li>Fornecer servi\u00e7os por meio de parceiros de confian\u00e7a (ex.: provedores de hospedagem, servi\u00e7os de pagamento); e<\/li><li>Realizar registros necess\u00e1rios ao cumprimento das atividades final\u00edsticas sendo que nestas atividades, volunt\u00e1rios e\/ou empregados ter\u00e3o acesso m\u00ednimo aos seus dados pessoais. Ambos os grupos (volunt\u00e1rios e empregados) possuem documento de compromisso e responsabilidade formalizado por meio de Termo de Ades\u00e3o ao Trabalho Volunt\u00e1rio e\/ou Contrato de Trabalho comprometendo-se a N\u00c3O COMPARTILHAR seus dados com terceiros n\u00e3o autorizados e que n\u00e3o fazem parte do escopo de atua\u00e7\u00e3o e de servi\u00e7os da Comunh\u00e3o Esp\u00edrita de Bras\u00edlia, previstos no seu Estatuto e em suas regras gerais de a\u00e7\u00e3o.<\/li><\/ul><ol start=\"4\"><li><strong> Seguran\u00e7a dos Dados Pessoais <\/strong><\/li><\/ol><p>Adotamos medidas t\u00e9cnicas e organizacionais compat\u00edveis com as condi\u00e7\u00f5es administrativas e operacionais da Comunh\u00e3o Esp\u00edrita de Bras\u00edlia para proteger seus dados pessoais contra acesso n\u00e3o autorizado, altera\u00e7\u00e3o, divulga\u00e7\u00e3o ou destrui\u00e7\u00e3o.<\/p><p>S\u00e3o medidas adotadas pela Comunh\u00e3o Esp\u00edrita de Bras\u00edlia:<\/p><ul><li>Fornecimento orienta\u00e7\u00f5es peri\u00f3dicas aos volunt\u00e1rios e empregados;<\/li><li>Formaliza\u00e7\u00e3o de Termo de Ades\u00e3o ao Trabalho Volunt\u00e1rio com descritivos legais sobre prote\u00e7\u00e3o de dados pessoais;<\/li><li>Orienta\u00e7\u00e3o e Treinamento sobre Prote\u00e7\u00e3o de Dados Pessoais aos volunt\u00e1rios e empregados;<\/li><li>Anonimiza\u00e7\u00e3o de dados pessoais (nome) para emiss\u00e3o de relat\u00f3rios de frequ\u00eancia aos Estudos Doutrin\u00e1rios;<\/li><\/ul><ul><li>Orienta\u00e7\u00e3o para guarda segura, prote\u00e7\u00e3o de dados pessoais e n\u00e3o compartilhamento sem a devida autoriza\u00e7\u00e3o do titular;<\/li><li>Normas Gerais de A\u00e7\u00e3o em cada Diretoria de modo a bem orientar dirigentes, participantes, alunos e demais partes interessadas aos objetivos, processos de trabalho e regras que guiam e instruem as atividades da Comunh\u00e3o Esp\u00edrita de Bras\u00edlia; e<\/li><li>Outras medidas poder\u00e3o ser adotadas conforme necessidade e delibera\u00e7\u00f5es dos gestores da Comunh\u00e3o Esp\u00edrita de Bras\u00edlia.<\/li><\/ul><ol start=\"5\"><li><strong> Seus Direitos<\/strong><\/li><\/ol><p><strong>Voc\u00ea tem o direito de:<\/strong><\/p><ul><li>Solicitar acesso, atualiza\u00e7\u00e3o ou exclus\u00e3o de seus dados pessoais dos sistemas de informa\u00e7\u00e3o da Comunh\u00e3o Esp\u00edrita de Bras\u00edlia;<\/li><li>Revogar seu consentimento para comunica\u00e7\u00f5es a qualquer momento; e<\/li><li>Solicitar informa\u00e7\u00f5es sobre os procedimentos adotados para prote\u00e7\u00e3o dos dados pessoais.<\/li><\/ul><p><strong>Para exercer seus direitos, entre em contato conosco:<\/strong><\/p><p><strong><img decoding=\"async\" class=\"emoji\" role=\"img\" draggable=\"false\" src=\"https:\/\/s.w.org\/images\/core\/emoji\/17.0.2\/svg\/1f4e7.svg\" alt=\"\ud83d\udce7\" \/><\/strong><strong> E-mail: <\/strong><a href=\"mailto:presidencia@comunhaoespirita.org.br\"><strong>presidencia@comunhaoespirita.org.br<\/strong><\/a><\/p><p><strong><img decoding=\"async\" class=\"emoji\" role=\"img\" draggable=\"false\" src=\"https:\/\/s.w.org\/images\/core\/emoji\/17.0.2\/svg\/1f4de.svg\" alt=\"\ud83d\udcde\" \/><\/strong><strong> Telefone: 61-3048 18 29.<\/strong><\/p><ol start=\"6\"><li><strong> Altera\u00e7\u00f5es nesta Pol\u00edtica<\/strong><\/li><\/ol><p>Podemos atualizar esta Pol\u00edtica de Privacidade periodicamente. Quaisquer altera\u00e7\u00f5es ser\u00e3o publicadas nesta p\u00e1gina, com a data da \u00faltima atualiza\u00e7\u00e3o.<\/p><p>\u00a0<\/p>\t\t\t\t\t\t\t\t<\/div>\n\t\t\t\t<\/div>\n\t\t\t\t\t<\/div>\n\t\t\t\t<\/div>\n\t\t\t\t<\/div>\n\t\t","protected":false},"excerpt":{"rendered":"<p>\u00a0 POL\u00cdTICA DE PRIVACIDADE A Comunh\u00e3o Esp\u00edrita de Bras\u00edlia valoriza a sua privacidade e est\u00e1 comprometida em proteger os dados pessoais de seus frequentadores e\/ou usu\u00e1rios. Esta Pol\u00edtica de Privacidade [&hellip;]<\/p>\n","protected":false},"author":18,"featured_media":0,"parent":0,"menu_order":0,"comment_status":"closed","ping_status":"closed","template":"","meta":{"footnotes":""},"class_list":["post-34928","page","type-page","status-publish","hentry"],"jetpack_sharing_enabled":true,"_links":{"self":[{"href":"https:\/\/comunhaoespirita.org.br\/portal\/wp-json\/wp\/v2\/pages\/34928","targetHints":{"allow":["GET"]}}],"collection":[{"href":"https:\/\/comunhaoespirita.org.br\/portal\/wp-json\/wp\/v2\/pages"}],"about":[{"href":"https:\/\/comunhaoespirita.org.br\/portal\/wp-json\/wp\/v2\/types\/page"}],"author":[{"embeddable":true,"href":"https:\/\/comunhaoespirita.org.br\/portal\/wp-json\/wp\/v2\/users\/18"}],"replies":[{"embeddable":true,"href":"https:\/\/comunhaoespirita.org.br\/portal\/wp-json\/wp\/v2\/comments?post=34928"}],"version-history":[{"count":8,"href":"https:\/\/comunhaoespirita.org.br\/portal\/wp-json\/wp\/v2\/pages\/34928\/revisions"}],"predecessor-version":[{"id":34938,"href":"https:\/\/comunhaoespirita.org.br\/portal\/wp-json\/wp\/v2\/pages\/34928\/revisions\/34938"}],"wp:attachment":[{"href":"https:\/\/comunhaoespirita.org.br\/portal\/wp-json\/wp\/v2\/media?parent=34928"}],"curies":[{"name":"wp","href":"https:\/\/api.w.org\/{rel}","templated":true}]}}