{"id":26525,"date":"2025-02-13T16:40:12","date_gmt":"2025-02-13T19:40:12","guid":{"rendered":"https:\/\/comunhaoespirita.org.br\/portal\/?page_id=26525"},"modified":"2026-03-02T11:05:14","modified_gmt":"2026-03-02T14:05:14","slug":"familia-evangelizacao","status":"publish","type":"page","link":"https:\/\/comunhaoespirita.org.br\/portal\/dij\/familia-evangelizacao\/","title":{"rendered":"Fam\u00edlia Evangeliza\u00e7\u00e3o"},"content":{"rendered":"\t\t<div data-elementor-type=\"wp-page\" data-elementor-id=\"26525\" class=\"elementor elementor-26525\" data-elementor-post-type=\"page\">\n\t\t\t\t\t\t<section class=\"elementor-section elementor-top-section elementor-element elementor-element-1d2ebf4 elementor-section-boxed elementor-section-height-default elementor-section-height-default\" data-id=\"1d2ebf4\" data-element_type=\"section\" data-e-type=\"section\">\n\t\t\t\t\t\t<div class=\"elementor-container elementor-column-gap-default\">\n\t\t\t\t\t<div class=\"elementor-column elementor-col-16 elementor-top-column elementor-element elementor-element-7fc9d7b\" data-id=\"7fc9d7b\" data-element_type=\"column\" data-e-type=\"column\">\n\t\t\t<div class=\"elementor-widget-wrap\">\n\t\t\t\t\t\t\t<\/div>\n\t\t<\/div>\n\t\t\t\t<div class=\"elementor-column elementor-col-66 elementor-top-column elementor-element elementor-element-db357e3\" data-id=\"db357e3\" data-element_type=\"column\" data-e-type=\"column\">\n\t\t\t<div class=\"elementor-widget-wrap elementor-element-populated\">\n\t\t\t\t\t\t<div class=\"elementor-element elementor-element-d80a8cc elementor-widget elementor-widget-heading\" data-id=\"d80a8cc\" data-element_type=\"widget\" data-e-type=\"widget\" data-widget_type=\"heading.default\">\n\t\t\t\t<div class=\"elementor-widget-container\">\n\t\t\t\t\t<h2 class=\"elementor-heading-title elementor-size-default\">Fam\u00edlia Evangeliza\u00e7\u00e3o<\/h2>\t\t\t\t<\/div>\n\t\t\t\t<\/div>\n\t\t\t\t\t<\/div>\n\t\t<\/div>\n\t\t\t\t<div class=\"elementor-column elementor-col-16 elementor-top-column elementor-element elementor-element-92a1a41\" data-id=\"92a1a41\" data-element_type=\"column\" data-e-type=\"column\">\n\t\t\t<div class=\"elementor-widget-wrap\">\n\t\t\t\t\t\t\t<\/div>\n\t\t<\/div>\n\t\t\t\t\t<\/div>\n\t\t<\/section>\n\t\t\t\t<section class=\"elementor-section elementor-top-section elementor-element elementor-element-3d82bf3 elementor-section-boxed elementor-section-height-default elementor-section-height-default\" data-id=\"3d82bf3\" data-element_type=\"section\" data-e-type=\"section\">\n\t\t\t\t\t\t<div class=\"elementor-container elementor-column-gap-default\">\n\t\t\t\t\t<div class=\"elementor-column elementor-col-16 elementor-top-column elementor-element elementor-element-9c49b1b\" data-id=\"9c49b1b\" data-element_type=\"column\" data-e-type=\"column\">\n\t\t\t<div class=\"elementor-widget-wrap\">\n\t\t\t\t\t\t\t<\/div>\n\t\t<\/div>\n\t\t\t\t<div class=\"elementor-column elementor-col-66 elementor-top-column elementor-element elementor-element-0bedf55\" data-id=\"0bedf55\" data-element_type=\"column\" data-e-type=\"column\">\n\t\t\t<div class=\"elementor-widget-wrap elementor-element-populated\">\n\t\t\t\t\t\t<div class=\"elementor-element elementor-element-df2d26f elementor-skin-carousel elementor-arrows-yes elementor-pagination-type-bullets elementor-pagination-position-outside elementor-widget elementor-widget-media-carousel\" data-id=\"df2d26f\" data-element_type=\"widget\" data-e-type=\"widget\" data-settings=\"{&quot;skin&quot;:&quot;carousel&quot;,&quot;effect&quot;:&quot;slide&quot;,&quot;show_arrows&quot;:&quot;yes&quot;,&quot;pagination&quot;:&quot;bullets&quot;,&quot;speed&quot;:500,&quot;autoplay&quot;:&quot;yes&quot;,&quot;autoplay_speed&quot;:5000,&quot;loop&quot;:&quot;yes&quot;,&quot;pause_on_hover&quot;:&quot;yes&quot;,&quot;pause_on_interaction&quot;:&quot;yes&quot;,&quot;space_between&quot;:{&quot;unit&quot;:&quot;px&quot;,&quot;size&quot;:10,&quot;sizes&quot;:[]},&quot;space_between_tablet&quot;:{&quot;unit&quot;:&quot;px&quot;,&quot;size&quot;:10,&quot;sizes&quot;:[]},&quot;space_between_mobile&quot;:{&quot;unit&quot;:&quot;px&quot;,&quot;size&quot;:10,&quot;sizes&quot;:[]}}\" data-widget_type=\"media-carousel.default\">\n\t\t\t\t<div class=\"elementor-widget-container\">\n\t\t\t\t\t\t\t\t\t<div class=\"elementor-swiper\">\n\t\t\t\t\t<div class=\"elementor-main-swiper swiper\" role=\"region\" aria-roledescription=\"carousel\" aria-label=\"Slides\">\n\t\t\t\t<div class=\"swiper-wrapper\">\n\t\t\t\t\t\t\t\t\t\t\t<div class=\"swiper-slide\" role=\"group\" aria-roledescription=\"slide\">\n\t\t\t\t\t\t\t<a href=\"https:\/\/comunhaoespirita.org.br\/portal\/wp-content\/uploads\/2026\/03\/DIJ-Familia-Evangelizacao-Slide1.jpg\" data-elementor-open-lightbox=\"yes\" data-elementor-lightbox-slideshow=\"df2d26f\" data-elementor-lightbox-title=\"DIJ-Familia-Evangelizacao-Slide1\" data-e-action-hash=\"#elementor-action%3Aaction%3Dlightbox%26settings%3DeyJpZCI6MzQ0NzMsInVybCI6Imh0dHBzOlwvXC9jb211bmhhb2VzcGlyaXRhLm9yZy5iclwvcG9ydGFsXC93cC1jb250ZW50XC91cGxvYWRzXC8yMDI2XC8wM1wvRElKLUZhbWlsaWEtRXZhbmdlbGl6YWNhby1TbGlkZTEuanBnIiwic2xpZGVzaG93IjoiZGYyZDI2ZiJ9\">\t\t<div class=\"elementor-carousel-image\" role=\"img\" aria-label=\"DIJ-Familia-Evangelizacao-Slide1\" style=\"background-image: url(&#039;https:\/\/comunhaoespirita.org.br\/portal\/wp-content\/uploads\/2026\/03\/DIJ-Familia-Evangelizacao-Slide1.jpg&#039;)\">\n\n\t\t\t\n\t\t\t\t\t<\/div>\n\t\t<\/a>\t\t\t\t\t\t<\/div>\n\t\t\t\t\t\t\t\t\t\t\t<div class=\"swiper-slide\" role=\"group\" aria-roledescription=\"slide\">\n\t\t\t\t\t\t\t<a href=\"https:\/\/comunhaoespirita.org.br\/portal\/wp-content\/uploads\/2026\/03\/DIJ-Familia-Evangelizacao-Slide2.jpg\" data-elementor-open-lightbox=\"yes\" data-elementor-lightbox-slideshow=\"df2d26f\" data-elementor-lightbox-title=\"DIJ-Familia-Evangelizacao-Slide2\" data-e-action-hash=\"#elementor-action%3Aaction%3Dlightbox%26settings%3DeyJpZCI6MzQ0NzQsInVybCI6Imh0dHBzOlwvXC9jb211bmhhb2VzcGlyaXRhLm9yZy5iclwvcG9ydGFsXC93cC1jb250ZW50XC91cGxvYWRzXC8yMDI2XC8wM1wvRElKLUZhbWlsaWEtRXZhbmdlbGl6YWNhby1TbGlkZTIuanBnIiwic2xpZGVzaG93IjoiZGYyZDI2ZiJ9\">\t\t<div class=\"elementor-carousel-image\" role=\"img\" aria-label=\"DIJ-Familia-Evangelizacao-Slide2\" style=\"background-image: url(&#039;https:\/\/comunhaoespirita.org.br\/portal\/wp-content\/uploads\/2026\/03\/DIJ-Familia-Evangelizacao-Slide2.jpg&#039;)\">\n\n\t\t\t\n\t\t\t\t\t<\/div>\n\t\t<\/a>\t\t\t\t\t\t<\/div>\n\t\t\t\t\t\t\t\t\t\t\t<div class=\"swiper-slide\" role=\"group\" aria-roledescription=\"slide\">\n\t\t\t\t\t\t\t<a href=\"https:\/\/comunhaoespirita.org.br\/portal\/wp-content\/uploads\/2026\/03\/DIJ-Familia-Evangelizacao-Slide3.jpg\" data-elementor-open-lightbox=\"yes\" data-elementor-lightbox-slideshow=\"df2d26f\" data-elementor-lightbox-title=\"DIJ-Familia-Evangelizacao-Slide3\" data-e-action-hash=\"#elementor-action%3Aaction%3Dlightbox%26settings%3DeyJpZCI6MzQ0NzUsInVybCI6Imh0dHBzOlwvXC9jb211bmhhb2VzcGlyaXRhLm9yZy5iclwvcG9ydGFsXC93cC1jb250ZW50XC91cGxvYWRzXC8yMDI2XC8wM1wvRElKLUZhbWlsaWEtRXZhbmdlbGl6YWNhby1TbGlkZTMuanBnIiwic2xpZGVzaG93IjoiZGYyZDI2ZiJ9\">\t\t<div class=\"elementor-carousel-image\" role=\"img\" aria-label=\"DIJ-Familia-Evangelizacao-Slide3\" style=\"background-image: url(&#039;https:\/\/comunhaoespirita.org.br\/portal\/wp-content\/uploads\/2026\/03\/DIJ-Familia-Evangelizacao-Slide3.jpg&#039;)\">\n\n\t\t\t\n\t\t\t\t\t<\/div>\n\t\t<\/a>\t\t\t\t\t\t<\/div>\n\t\t\t\t\t\t\t\t\t\t\t<div class=\"swiper-slide\" role=\"group\" aria-roledescription=\"slide\">\n\t\t\t\t\t\t\t<a href=\"https:\/\/comunhaoespirita.org.br\/portal\/wp-content\/uploads\/2026\/03\/DIJ-Familia-Evangelizacao-Slide4.jpg\" data-elementor-open-lightbox=\"yes\" data-elementor-lightbox-slideshow=\"df2d26f\" data-elementor-lightbox-title=\"DIJ-Familia-Evangelizacao-Slide4\" data-e-action-hash=\"#elementor-action%3Aaction%3Dlightbox%26settings%3DeyJpZCI6MzQ0NzYsInVybCI6Imh0dHBzOlwvXC9jb211bmhhb2VzcGlyaXRhLm9yZy5iclwvcG9ydGFsXC93cC1jb250ZW50XC91cGxvYWRzXC8yMDI2XC8wM1wvRElKLUZhbWlsaWEtRXZhbmdlbGl6YWNhby1TbGlkZTQuanBnIiwic2xpZGVzaG93IjoiZGYyZDI2ZiJ9\">\t\t<div class=\"elementor-carousel-image\" role=\"img\" aria-label=\"DIJ-Familia-Evangelizacao-Slide4\" style=\"background-image: url(&#039;https:\/\/comunhaoespirita.org.br\/portal\/wp-content\/uploads\/2026\/03\/DIJ-Familia-Evangelizacao-Slide4.jpg&#039;)\">\n\n\t\t\t\n\t\t\t\t\t<\/div>\n\t\t<\/a>\t\t\t\t\t\t<\/div>\n\t\t\t\t\t\t\t\t\t\t\t<div class=\"swiper-slide\" role=\"group\" aria-roledescription=\"slide\">\n\t\t\t\t\t\t\t<a href=\"https:\/\/comunhaoespirita.org.br\/portal\/wp-content\/uploads\/2026\/03\/DIJ-Familia-Evangelizacao-Slide5.jpg\" data-elementor-open-lightbox=\"yes\" data-elementor-lightbox-slideshow=\"df2d26f\" data-elementor-lightbox-title=\"DIJ-Familia-Evangelizacao-Slide5\" data-e-action-hash=\"#elementor-action%3Aaction%3Dlightbox%26settings%3DeyJpZCI6MzQ0NzcsInVybCI6Imh0dHBzOlwvXC9jb211bmhhb2VzcGlyaXRhLm9yZy5iclwvcG9ydGFsXC93cC1jb250ZW50XC91cGxvYWRzXC8yMDI2XC8wM1wvRElKLUZhbWlsaWEtRXZhbmdlbGl6YWNhby1TbGlkZTUuanBnIiwic2xpZGVzaG93IjoiZGYyZDI2ZiJ9\">\t\t<div class=\"elementor-carousel-image\" role=\"img\" aria-label=\"DIJ-Familia-Evangelizacao-Slide5\" style=\"background-image: url(&#039;https:\/\/comunhaoespirita.org.br\/portal\/wp-content\/uploads\/2026\/03\/DIJ-Familia-Evangelizacao-Slide5.jpg&#039;)\">\n\n\t\t\t\n\t\t\t\t\t<\/div>\n\t\t<\/a>\t\t\t\t\t\t<\/div>\n\t\t\t\t\t\t\t\t\t\t\t<div class=\"swiper-slide\" role=\"group\" aria-roledescription=\"slide\">\n\t\t\t\t\t\t\t<a href=\"https:\/\/comunhaoespirita.org.br\/portal\/wp-content\/uploads\/2026\/03\/DIJ-Familia-Evangelizacao-Slide6.jpg\" data-elementor-open-lightbox=\"yes\" data-elementor-lightbox-slideshow=\"df2d26f\" data-elementor-lightbox-title=\"DIJ-Familia-Evangelizacao-Slide6\" data-e-action-hash=\"#elementor-action%3Aaction%3Dlightbox%26settings%3DeyJpZCI6MzQ0NzgsInVybCI6Imh0dHBzOlwvXC9jb211bmhhb2VzcGlyaXRhLm9yZy5iclwvcG9ydGFsXC93cC1jb250ZW50XC91cGxvYWRzXC8yMDI2XC8wM1wvRElKLUZhbWlsaWEtRXZhbmdlbGl6YWNhby1TbGlkZTYuanBnIiwic2xpZGVzaG93IjoiZGYyZDI2ZiJ9\">\t\t<div class=\"elementor-carousel-image\" role=\"img\" aria-label=\"DIJ-Familia-Evangelizacao-Slide6\" style=\"background-image: url(&#039;https:\/\/comunhaoespirita.org.br\/portal\/wp-content\/uploads\/2026\/03\/DIJ-Familia-Evangelizacao-Slide6.jpg&#039;)\">\n\n\t\t\t\n\t\t\t\t\t<\/div>\n\t\t<\/a>\t\t\t\t\t\t<\/div>\n\t\t\t\t\t\t\t\t\t<\/div>\n\t\t\t\t\t\t\t\t\t\t\t\t\t\t\t<div class=\"elementor-swiper-button elementor-swiper-button-prev\" role=\"button\" tabindex=\"0\" aria-label=\"Anterior\">\n\t\t\t\t\t\t\t<i aria-hidden=\"true\" class=\"eicon-chevron-left\"><\/i>\t\t\t\t\t\t<\/div>\n\t\t\t\t\t\t<div class=\"elementor-swiper-button elementor-swiper-button-next\" role=\"button\" tabindex=\"0\" aria-label=\"Pr\u00f3ximo\">\n\t\t\t\t\t\t\t<i aria-hidden=\"true\" class=\"eicon-chevron-right\"><\/i>\t\t\t\t\t\t<\/div>\n\t\t\t\t\t\t\t\t\t\t\t\t\t\t\t\t<div class=\"swiper-pagination\"><\/div>\n\t\t\t\t\t\t\t\t\t\t\t\t<\/div>\n\t\t\t\t<\/div>\n\t\t\t\t\t\t\t\t<\/div>\n\t\t\t\t<\/div>\n\t\t\t\t\t<\/div>\n\t\t<\/div>\n\t\t\t\t<div class=\"elementor-column elementor-col-16 elementor-top-column elementor-element elementor-element-1c3c8fc\" data-id=\"1c3c8fc\" data-element_type=\"column\" data-e-type=\"column\">\n\t\t\t<div class=\"elementor-widget-wrap\">\n\t\t\t\t\t\t\t<\/div>\n\t\t<\/div>\n\t\t\t\t\t<\/div>\n\t\t<\/section>\n\t\t\t\t<\/div>\n\t\t","protected":false},"excerpt":{"rendered":"<p>Fam\u00edlia Evangeliza\u00e7\u00e3o<\/p>\n","protected":false},"author":2,"featured_media":0,"parent":7372,"menu_order":0,"comment_status":"closed","ping_status":"closed","template":"","meta":{"footnotes":""},"class_list":["post-26525","page","type-page","status-publish","hentry"],"jetpack_sharing_enabled":true,"_links":{"self":[{"href":"https:\/\/comunhaoespirita.org.br\/portal\/wp-json\/wp\/v2\/pages\/26525","targetHints":{"allow":["GET"]}}],"collection":[{"href":"https:\/\/comunhaoespirita.org.br\/portal\/wp-json\/wp\/v2\/pages"}],"about":[{"href":"https:\/\/comunhaoespirita.org.br\/portal\/wp-json\/wp\/v2\/types\/page"}],"author":[{"embeddable":true,"href":"https:\/\/comunhaoespirita.org.br\/portal\/wp-json\/wp\/v2\/users\/2"}],"replies":[{"embeddable":true,"href":"https:\/\/comunhaoespirita.org.br\/portal\/wp-json\/wp\/v2\/comments?post=26525"}],"version-history":[{"count":12,"href":"https:\/\/comunhaoespirita.org.br\/portal\/wp-json\/wp\/v2\/pages\/26525\/revisions"}],"predecessor-version":[{"id":34481,"href":"https:\/\/comunhaoespirita.org.br\/portal\/wp-json\/wp\/v2\/pages\/26525\/revisions\/34481"}],"up":[{"embeddable":true,"href":"https:\/\/comunhaoespirita.org.br\/portal\/wp-json\/wp\/v2\/pages\/7372"}],"wp:attachment":[{"href":"https:\/\/comunhaoespirita.org.br\/portal\/wp-json\/wp\/v2\/media?parent=26525"}],"curies":[{"name":"wp","href":"https:\/\/api.w.org\/{rel}","templated":true}]}}