{"id":22520,"date":"2024-02-03T10:01:53","date_gmt":"2024-02-03T13:01:53","guid":{"rendered":"https:\/\/comunhaoespirita.org.br\/portal\/?page_id=22520"},"modified":"2025-09-11T08:19:40","modified_gmt":"2025-09-11T11:19:40","slug":"envio-ficha-associado-contribuinte","status":"publish","type":"page","link":"https:\/\/comunhaoespirita.org.br\/portal\/daf\/envio-ficha-associado-contribuinte\/","title":{"rendered":"Envio Ficha Associado Contribuinte"},"content":{"rendered":"\t\t<div data-elementor-type=\"wp-page\" data-elementor-id=\"22520\" class=\"elementor elementor-22520\" data-elementor-post-type=\"page\">\n\t\t\t\t\t\t<section class=\"elementor-section elementor-top-section elementor-element elementor-element-a8425ab elementor-section-boxed elementor-section-height-default elementor-section-height-default\" data-id=\"a8425ab\" data-element_type=\"section\" data-e-type=\"section\">\n\t\t\t\t\t\t<div class=\"elementor-container elementor-column-gap-default\">\n\t\t\t\t\t<div class=\"elementor-column elementor-col-100 elementor-top-column elementor-element elementor-element-1583143\" data-id=\"1583143\" data-element_type=\"column\" data-e-type=\"column\">\n\t\t\t<div class=\"elementor-widget-wrap elementor-element-populated\">\n\t\t\t\t\t\t<div class=\"elementor-element elementor-element-d15446a elementor-widget elementor-widget-heading\" data-id=\"d15446a\" data-element_type=\"widget\" data-e-type=\"widget\" data-widget_type=\"heading.default\">\n\t\t\t\t<div class=\"elementor-widget-container\">\n\t\t\t\t\t<h2 class=\"elementor-heading-title elementor-size-default\">Envio da Ficha de Associado Contribuinte<\/h2>\t\t\t\t<\/div>\n\t\t\t\t<\/div>\n\t\t\t\t\t<\/div>\n\t\t<\/div>\n\t\t\t\t\t<\/div>\n\t\t<\/section>\n\t\t\t\t<section class=\"elementor-section elementor-top-section elementor-element elementor-element-10a6338 elementor-section-boxed elementor-section-height-default elementor-section-height-default\" data-id=\"10a6338\" data-element_type=\"section\" data-e-type=\"section\">\n\t\t\t\t\t\t<div class=\"elementor-container elementor-column-gap-default\">\n\t\t\t\t\t<div class=\"elementor-column elementor-col-16 elementor-top-column elementor-element elementor-element-d829fb0\" data-id=\"d829fb0\" data-element_type=\"column\" data-e-type=\"column\">\n\t\t\t<div class=\"elementor-widget-wrap\">\n\t\t\t\t\t\t\t<\/div>\n\t\t<\/div>\n\t\t\t\t<div class=\"elementor-column elementor-col-66 elementor-top-column elementor-element elementor-element-1dfc0aa\" data-id=\"1dfc0aa\" data-element_type=\"column\" data-e-type=\"column\">\n\t\t\t<div class=\"elementor-widget-wrap elementor-element-populated\">\n\t\t\t\t\t\t<div class=\"elementor-element elementor-element-4cf1300 elementor-widget elementor-widget-spacer\" data-id=\"4cf1300\" data-element_type=\"widget\" data-e-type=\"widget\" data-widget_type=\"spacer.default\">\n\t\t\t\t<div class=\"elementor-widget-container\">\n\t\t\t\t\t\t\t<div class=\"elementor-spacer\">\n\t\t\t<div class=\"elementor-spacer-inner\"><\/div>\n\t\t<\/div>\n\t\t\t\t\t\t<\/div>\n\t\t\t\t<\/div>\n\t\t\t\t<div class=\"elementor-element elementor-element-6d51f8b elementor-widget elementor-widget-text-editor\" data-id=\"6d51f8b\" data-element_type=\"widget\" data-e-type=\"widget\" data-widget_type=\"text-editor.default\">\n\t\t\t\t<div class=\"elementor-widget-container\">\n\t\t\t\t\t\t\t\t\t<p>\n<div class=\"wpcf7 no-js\" id=\"wpcf7-f22517-o1\" lang=\"pt-BR\" dir=\"ltr\" data-wpcf7-id=\"22517\">\n<div class=\"screen-reader-response\"><p role=\"status\" aria-live=\"polite\" aria-atomic=\"true\"><\/p> <ul><\/ul><\/div>\n<form action=\"\/portal\/wp-json\/wp\/v2\/pages\/22520#wpcf7-f22517-o1\" method=\"post\" class=\"wpcf7-form init\" aria-label=\"Formul\u00e1rios de contato\" enctype=\"multipart\/form-data\" novalidate=\"novalidate\" data-status=\"init\">\n<fieldset class=\"hidden-fields-container\"><input type=\"hidden\" name=\"_wpcf7\" value=\"22517\" \/><input type=\"hidden\" name=\"_wpcf7_version\" value=\"6.1.5\" \/><input type=\"hidden\" name=\"_wpcf7_locale\" value=\"pt_BR\" \/><input type=\"hidden\" name=\"_wpcf7_unit_tag\" value=\"wpcf7-f22517-o1\" \/><input type=\"hidden\" name=\"_wpcf7_container_post\" value=\"0\" \/><input type=\"hidden\" name=\"_wpcf7_posted_data_hash\" value=\"\" \/>\n<\/fieldset>\n<div id=\"two-column\">\n\t<div id=\"left\">\n\t\t<p><label> Seu nome*:<br \/>\n<span class=\"wpcf7-form-control-wrap\" data-name=\"your-name\"><input size=\"40\" maxlength=\"400\" class=\"wpcf7-form-control wpcf7-text wpcf7-validates-as-required\" autocomplete=\"name\" aria-required=\"true\" aria-invalid=\"false\" value=\"\" type=\"text\" name=\"your-name\" \/><\/span><br \/>\n<\/label><br \/>\n<label> Seu e-mail*:<br \/>\n<span class=\"wpcf7-form-control-wrap\" data-name=\"your-email\"><input size=\"40\" maxlength=\"400\" class=\"wpcf7-form-control wpcf7-email wpcf7-validates-as-required wpcf7-text wpcf7-validates-as-email\" autocomplete=\"email\" aria-required=\"true\" aria-invalid=\"false\" value=\"\" type=\"email\" name=\"your-email\" \/><\/span><br \/>\n<\/label><br \/>\n<label> Assunto:<br \/>\n<span class=\"wpcf7-form-control-wrap\" data-name=\"your-subject\"><input size=\"40\" maxlength=\"400\" class=\"wpcf7-form-control wpcf7-text wpcf7-validates-as-required\" aria-required=\"true\" aria-invalid=\"false\" value=\"\" type=\"text\" name=\"your-subject\" \/><\/span><br \/>\n<\/label>\n\t\t<\/p>\n\t<\/div>\n\t<div id=\"right\">\n\t\t<p><label style=\"width: 100%; height: 300px;\"> Sua mensagem: (opcional)<br \/>\n<span class=\"wpcf7-form-control-wrap\" data-name=\"your-message\"><textarea cols=\"40\" rows=\"10\" maxlength=\"2000\" class=\"wpcf7-form-control wpcf7-textarea\" aria-invalid=\"false\" name=\"your-message\"><\/textarea><\/span><br \/>\n<\/label><br \/>\n<label> Anexo*:<br \/>\n<span class=\"wpcf7-form-control-wrap\" data-name=\"file-809\"><input size=\"40\" class=\"wpcf7-form-control wpcf7-file wpcf7-validates-as-required\" accept=\".pdf\" aria-required=\"true\" aria-invalid=\"false\" type=\"file\" name=\"file-809\" \/><\/span><br \/>\n<\/label>\n\t\t<\/p>\n\t<\/div>\n\t<div>\n\t\t<p><span style=\"color: #FF0000 !important;\"><br \/>\nObserva\u00e7\u00e3o: campos com * s\u00e3o obrigat\u00f3rios.<br \/>\n<\/span>\n\t\t<\/p>\n\t<\/div>\n\t<p><label style=\"text-align: justify\"><br \/>\n<span class=\"wpcf7-form-control-wrap\" data-name=\"checkbox-46\"><span class=\"wpcf7-form-control wpcf7-checkbox wpcf7-validates-as-required\"><span class=\"wpcf7-list-item first last\"><label><input type=\"checkbox\" name=\"checkbox-46[]\" value=\"Autorizo o TRATAMENTO e o ARMAZENAMENTO dos dados acima para uso interno e restrito da Diretoria de Atendimento e Orienta\u00e7\u00e3o (DAO) e da Diretoria de Assist\u00eancia Espiritual (DAE) da COMUNH\u00c3O ESP\u00cdRITA DE BRAS\u00cdLIA para fins de cumprimento de suas finalidades estatut\u00e1rias (art. 5\u00ba, incisos XVII a XXI da CF; art. 53 a 61 CC; art. 4\u00ba e 40, II do Estatuto; e art. 24, II e III e 26, II e III do Regimento Interno). Trata-se da necessidade dos dados do Assistido para que a Comunh\u00e3o possa prestar orienta\u00e7\u00f5es sobre o tratamento espiritual \u00e0 dist\u00e2ncia e para localiza\u00e7\u00e3o do Assistido (Obra: Loucura e Obsess\u00e3o \/ pelo Esp\u00edrito Manoel Philomeno de Miranda; psicografado por Divaldo Pereira Franco. Cap\u00edtulo 14. Bras\u00edlia: FEB). Tempo de Armazenamento: 5 (cinco) semanas.\" \/><span class=\"wpcf7-list-item-label\">Autorizo o TRATAMENTO e o ARMAZENAMENTO dos dados acima para uso interno e restrito da Diretoria de Atendimento e Orienta\u00e7\u00e3o (DAO) e da Diretoria de Assist\u00eancia Espiritual (DAE) da COMUNH\u00c3O ESP\u00cdRITA DE BRAS\u00cdLIA para fins de cumprimento de suas finalidades estatut\u00e1rias (art. 5\u00ba, incisos XVII a XXI da CF; art. 53 a 61 CC; art. 4\u00ba e 40, II do Estatuto; e art. 24, II e III e 26, II e III do Regimento Interno). Trata-se da necessidade dos dados do Assistido para que a Comunh\u00e3o possa prestar orienta\u00e7\u00f5es sobre o tratamento espiritual \u00e0 dist\u00e2ncia e para localiza\u00e7\u00e3o do Assistido (Obra: Loucura e Obsess\u00e3o \/ pelo Esp\u00edrito Manoel Philomeno de Miranda; psicografado por Divaldo Pereira Franco. Cap\u00edtulo 14. Bras\u00edlia: FEB). Tempo de Armazenamento: 5 (cinco) semanas.<\/span><\/label><\/span><\/span><\/span><br \/>\n<\/label>\n\t<\/p>\n\t<p><input class=\"wpcf7-form-control wpcf7-submit has-spinner\" type=\"submit\" value=\"Enviar\" \/>\n\t<\/p>\n<\/div><div class=\"wpcf7-response-output\" aria-hidden=\"true\"><\/div>\n<\/form>\n<\/div>\n<\/p>\t\t\t\t\t\t\t\t<\/div>\n\t\t\t\t<\/div>\n\t\t\t\t\t<\/div>\n\t\t<\/div>\n\t\t\t\t<div class=\"elementor-column elementor-col-16 elementor-top-column elementor-element elementor-element-1562c4b\" data-id=\"1562c4b\" data-element_type=\"column\" data-e-type=\"column\">\n\t\t\t<div class=\"elementor-widget-wrap\">\n\t\t\t\t\t\t\t<\/div>\n\t\t<\/div>\n\t\t\t\t\t<\/div>\n\t\t<\/section>\n\t\t\t\t<section class=\"elementor-section elementor-top-section elementor-element elementor-element-62dfbadd elementor-section-boxed elementor-section-height-default elementor-section-height-default\" data-id=\"62dfbadd\" data-element_type=\"section\" data-e-type=\"section\">\n\t\t\t\t\t\t<div class=\"elementor-container elementor-column-gap-default\">\n\t\t\t\t\t<div class=\"elementor-column elementor-col-100 elementor-top-column elementor-element elementor-element-68cf7a79\" data-id=\"68cf7a79\" data-element_type=\"column\" data-e-type=\"column\">\n\t\t\t<div class=\"elementor-widget-wrap\">\n\t\t\t\t\t\t\t<\/div>\n\t\t<\/div>\n\t\t\t\t\t<\/div>\n\t\t<\/section>\n\t\t\t\t<\/div>\n\t\t","protected":false},"excerpt":{"rendered":"<p>Envio da Ficha de Associado Contribuinte<\/p>\n","protected":false},"author":2,"featured_media":0,"parent":8007,"menu_order":0,"comment_status":"closed","ping_status":"closed","template":"","meta":{"footnotes":""},"class_list":["post-22520","page","type-page","status-publish","hentry"],"jetpack_sharing_enabled":true,"_links":{"self":[{"href":"https:\/\/comunhaoespirita.org.br\/portal\/wp-json\/wp\/v2\/pages\/22520","targetHints":{"allow":["GET"]}}],"collection":[{"href":"https:\/\/comunhaoespirita.org.br\/portal\/wp-json\/wp\/v2\/pages"}],"about":[{"href":"https:\/\/comunhaoespirita.org.br\/portal\/wp-json\/wp\/v2\/types\/page"}],"author":[{"embeddable":true,"href":"https:\/\/comunhaoespirita.org.br\/portal\/wp-json\/wp\/v2\/users\/2"}],"replies":[{"embeddable":true,"href":"https:\/\/comunhaoespirita.org.br\/portal\/wp-json\/wp\/v2\/comments?post=22520"}],"version-history":[{"count":8,"href":"https:\/\/comunhaoespirita.org.br\/portal\/wp-json\/wp\/v2\/pages\/22520\/revisions"}],"predecessor-version":[{"id":32928,"href":"https:\/\/comunhaoespirita.org.br\/portal\/wp-json\/wp\/v2\/pages\/22520\/revisions\/32928"}],"up":[{"embeddable":true,"href":"https:\/\/comunhaoespirita.org.br\/portal\/wp-json\/wp\/v2\/pages\/8007"}],"wp:attachment":[{"href":"https:\/\/comunhaoespirita.org.br\/portal\/wp-json\/wp\/v2\/media?parent=22520"}],"curies":[{"name":"wp","href":"https:\/\/api.w.org\/{rel}","templated":true}]}}