{"id":21888,"date":"2023-12-14T14:18:28","date_gmt":"2023-12-14T17:18:28","guid":{"rendered":"https:\/\/comunhaoespirita.org.br\/portal\/?page_id=21888"},"modified":"2026-04-10T16:12:08","modified_gmt":"2026-04-10T19:12:08","slug":"transparencia","status":"publish","type":"page","link":"https:\/\/comunhaoespirita.org.br\/portal\/transparencia\/","title":{"rendered":"transparencia"},"content":{"rendered":"\t\t<div data-elementor-type=\"wp-page\" data-elementor-id=\"21888\" class=\"elementor elementor-21888\" data-elementor-post-type=\"page\">\n\t\t\t\t\t\t<section class=\"elementor-section elementor-top-section elementor-element elementor-element-a237751 elementor-section-boxed elementor-section-height-default elementor-section-height-default\" data-id=\"a237751\" data-element_type=\"section\" data-e-type=\"section\">\n\t\t\t\t\t\t<div class=\"elementor-container elementor-column-gap-default\">\n\t\t\t\t\t<div class=\"elementor-column elementor-col-100 elementor-top-column elementor-element elementor-element-72e55b9\" data-id=\"72e55b9\" data-element_type=\"column\" data-e-type=\"column\">\n\t\t\t<div class=\"elementor-widget-wrap elementor-element-populated\">\n\t\t\t\t\t\t<div class=\"elementor-element elementor-element-59065ae elementor-widget elementor-widget-heading\" data-id=\"59065ae\" data-element_type=\"widget\" data-e-type=\"widget\" data-widget_type=\"heading.default\">\n\t\t\t\t<div class=\"elementor-widget-container\">\n\t\t\t\t\t<h2 class=\"elementor-heading-title elementor-size-default\">Institucional\/Transpar\u00eancia<\/h2>\t\t\t\t<\/div>\n\t\t\t\t<\/div>\n\t\t\t\t\t<\/div>\n\t\t<\/div>\n\t\t\t\t\t<\/div>\n\t\t<\/section>\n\t\t\t\t<section class=\"elementor-section elementor-top-section elementor-element elementor-element-e22497b elementor-section-boxed elementor-section-height-default elementor-section-height-default\" data-id=\"e22497b\" data-element_type=\"section\" data-e-type=\"section\">\n\t\t\t\t\t\t<div class=\"elementor-container elementor-column-gap-default\">\n\t\t\t\t\t<div class=\"elementor-column elementor-col-50 elementor-top-column elementor-element elementor-element-5d7fc16\" data-id=\"5d7fc16\" data-element_type=\"column\" data-e-type=\"column\">\n\t\t\t<div class=\"elementor-widget-wrap elementor-element-populated\">\n\t\t\t\t\t\t<div class=\"elementor-element elementor-element-092ee74 elementor-widget elementor-widget-heading\" data-id=\"092ee74\" data-element_type=\"widget\" data-e-type=\"widget\" data-widget_type=\"heading.default\">\n\t\t\t\t<div class=\"elementor-widget-container\">\n\t\t\t\t\t<h3 class=\"elementor-heading-title elementor-size-default\">Demonstra\u00e7\u00f5es Financeiras<\/h3>\t\t\t\t<\/div>\n\t\t\t\t<\/div>\n\t\t\t\t<section class=\"elementor-section elementor-inner-section elementor-element elementor-element-4881096 elementor-section-boxed elementor-section-height-default elementor-section-height-default\" data-id=\"4881096\" data-element_type=\"section\" data-e-type=\"section\">\n\t\t\t\t\t\t<div class=\"elementor-container elementor-column-gap-default\">\n\t\t\t\t\t<div class=\"elementor-column elementor-col-50 elementor-inner-column elementor-element elementor-element-146cc82\" data-id=\"146cc82\" data-element_type=\"column\" data-e-type=\"column\">\n\t\t\t<div class=\"elementor-widget-wrap elementor-element-populated\">\n\t\t\t\t\t\t<div class=\"elementor-element elementor-element-3eb86c0 elementor-widget elementor-widget-text-editor\" data-id=\"3eb86c0\" data-element_type=\"widget\" data-e-type=\"widget\" data-widget_type=\"text-editor.default\">\n\t\t\t\t<div class=\"elementor-widget-container\">\n\t\t\t\t\t\t\t\t\t<h4>2024<\/h4><ul><li><a href=\"https:\/\/comunhaoespirita.org.br\/portal\/wp-content\/uploads\/2025\/10\/BALANCO-PATRIMONIAL-Comunhao-2024.pdf\" target=\"_blank\" rel=\"noopener\">balan\u00e7o patrimonial<\/a><\/li><li><a href=\"https:\/\/comunhaoespirita.org.br\/portal\/wp-content\/uploads\/2025\/10\/PARECER-DO-CONSELHO-FISCAL-Comunhao-2024.pdf\" target=\"_blank\" rel=\"noopener\">parecer do conselho fiscal<\/a><\/li><li><a href=\"https:\/\/comunhaoespirita.org.br\/portal\/wp-content\/uploads\/2026\/02\/DAF-MURAL-Prestacao-de-Contas-2024-2.pdf\" target=\"_blank\" rel=\"noopener\">DAF Mural Presta\u00e7\u00e3o de Contas<\/a><\/li><\/ul><h4>2023<\/h4><ul><li style=\"text-align: left;\"><a href=\"https:\/\/comunhaoespirita.org.br\/portal\/wp-content\/uploads\/2024\/12\/BALANCO-PATRIMONIAL-20241204_09294440.pdf\" target=\"_blank\" rel=\"noopener\">balan\u00e7o patrimonial<\/a><\/li><li><a href=\"https:\/\/comunhaoespirita.org.br\/portal\/wp-content\/uploads\/2024\/12\/PARECER-CONSELHO-FISCAL20241204_09033761.pdf\" target=\"_blank\" rel=\"noopener\">parecer do conselho fiscal<\/a><\/li><li><a href=\"https:\/\/comunhaoespirita.org.br\/portal\/wp-content\/uploads\/2024\/12\/DAF-MURAL-Prestacao-de-Contas-2023.pdf\" target=\"_blank\" rel=\"noopener\">DAF Mural Presta\u00e7\u00e3o de Contas<\/a><\/li><\/ul><h4>2022<\/h4><ul><li><a href=\"https:\/\/comunhaoespirita.org.br\/portal\/wp-content\/uploads\/2023\/12\/BALANCO-PATRIMONIAL-2022.pdf\" target=\"_blank\" rel=\"noopener\">balan\u00e7o patrimonial<\/a><\/li><li><a href=\"https:\/\/comunhaoespirita.org.br\/portal\/wp-content\/uploads\/2023\/12\/PARECER-CONSELHO-FISCAL-2022.pdf\" target=\"_blank\" rel=\"noopener\">parecer do conselho fiscal<\/a><\/li><li><a href=\"https:\/\/comunhaoespirita.org.br\/portal\/wp-content\/uploads\/2024\/12\/DAF-MURAL-Prestacao-de-Contas-2022-v.3.pdf\" target=\"_blank\" rel=\"noopener\">DAF Mural Presta\u00e7\u00e3o de Contas<\/a><\/li><\/ul><h4>\u00a02021<\/h4><ul><li><a href=\"https:\/\/comunhaoespirita.org.br\/portal\/wp-content\/uploads\/2023\/12\/BALANCO-PATRIMONIAL-2021.pdf\" target=\"_blank\" rel=\"noopener\">balan\u00e7o patrimonial<\/a><\/li><li><a href=\"https:\/\/comunhaoespirita.org.br\/portal\/wp-content\/uploads\/2023\/12\/CONSELHO-FISCAL-PARECER-2021.pdf\" target=\"_blank\" rel=\"noopener\">parecer do conselho fiscal<\/a><\/li><\/ul><h4>\u00a02020<\/h4><ul><li><a href=\"https:\/\/comunhaoespirita.org.br\/portal\/wp-content\/uploads\/2023\/12\/BALANCO-PATRIMONIAL-2020.pdf\" target=\"_blank\" rel=\"noopener\">balan\u00e7o patrimonial<\/a><\/li><li><a href=\"https:\/\/comunhaoespirita.org.br\/portal\/wp-content\/uploads\/2023\/12\/CONSELHO-FISCAL-PARECER-2020.pdf\" target=\"_blank\" rel=\"noopener\">parecer do conselho fiscal<\/a><\/li><\/ul><h4>\u00a02019<\/h4><ul><li><a href=\"https:\/\/comunhaoespirita.org.br\/portal\/wp-content\/uploads\/2023\/12\/BALANCO-PATRIMONIAL-2019.pdf\" target=\"_blank\" rel=\"noopener\">balan\u00e7o patrimonial<\/a><\/li><li><a href=\"https:\/\/comunhaoespirita.org.br\/portal\/wp-content\/uploads\/2023\/12\/CONSELHO-FISCAL-PARECER-2019.pdf\" target=\"_blank\" rel=\"noopener\">parecer do conselho fiscal<\/a><\/li><\/ul><h4>2018<\/h4><ul><li><a href=\"https:\/\/comunhaoespirita.org.br\/portal\/wp-content\/uploads\/2023\/12\/BALANCO-PATRIMONIAL-2018.pdf\" target=\"_blank\" rel=\"noopener\">balan\u00e7o patrimonial<\/a><\/li><li><a href=\"https:\/\/comunhaoespirita.org.br\/portal\/wp-content\/uploads\/2023\/12\/CONSELHO-FISCAL-PARECER-2018.pdf\" target=\"_blank\" rel=\"noopener\">parecer do conselho fiscal<\/a><\/li><li><a href=\"https:\/\/comunhaoespirita.org.br\/portal\/wp-content\/uploads\/2023\/12\/DAF-MURAL-prestacao-de-contas-2018.pdf\" target=\"_blank\" rel=\"noopener\">DAF Mural Presta\u00e7\u00e3o de Contas<\/a><\/li><\/ul>\t\t\t\t\t\t\t\t<\/div>\n\t\t\t\t<\/div>\n\t\t\t\t\t<\/div>\n\t\t<\/div>\n\t\t\t\t<div class=\"elementor-column elementor-col-50 elementor-inner-column elementor-element elementor-element-9cd1f0a\" data-id=\"9cd1f0a\" data-element_type=\"column\" data-e-type=\"column\">\n\t\t\t<div class=\"elementor-widget-wrap elementor-element-populated\">\n\t\t\t\t\t\t<div class=\"elementor-element elementor-element-948ab8e elementor-widget elementor-widget-text-editor\" data-id=\"948ab8e\" data-element_type=\"widget\" data-e-type=\"widget\" data-widget_type=\"text-editor.default\">\n\t\t\t\t<div class=\"elementor-widget-container\">\n\t\t\t\t\t\t\t\t\t<h4>2017<\/h4><ul><li><a href=\"https:\/\/comunhaoespirita.org.br\/portal\/wp-content\/uploads\/2023\/12\/BALANCO-PATRIMONIAL-2017.pdf\" target=\"_blank\" rel=\"noopener\">balan\u00e7o patrimonial<\/a><\/li><li><a href=\"https:\/\/comunhaoespirita.org.br\/portal\/wp-content\/uploads\/2023\/12\/CONSELHO-FISCAL-PARECER-2017.pdf\" target=\"_blank\" rel=\"noopener\">parecer do conselho fiscal<\/a><\/li><li><a href=\"https:\/\/comunhaoespirita.org.br\/portal\/wp-content\/uploads\/2023\/12\/DAF-MURAL-Prestacao-de-Contas-2017.pdf\" target=\"_blank\" rel=\"noopener\">DAF Mural Presta\u00e7\u00e3o de Contas<\/a><\/li><\/ul><h4>2016<\/h4><ul><li><a href=\"https:\/\/comunhaoespirita.org.br\/portal\/wp-content\/uploads\/2023\/12\/BALANCO-PATRIMONIAL-2016.pdf\" target=\"_blank\" rel=\"noopener\">balan\u00e7o patrimonial<\/a><\/li><li><a href=\"https:\/\/comunhaoespirita.org.br\/portal\/wp-content\/uploads\/2023\/12\/CONSELHO-FISCAL-PARECER-2016.pdf\" target=\"_blank\" rel=\"noopener\">parecer do conselho fiscal<\/a><\/li><li><a href=\"https:\/\/comunhaoespirita.org.br\/portal\/wp-content\/uploads\/2023\/12\/DAF-MURAL-relatorio-2016.pdf\" target=\"_blank\" rel=\"noopener\">DAF Mural Presta\u00e7\u00e3o de Contas<\/a><\/li><\/ul><h4>\u00a02015<\/h4><ul><li><a href=\"https:\/\/comunhaoespirita.org.br\/portal\/wp-content\/uploads\/2023\/12\/BALANCO-PATRIMONIAL-2015.pdf\" target=\"_blank\" rel=\"noopener\">balan\u00e7o patrimonial<\/a><\/li><li><a href=\"https:\/\/comunhaoespirita.org.br\/portal\/wp-content\/uploads\/2023\/12\/CONSELHO-FISCAL-PARECER-2015.pdf\" target=\"_blank\" rel=\"noopener\">parecer do conselho fiscal<\/a><\/li><li><a href=\"https:\/\/comunhaoespirita.org.br\/portal\/wp-content\/uploads\/2023\/12\/DAF-MURAL-Prestacao-de-Contas-2015.pdfhttps:\/\/comunhaoespirita.org.br\/portal\/wp-content\/uploads\/2023\/12\/DAF-MURAL-Prestacao-de-Contas-2015.pdf\" target=\"_blank\" rel=\"noopener\">DAF Mural Presta\u00e7\u00e3o de Contas<\/a><\/li><\/ul><h4>2014<\/h4><ul><li><a href=\"https:\/\/comunhaoespirita.org.br\/portal\/wp-content\/uploads\/2023\/12\/BALANCO-PATRIMONIAL-2014.pdf\" target=\"_blank\" rel=\"noopener\">balan\u00e7o patrimonial<\/a><\/li><li><a href=\"https:\/\/comunhaoespirita.org.br\/portal\/wp-content\/uploads\/2023\/12\/CONSELHO-FISCAL-PARECER-2014.pdf\" target=\"_blank\" rel=\"noopener\">parecer do conselho fiscal<\/a><\/li><li><a href=\"https:\/\/comunhaoespirita.org.br\/portal\/wp-content\/uploads\/2023\/12\/DAF-MURAL-prest-contas-2014-em-230615.pdf\" target=\"_blank\" rel=\"noopener\">DAF Mural Presta\u00e7\u00e3o de Contas<\/a><\/li><\/ul><h4><a href=\"https:\/\/comunhaoespirita.org.br\/portal\/wp-content\/uploads\/2023\/12\/Superavit-ou-Deficit-2006-07-08-09-10-12-2013.pdf\" target=\"_blank\" rel=\"noopener\">Anos Anteriores<\/a><\/h4>\t\t\t\t\t\t\t\t<\/div>\n\t\t\t\t<\/div>\n\t\t\t\t\t<\/div>\n\t\t<\/div>\n\t\t\t\t\t<\/div>\n\t\t<\/section>\n\t\t\t\t\t<\/div>\n\t\t<\/div>\n\t\t\t\t<div class=\"elementor-column elementor-col-50 elementor-top-column elementor-element elementor-element-af0a824\" data-id=\"af0a824\" data-element_type=\"column\" data-e-type=\"column\">\n\t\t\t<div class=\"elementor-widget-wrap elementor-element-populated\">\n\t\t\t\t\t\t<div class=\"elementor-element elementor-element-c430134 elementor-widget elementor-widget-heading\" data-id=\"c430134\" data-element_type=\"widget\" data-e-type=\"widget\" data-widget_type=\"heading.default\">\n\t\t\t\t<div class=\"elementor-widget-container\">\n\t\t\t\t\t<h3 class=\"elementor-heading-title elementor-size-default\">Relat\u00f3rios da Administra\u00e7\u00e3o<\/h3>\t\t\t\t<\/div>\n\t\t\t\t<\/div>\n\t\t\t\t<div class=\"elementor-element elementor-element-acd7caa elementor-widget elementor-widget-text-editor\" data-id=\"acd7caa\" data-element_type=\"widget\" data-e-type=\"widget\" data-widget_type=\"text-editor.default\">\n\t\t\t\t<div class=\"elementor-widget-container\">\n\t\t\t\t\t\t\t\t\t<ul><li style=\"list-style-type: none;\"><ul><li><a href=\"https:\/\/comunhaoespirita.org.br\/portal\/wp-content\/uploads\/2026\/04\/RELATORIO-DE-ATIVIDADES-2024.pdf\" target=\"_blank\" rel=\"noopener\">2024<\/a><\/li><li><a href=\"https:\/\/comunhaoespirita.org.br\/portal\/wp-content\/uploads\/2024\/12\/RELATORIO-DE-ATIVIDADES-2023.pdf\" target=\"_blank\" rel=\"noopener\">2023<\/a><\/li><li><a href=\"https:\/\/comunhaoespirita.org.br\/portal\/wp-content\/uploads\/2023\/12\/RELATORIO-DE-ATIVIDADES-2022.pdf\" target=\"_blank\" rel=\"noopener\">2022<\/a><\/li><li><a href=\"https:\/\/comunhaoespirita.org.br\/portal\/wp-content\/uploads\/2023\/12\/RELATORIO-DE-ATIVIDADES-2021.pdf\" target=\"_blank\" rel=\"noopener\">2021<\/a><\/li><li><a href=\"https:\/\/comunhaoespirita.org.br\/portal\/wp-content\/uploads\/2023\/12\/RELATORIO-DE-ATIVIDADES-2020.pdf\" target=\"_blank\" rel=\"noopener\">2020<\/a><\/li><li><a href=\"https:\/\/comunhaoespirita.org.br\/portal\/wp-content\/uploads\/2023\/12\/RELATORIO-DE-ATIVIDADES-2019.pdf\" target=\"_blank\" rel=\"noopener\">2019<\/a><\/li><\/ul><\/li><\/ul>\t\t\t\t\t\t\t\t<\/div>\n\t\t\t\t<\/div>\n\t\t\t\t\t<\/div>\n\t\t<\/div>\n\t\t\t\t\t<\/div>\n\t\t<\/section>\n\t\t\t\t<section class=\"elementor-section elementor-top-section elementor-element elementor-element-903817a elementor-section-boxed elementor-section-height-default elementor-section-height-default\" data-id=\"903817a\" data-element_type=\"section\" data-e-type=\"section\">\n\t\t\t\t\t\t<div class=\"elementor-container elementor-column-gap-extended\">\n\t\t\t\t\t<div class=\"elementor-column elementor-col-50 elementor-top-column elementor-element elementor-element-3b315dc\" data-id=\"3b315dc\" data-element_type=\"column\" data-e-type=\"column\">\n\t\t\t<div class=\"elementor-widget-wrap\">\n\t\t\t\t\t\t\t<\/div>\n\t\t<\/div>\n\t\t\t\t<div class=\"elementor-column elementor-col-50 elementor-top-column elementor-element elementor-element-3668058\" data-id=\"3668058\" data-element_type=\"column\" data-e-type=\"column\">\n\t\t\t<div class=\"elementor-widget-wrap\">\n\t\t\t\t\t\t\t<\/div>\n\t\t<\/div>\n\t\t\t\t\t<\/div>\n\t\t<\/section>\n\t\t\t\t<section class=\"elementor-section elementor-top-section elementor-element elementor-element-ba22b9c elementor-section-boxed elementor-section-height-default elementor-section-height-default\" data-id=\"ba22b9c\" data-element_type=\"section\" data-e-type=\"section\">\n\t\t\t\t\t\t<div class=\"elementor-container elementor-column-gap-extended\">\n\t\t\t\t\t<div class=\"elementor-column elementor-col-50 elementor-top-column elementor-element elementor-element-7457e92\" data-id=\"7457e92\" data-element_type=\"column\" data-e-type=\"column\">\n\t\t\t<div class=\"elementor-widget-wrap elementor-element-populated\">\n\t\t\t\t\t\t<section class=\"elementor-section elementor-inner-section elementor-element elementor-element-e05aeee elementor-section-boxed elementor-section-height-default elementor-section-height-default\" data-id=\"e05aeee\" data-element_type=\"section\" data-e-type=\"section\">\n\t\t\t\t\t\t<div class=\"elementor-container elementor-column-gap-extended\">\n\t\t\t\t\t<div class=\"elementor-column elementor-col-50 elementor-inner-column elementor-element elementor-element-ecd0193\" data-id=\"ecd0193\" data-element_type=\"column\" data-e-type=\"column\">\n\t\t\t<div class=\"elementor-widget-wrap\">\n\t\t\t\t\t\t\t<\/div>\n\t\t<\/div>\n\t\t\t\t<div class=\"elementor-column elementor-col-50 elementor-inner-column elementor-element elementor-element-c7cfc7a\" data-id=\"c7cfc7a\" data-element_type=\"column\" data-e-type=\"column\">\n\t\t\t<div class=\"elementor-widget-wrap\">\n\t\t\t\t\t\t\t<\/div>\n\t\t<\/div>\n\t\t\t\t\t<\/div>\n\t\t<\/section>\n\t\t\t\t\t<\/div>\n\t\t<\/div>\n\t\t\t\t<div class=\"elementor-column elementor-col-50 elementor-top-column elementor-element elementor-element-1fa27f0\" data-id=\"1fa27f0\" data-element_type=\"column\" data-e-type=\"column\">\n\t\t\t<div class=\"elementor-widget-wrap\">\n\t\t\t\t\t\t\t<\/div>\n\t\t<\/div>\n\t\t\t\t\t<\/div>\n\t\t<\/section>\n\t\t\t\t<section class=\"elementor-section elementor-top-section elementor-element elementor-element-62fcddc0 elementor-section-boxed elementor-section-height-default elementor-section-height-default\" data-id=\"62fcddc0\" data-element_type=\"section\" data-e-type=\"section\">\n\t\t\t\t\t\t<div class=\"elementor-container elementor-column-gap-default\">\n\t\t\t\t\t<div class=\"elementor-column elementor-col-100 elementor-top-column elementor-element elementor-element-51f7c7b\" data-id=\"51f7c7b\" data-element_type=\"column\" data-e-type=\"column\">\n\t\t\t<div class=\"elementor-widget-wrap\">\n\t\t\t\t\t\t\t<\/div>\n\t\t<\/div>\n\t\t\t\t\t<\/div>\n\t\t<\/section>\n\t\t\t\t<\/div>\n\t\t","protected":false},"excerpt":{"rendered":"<p>Institucional\/Transpar\u00eancia Demonstra\u00e7\u00f5es Financeiras 2024 balan\u00e7o patrimonial parecer do conselho fiscal DAF Mural Presta\u00e7\u00e3o de Contas 2023 balan\u00e7o patrimonial parecer do conselho fiscal DAF Mural Presta\u00e7\u00e3o de Contas 2022 balan\u00e7o patrimonial [&hellip;]<\/p>\n","protected":false},"author":2,"featured_media":0,"parent":0,"menu_order":0,"comment_status":"closed","ping_status":"closed","template":"","meta":{"footnotes":""},"class_list":["post-21888","page","type-page","status-publish","hentry"],"jetpack_sharing_enabled":true,"_links":{"self":[{"href":"https:\/\/comunhaoespirita.org.br\/portal\/wp-json\/wp\/v2\/pages\/21888","targetHints":{"allow":["GET"]}}],"collection":[{"href":"https:\/\/comunhaoespirita.org.br\/portal\/wp-json\/wp\/v2\/pages"}],"about":[{"href":"https:\/\/comunhaoespirita.org.br\/portal\/wp-json\/wp\/v2\/types\/page"}],"author":[{"embeddable":true,"href":"https:\/\/comunhaoespirita.org.br\/portal\/wp-json\/wp\/v2\/users\/2"}],"replies":[{"embeddable":true,"href":"https:\/\/comunhaoespirita.org.br\/portal\/wp-json\/wp\/v2\/comments?post=21888"}],"version-history":[{"count":44,"href":"https:\/\/comunhaoespirita.org.br\/portal\/wp-json\/wp\/v2\/pages\/21888\/revisions"}],"predecessor-version":[{"id":34771,"href":"https:\/\/comunhaoespirita.org.br\/portal\/wp-json\/wp\/v2\/pages\/21888\/revisions\/34771"}],"wp:attachment":[{"href":"https:\/\/comunhaoespirita.org.br\/portal\/wp-json\/wp\/v2\/media?parent=21888"}],"curies":[{"name":"wp","href":"https:\/\/api.w.org\/{rel}","templated":true}]}}