{"id":18478,"date":"2023-02-23T14:44:12","date_gmt":"2023-02-23T17:44:12","guid":{"rendered":"https:\/\/comunhaoespirita.org.br\/portal\/?page_id=18478"},"modified":"2025-05-29T09:02:53","modified_gmt":"2025-05-29T12:02:53","slug":"o-mentor","status":"publish","type":"page","link":"https:\/\/comunhaoespirita.org.br\/portal\/o-mentor\/","title":{"rendered":"O Mentor"},"content":{"rendered":"\t\t<div data-elementor-type=\"wp-page\" data-elementor-id=\"18478\" class=\"elementor elementor-18478\" data-elementor-post-type=\"page\">\n\t\t\t\t\t\t<section class=\"elementor-section elementor-top-section elementor-element elementor-element-4b2d5b8 elementor-section-boxed elementor-section-height-default elementor-section-height-default\" data-id=\"4b2d5b8\" data-element_type=\"section\" data-e-type=\"section\">\n\t\t\t\t\t\t<div class=\"elementor-container elementor-column-gap-default\">\n\t\t\t\t\t<div class=\"elementor-column elementor-col-100 elementor-top-column elementor-element elementor-element-2afb92d\" data-id=\"2afb92d\" data-element_type=\"column\" data-e-type=\"column\">\n\t\t\t<div class=\"elementor-widget-wrap elementor-element-populated\">\n\t\t\t\t\t\t<div class=\"elementor-element elementor-element-137de48 elementor-widget elementor-widget-heading\" data-id=\"137de48\" data-element_type=\"widget\" data-e-type=\"widget\" data-widget_type=\"heading.default\">\n\t\t\t\t<div class=\"elementor-widget-container\">\n\t\t\t\t\t<h2 class=\"elementor-heading-title elementor-size-default\">O Mentor Bezerra de Menezes<\/h2>\t\t\t\t<\/div>\n\t\t\t\t<\/div>\n\t\t\t\t\t<\/div>\n\t\t<\/div>\n\t\t\t\t\t<\/div>\n\t\t<\/section>\n\t\t\t\t<section class=\"elementor-section elementor-top-section elementor-element elementor-element-0671a49 elementor-section-boxed elementor-section-height-default elementor-section-height-default\" data-id=\"0671a49\" data-element_type=\"section\" data-e-type=\"section\">\n\t\t\t\t\t\t<div class=\"elementor-container elementor-column-gap-default\">\n\t\t\t\t\t<div class=\"elementor-column elementor-col-33 elementor-top-column elementor-element elementor-element-8a243b3\" data-id=\"8a243b3\" data-element_type=\"column\" data-e-type=\"column\">\n\t\t\t<div class=\"elementor-widget-wrap elementor-element-populated\">\n\t\t\t\t\t\t<div class=\"elementor-element elementor-element-9832bdd elementor-widget elementor-widget-image\" data-id=\"9832bdd\" data-element_type=\"widget\" data-e-type=\"widget\" data-widget_type=\"image.default\">\n\t\t\t\t<div class=\"elementor-widget-container\">\n\t\t\t\t\t\t\t\t\t\t\t\t\t\t\t<img fetchpriority=\"high\" decoding=\"async\" width=\"576\" height=\"1024\" src=\"https:\/\/comunhaoespirita.org.br\/portal\/wp-content\/uploads\/2023\/02\/FotoMentorBezerraDeMenezes-576x1024.jpg\" class=\"attachment-large size-large wp-image-18489\" alt=\"\" srcset=\"https:\/\/comunhaoespirita.org.br\/portal\/wp-content\/uploads\/2023\/02\/FotoMentorBezerraDeMenezes-576x1024.jpg 576w, https:\/\/comunhaoespirita.org.br\/portal\/wp-content\/uploads\/2023\/02\/FotoMentorBezerraDeMenezes-169x300.jpg 169w, https:\/\/comunhaoespirita.org.br\/portal\/wp-content\/uploads\/2023\/02\/FotoMentorBezerraDeMenezes-768x1365.jpg 768w, https:\/\/comunhaoespirita.org.br\/portal\/wp-content\/uploads\/2023\/02\/FotoMentorBezerraDeMenezes-864x1536.jpg 864w, https:\/\/comunhaoespirita.org.br\/portal\/wp-content\/uploads\/2023\/02\/FotoMentorBezerraDeMenezes.jpg 900w\" sizes=\"(max-width: 576px) 100vw, 576px\" \/>\t\t\t\t\t\t\t\t\t\t\t\t\t\t\t<\/div>\n\t\t\t\t<\/div>\n\t\t\t\t\t<\/div>\n\t\t<\/div>\n\t\t\t\t<div class=\"elementor-column elementor-col-66 elementor-top-column elementor-element elementor-element-7756fbd\" data-id=\"7756fbd\" data-element_type=\"column\" data-e-type=\"column\">\n\t\t\t<div class=\"elementor-widget-wrap elementor-element-populated\">\n\t\t\t\t\t\t<div class=\"elementor-element elementor-element-13cf5394 elementor-widget elementor-widget-text-editor\" data-id=\"13cf5394\" data-element_type=\"widget\" data-e-type=\"widget\" data-widget_type=\"text-editor.default\">\n\t\t\t\t<div class=\"elementor-widget-container\">\n\t\t\t\t\t\t\t\t\t<p>\u00a0<\/p><p>A primeira vez que Irene Carvalho, uma das fundadoras da Comunh\u00e3o, ouviu falar sobre Bezerra de Menezes foi em Palmelo, Goi\u00e1s. Na \u00e9poca, ela ainda n\u00e3o havia aceitado o Espiritismo. O lugar era conhecido como a \u00fanica cidade espirita do mundo, e M\u00e1rio Carvalho, seu marido e tamb\u00e9m um dos fundadores, que j\u00e1 se considerava esp\u00edrita, quis conhec\u00ea-la.<\/p><p>\u00a0<\/p><p>Durante a visita, participaram de uma reuni\u00e3o medi\u00fanica. Um dos\u00a0dirigentes convidou Irene para compor a mesa dos trabalhos e pediu\u00a0que\u00a0descrevesse o que\u00a0via.<\/p><p>Com sua mediunidade at\u00e9 ent\u00e3o n\u00e3o compreendida, ela viu Bezerra de Menezes.<\/p><p>\u00a0<\/p><p>Nascido em 29 de agosto de 1831, em Jaguaretama, Cear\u00e1, ele foi m\u00e9dico, militar, escritor, jornalista, pol\u00edtico e disseminador da Doutrina Esp\u00edrita. Desencarnou pobre, mas com o consult\u00f3rio lotado de pacientes que nenhum outro m\u00e9dico queria.<\/p><p>\u00a0<\/p><p>Anos depois, esse esp\u00edrito de escol viria a ser o orientador de todos os trabalhos realizados na Comunh\u00e3o Espirita, conduzindo a nossa amada Casa junto a uma equipe de amigos espirituais e zelando por todos que compomos a fam\u00edlia Comunh\u00e3o, com humildade e do\u00e7ura, amor e caridade, mas tamb\u00e9m com energia e firmeza.<\/p><p>Gratid\u00e3o<\/p><p>COMUNH\u00c3O<\/p>\t\t\t\t\t\t\t\t<\/div>\n\t\t\t\t<\/div>\n\t\t\t\t\t<\/div>\n\t\t<\/div>\n\t\t\t\t\t<\/div>\n\t\t<\/section>\n\t\t\t\t<section class=\"elementor-section elementor-top-section elementor-element elementor-element-53212522 elementor-section-boxed elementor-section-height-default elementor-section-height-default\" data-id=\"53212522\" data-element_type=\"section\" data-e-type=\"section\">\n\t\t\t\t\t\t<div class=\"elementor-container elementor-column-gap-default\">\n\t\t\t\t\t<div class=\"elementor-column elementor-col-100 elementor-top-column elementor-element elementor-element-7c142b9a\" data-id=\"7c142b9a\" data-element_type=\"column\" data-e-type=\"column\">\n\t\t\t<div class=\"elementor-widget-wrap\">\n\t\t\t\t\t\t\t<\/div>\n\t\t<\/div>\n\t\t\t\t\t<\/div>\n\t\t<\/section>\n\t\t\t\t<\/div>\n\t\t","protected":false},"excerpt":{"rendered":"<p>O Mentor Bezerra de Menezes \u00a0 A primeira vez que Irene Carvalho, uma das fundadoras da Comunh\u00e3o, ouviu falar sobre Bezerra de Menezes foi em Palmelo, Goi\u00e1s. Na \u00e9poca, ela [&hellip;]<\/p>\n","protected":false},"author":2,"featured_media":0,"parent":0,"menu_order":0,"comment_status":"closed","ping_status":"closed","template":"","meta":{"footnotes":""},"class_list":["post-18478","page","type-page","status-publish","hentry"],"jetpack_sharing_enabled":true,"_links":{"self":[{"href":"https:\/\/comunhaoespirita.org.br\/portal\/wp-json\/wp\/v2\/pages\/18478","targetHints":{"allow":["GET"]}}],"collection":[{"href":"https:\/\/comunhaoespirita.org.br\/portal\/wp-json\/wp\/v2\/pages"}],"about":[{"href":"https:\/\/comunhaoespirita.org.br\/portal\/wp-json\/wp\/v2\/types\/page"}],"author":[{"embeddable":true,"href":"https:\/\/comunhaoespirita.org.br\/portal\/wp-json\/wp\/v2\/users\/2"}],"replies":[{"embeddable":true,"href":"https:\/\/comunhaoespirita.org.br\/portal\/wp-json\/wp\/v2\/comments?post=18478"}],"version-history":[{"count":12,"href":"https:\/\/comunhaoespirita.org.br\/portal\/wp-json\/wp\/v2\/pages\/18478\/revisions"}],"predecessor-version":[{"id":31408,"href":"https:\/\/comunhaoespirita.org.br\/portal\/wp-json\/wp\/v2\/pages\/18478\/revisions\/31408"}],"wp:attachment":[{"href":"https:\/\/comunhaoespirita.org.br\/portal\/wp-json\/wp\/v2\/media?parent=18478"}],"curies":[{"name":"wp","href":"https:\/\/api.w.org\/{rel}","templated":true}]}}