{"id":2720,"date":"2022-01-22T13:25:15","date_gmt":"2022-01-22T16:25:15","guid":{"rendered":"https:\/\/comunhaoespirita.org.br\/dps-comunhao\/?page_id=2720"},"modified":"2024-09-25T13:08:40","modified_gmt":"2024-09-25T16:08:40","slug":"galeria","status":"publish","type":"page","link":"https:\/\/comunhaoespirita.org.br\/dps-comunhao\/galeria\/","title":{"rendered":"Galeria"},"content":{"rendered":"\t\t<div data-elementor-type=\"wp-page\" data-elementor-id=\"2720\" class=\"elementor elementor-2720\" data-elementor-post-type=\"page\">\n\t\t\t\t\t\t<section class=\"elementor-section elementor-top-section elementor-element elementor-element-524ad14 elementor-section-boxed elementor-section-height-default elementor-section-height-default\" data-id=\"524ad14\" data-element_type=\"section\">\n\t\t\t\t\t\t<div class=\"elementor-container elementor-column-gap-default\">\n\t\t\t\t\t<div class=\"elementor-column elementor-col-100 elementor-top-column elementor-element elementor-element-9fcfb32\" data-id=\"9fcfb32\" data-element_type=\"column\">\n\t\t\t<div class=\"elementor-widget-wrap\">\n\t\t\t\t\t\t\t<\/div>\n\t\t<\/div>\n\t\t\t\t\t<\/div>\n\t\t<\/section>\n\t\t\t\t<section class=\"elementor-section elementor-top-section elementor-element elementor-element-4b3fdb1 elementor-section-boxed elementor-section-height-default elementor-section-height-default\" data-id=\"4b3fdb1\" data-element_type=\"section\">\n\t\t\t\t\t\t<div class=\"elementor-container elementor-column-gap-default\">\n\t\t\t\t\t<div class=\"elementor-column elementor-col-50 elementor-top-column elementor-element elementor-element-9242af0\" data-id=\"9242af0\" data-element_type=\"column\">\n\t\t\t<div class=\"elementor-widget-wrap elementor-element-populated\">\n\t\t\t\t\t\t<div class=\"elementor-element elementor-element-b127d57 elementor-widget elementor-widget-video\" data-id=\"b127d57\" data-element_type=\"widget\" data-settings=\"{&quot;youtube_url&quot;:&quot;https:\\\/\\\/www.youtube.com\\\/watch?v=L5kdOTzPk4E&quot;,&quot;video_type&quot;:&quot;youtube&quot;,&quot;controls&quot;:&quot;yes&quot;}\" data-widget_type=\"video.default\">\n\t\t\t\t<div class=\"elementor-widget-container\">\n\t\t\t\t\t\t\t<div class=\"elementor-wrapper elementor-open-inline\">\n\t\t\t<div class=\"elementor-video\"><\/div>\t\t<\/div>\n\t\t\t\t\t\t<\/div>\n\t\t\t\t<\/div>\n\t\t\t\t\t<\/div>\n\t\t<\/div>\n\t\t\t\t<div class=\"elementor-column elementor-col-50 elementor-top-column elementor-element elementor-element-d847fe1\" data-id=\"d847fe1\" data-element_type=\"column\">\n\t\t\t<div class=\"elementor-widget-wrap elementor-element-populated\">\n\t\t\t\t\t\t<div class=\"elementor-element elementor-element-ec2b263 elementor-widget elementor-widget-video\" data-id=\"ec2b263\" data-element_type=\"widget\" data-settings=\"{&quot;youtube_url&quot;:&quot;https:\\\/\\\/www.youtube.com\\\/watch?v=1TVN7WNzBbs&quot;,&quot;video_type&quot;:&quot;youtube&quot;,&quot;controls&quot;:&quot;yes&quot;}\" data-widget_type=\"video.default\">\n\t\t\t\t<div class=\"elementor-widget-container\">\n\t\t\t\t\t\t\t<div class=\"elementor-wrapper elementor-open-inline\">\n\t\t\t<div class=\"elementor-video\"><\/div>\t\t<\/div>\n\t\t\t\t\t\t<\/div>\n\t\t\t\t<\/div>\n\t\t\t\t\t<\/div>\n\t\t<\/div>\n\t\t\t\t\t<\/div>\n\t\t<\/section>\n\t\t\t\t<section class=\"elementor-section elementor-top-section elementor-element elementor-element-23d5e22 elementor-section-boxed elementor-section-height-default elementor-section-height-default\" data-id=\"23d5e22\" data-element_type=\"section\">\n\t\t\t\t\t\t<div class=\"elementor-container elementor-column-gap-default\">\n\t\t\t\t\t<div class=\"elementor-column elementor-col-50 elementor-top-column elementor-element elementor-element-a479431\" data-id=\"a479431\" data-element_type=\"column\">\n\t\t\t<div class=\"elementor-widget-wrap elementor-element-populated\">\n\t\t\t\t\t\t<div class=\"elementor-element elementor-element-44d43bb elementor-widget elementor-widget-video\" data-id=\"44d43bb\" data-element_type=\"widget\" data-settings=\"{&quot;youtube_url&quot;:&quot;https:\\\/\\\/youtu.be\\\/ljpzZfSOTgE?si=wlCifRM3Lxw0naxY&quot;,&quot;video_type&quot;:&quot;youtube&quot;,&quot;controls&quot;:&quot;yes&quot;}\" data-widget_type=\"video.default\">\n\t\t\t\t<div class=\"elementor-widget-container\">\n\t\t\t\t\t\t\t<div class=\"elementor-wrapper elementor-open-inline\">\n\t\t\t<div class=\"elementor-video\"><\/div>\t\t<\/div>\n\t\t\t\t\t\t<\/div>\n\t\t\t\t<\/div>\n\t\t\t\t\t<\/div>\n\t\t<\/div>\n\t\t\t\t<div class=\"elementor-column elementor-col-50 elementor-top-column elementor-element elementor-element-84eb3ee\" data-id=\"84eb3ee\" data-element_type=\"column\">\n\t\t\t<div class=\"elementor-widget-wrap elementor-element-populated\">\n\t\t\t\t\t\t<div class=\"elementor-element elementor-element-0164fe5 elementor-widget elementor-widget-video\" data-id=\"0164fe5\" data-element_type=\"widget\" data-settings=\"{&quot;youtube_url&quot;:&quot;https:\\\/\\\/youtu.be\\\/lctOtrO912w?feature=shared&quot;,&quot;video_type&quot;:&quot;youtube&quot;,&quot;controls&quot;:&quot;yes&quot;}\" data-widget_type=\"video.default\">\n\t\t\t\t<div class=\"elementor-widget-container\">\n\t\t\t\t\t\t\t<div class=\"elementor-wrapper elementor-open-inline\">\n\t\t\t<div class=\"elementor-video\"><\/div>\t\t<\/div>\n\t\t\t\t\t\t<\/div>\n\t\t\t\t<\/div>\n\t\t\t\t\t<\/div>\n\t\t<\/div>\n\t\t\t\t\t<\/div>\n\t\t<\/section>\n\t\t\t\t<section class=\"elementor-section elementor-top-section elementor-element elementor-element-4268f6f elementor-section-boxed elementor-section-height-default elementor-section-height-default\" data-id=\"4268f6f\" data-element_type=\"section\">\n\t\t\t\t\t\t<div class=\"elementor-container elementor-column-gap-default\">\n\t\t\t\t\t<div class=\"elementor-column elementor-col-50 elementor-top-column elementor-element elementor-element-501ccd6\" data-id=\"501ccd6\" data-element_type=\"column\">\n\t\t\t<div class=\"elementor-widget-wrap elementor-element-populated\">\n\t\t\t\t\t\t<div class=\"elementor-element elementor-element-700c98a elementor-widget elementor-widget-video\" data-id=\"700c98a\" data-element_type=\"widget\" data-settings=\"{&quot;youtube_url&quot;:&quot;https:\\\/\\\/youtu.be\\\/WHlGEbERwpA?feature=shared&quot;,&quot;video_type&quot;:&quot;youtube&quot;,&quot;controls&quot;:&quot;yes&quot;}\" data-widget_type=\"video.default\">\n\t\t\t\t<div class=\"elementor-widget-container\">\n\t\t\t\t\t\t\t<div class=\"elementor-wrapper elementor-open-inline\">\n\t\t\t<div class=\"elementor-video\"><\/div>\t\t<\/div>\n\t\t\t\t\t\t<\/div>\n\t\t\t\t<\/div>\n\t\t\t\t\t<\/div>\n\t\t<\/div>\n\t\t\t\t<div class=\"elementor-column elementor-col-50 elementor-top-column elementor-element elementor-element-5308f04\" data-id=\"5308f04\" data-element_type=\"column\">\n\t\t\t<div class=\"elementor-widget-wrap elementor-element-populated\">\n\t\t\t\t\t\t<div class=\"elementor-element elementor-element-49e1070 elementor-widget elementor-widget-video\" data-id=\"49e1070\" data-element_type=\"widget\" data-settings=\"{&quot;youtube_url&quot;:&quot;https:\\\/\\\/youtu.be\\\/NCcwcuPXtdM?si=YjdcpdZ03N3VR7cz&quot;,&quot;video_type&quot;:&quot;youtube&quot;,&quot;controls&quot;:&quot;yes&quot;}\" data-widget_type=\"video.default\">\n\t\t\t\t<div class=\"elementor-widget-container\">\n\t\t\t\t\t\t\t<div class=\"elementor-wrapper elementor-open-inline\">\n\t\t\t<div class=\"elementor-video\"><\/div>\t\t<\/div>\n\t\t\t\t\t\t<\/div>\n\t\t\t\t<\/div>\n\t\t\t\t\t<\/div>\n\t\t<\/div>\n\t\t\t\t\t<\/div>\n\t\t<\/section>\n\t\t\t\t<section class=\"elementor-section elementor-top-section elementor-element elementor-element-22af8d5 elementor-section-boxed elementor-section-height-default elementor-section-height-default\" data-id=\"22af8d5\" data-element_type=\"section\">\n\t\t\t\t\t\t<div class=\"elementor-container elementor-column-gap-default\">\n\t\t\t\t\t<div class=\"elementor-column elementor-col-50 elementor-top-column elementor-element elementor-element-95b74a0\" data-id=\"95b74a0\" data-element_type=\"column\">\n\t\t\t<div class=\"elementor-widget-wrap elementor-element-populated\">\n\t\t\t\t\t\t<div class=\"elementor-element elementor-element-f390dac elementor-widget elementor-widget-video\" data-id=\"f390dac\" data-element_type=\"widget\" data-settings=\"{&quot;youtube_url&quot;:&quot;https:\\\/\\\/youtu.be\\\/BJOSHtqoJIA?feature=shared&quot;,&quot;video_type&quot;:&quot;youtube&quot;,&quot;controls&quot;:&quot;yes&quot;}\" data-widget_type=\"video.default\">\n\t\t\t\t<div class=\"elementor-widget-container\">\n\t\t\t\t\t\t\t<div class=\"elementor-wrapper elementor-open-inline\">\n\t\t\t<div class=\"elementor-video\"><\/div>\t\t<\/div>\n\t\t\t\t\t\t<\/div>\n\t\t\t\t<\/div>\n\t\t\t\t\t<\/div>\n\t\t<\/div>\n\t\t\t\t<div class=\"elementor-column elementor-col-50 elementor-top-column elementor-element elementor-element-665b9b0\" data-id=\"665b9b0\" data-element_type=\"column\">\n\t\t\t<div class=\"elementor-widget-wrap\">\n\t\t\t\t\t\t\t<\/div>\n\t\t<\/div>\n\t\t\t\t\t<\/div>\n\t\t<\/section>\n\t\t\t\t<section class=\"elementor-section elementor-top-section elementor-element elementor-element-535e29a elementor-section-boxed elementor-section-height-default elementor-section-height-default\" data-id=\"535e29a\" data-element_type=\"section\">\n\t\t\t\t\t\t<div class=\"elementor-container elementor-column-gap-default\">\n\t\t\t\t\t<div class=\"elementor-column elementor-col-100 elementor-top-column elementor-element elementor-element-94da6c6\" data-id=\"94da6c6\" data-element_type=\"column\">\n\t\t\t<div class=\"elementor-widget-wrap\">\n\t\t\t\t\t\t\t<\/div>\n\t\t<\/div>\n\t\t\t\t\t<\/div>\n\t\t<\/section>\n\t\t\t\t<section class=\"elementor-section elementor-top-section elementor-element elementor-element-f30023a elementor-section-boxed elementor-section-height-default elementor-section-height-default\" data-id=\"f30023a\" data-element_type=\"section\">\n\t\t\t\t\t\t<div class=\"elementor-container elementor-column-gap-default\">\n\t\t\t\t\t<div class=\"elementor-column elementor-col-50 elementor-top-column elementor-element elementor-element-6a79b0b\" data-id=\"6a79b0b\" data-element_type=\"column\">\n\t\t\t<div class=\"elementor-widget-wrap elementor-element-populated\">\n\t\t\t\t\t\t<div class=\"elementor-element elementor-element-6ff6d3e elementor-widget elementor-widget-video\" data-id=\"6ff6d3e\" data-element_type=\"widget\" data-settings=\"{&quot;youtube_url&quot;:&quot;https:\\\/\\\/www.youtube.com\\\/embed\\\/KVaM3QORU9c&quot;,&quot;video_type&quot;:&quot;youtube&quot;,&quot;controls&quot;:&quot;yes&quot;}\" data-widget_type=\"video.default\">\n\t\t\t\t<div class=\"elementor-widget-container\">\n\t\t\t\t\t\t\t<div class=\"elementor-wrapper elementor-open-inline\">\n\t\t\t<div class=\"elementor-video\"><\/div>\t\t<\/div>\n\t\t\t\t\t\t<\/div>\n\t\t\t\t<\/div>\n\t\t\t\t\t<\/div>\n\t\t<\/div>\n\t\t\t\t<div class=\"elementor-column elementor-col-50 elementor-top-column elementor-element elementor-element-42cf943\" data-id=\"42cf943\" data-element_type=\"column\">\n\t\t\t<div class=\"elementor-widget-wrap elementor-element-populated\">\n\t\t\t\t\t\t<div class=\"elementor-element elementor-element-aa0629b elementor-widget elementor-widget-video\" data-id=\"aa0629b\" data-element_type=\"widget\" data-settings=\"{&quot;youtube_url&quot;:&quot;https:\\\/\\\/www.youtube.com\\\/embed\\\/lXkEolqi4Sw&quot;,&quot;video_type&quot;:&quot;youtube&quot;,&quot;controls&quot;:&quot;yes&quot;}\" data-widget_type=\"video.default\">\n\t\t\t\t<div class=\"elementor-widget-container\">\n\t\t\t\t\t\t\t<div class=\"elementor-wrapper elementor-open-inline\">\n\t\t\t<div class=\"elementor-video\"><\/div>\t\t<\/div>\n\t\t\t\t\t\t<\/div>\n\t\t\t\t<\/div>\n\t\t\t\t\t<\/div>\n\t\t<\/div>\n\t\t\t\t\t<\/div>\n\t\t<\/section>\n\t\t\t\t<\/div>\n\t\t","protected":false},"excerpt":{"rendered":"<p>https:\/\/youtube.com\/watch?v=KVaM3QORU9chttps%3A<\/p>\n","protected":false},"author":2,"featured_media":0,"parent":0,"menu_order":0,"comment_status":"closed","ping_status":"closed","template":"","meta":{"footnotes":""},"class_list":["post-2720","page","type-page","status-publish","hentry"],"yoast_head":"<!-- This site is optimized with the Yoast SEO plugin v27.2 - https:\/\/yoast.com\/product\/yoast-seo-wordpress\/ -->\n<title>Galeria - Diretoria de Promo\u00e7\u00e3o Social<\/title>\n<meta name=\"robots\" content=\"index, follow, max-snippet:-1, max-image-preview:large, max-video-preview:-1\" \/>\n<link rel=\"canonical\" href=\"https:\/\/comunhaoespirita.org.br\/dps-comunhao\/galeria\/\" \/>\n<meta property=\"og:locale\" content=\"pt_BR\" \/>\n<meta property=\"og:type\" content=\"article\" \/>\n<meta property=\"og:title\" content=\"Galeria - Diretoria de Promo\u00e7\u00e3o Social\" \/>\n<meta property=\"og:description\" content=\"https:\/\/youtube.com\/watch?v=KVaM3QORU9chttps%3A\" \/>\n<meta property=\"og:url\" content=\"https:\/\/comunhaoespirita.org.br\/dps-comunhao\/galeria\/\" \/>\n<meta property=\"og:site_name\" content=\"Diretoria de Promo\u00e7\u00e3o Social\" \/>\n<meta property=\"article:modified_time\" content=\"2024-09-25T16:08:40+00:00\" \/>\n<meta name=\"twitter:card\" content=\"summary_large_image\" \/>\n<script type=\"application\/ld+json\" class=\"yoast-schema-graph\">{\"@context\":\"https:\/\/schema.org\",\"@graph\":[{\"@type\":\"WebPage\",\"@id\":\"https:\/\/comunhaoespirita.org.br\/dps-comunhao\/galeria\/\",\"url\":\"https:\/\/comunhaoespirita.org.br\/dps-comunhao\/galeria\/\",\"name\":\"Galeria - Diretoria de Promo\u00e7\u00e3o Social\",\"isPartOf\":{\"@id\":\"https:\/\/comunhaoespirita.org.br\/dps-comunhao\/#website\"},\"datePublished\":\"2022-01-22T16:25:15+00:00\",\"dateModified\":\"2024-09-25T16:08:40+00:00\",\"breadcrumb\":{\"@id\":\"https:\/\/comunhaoespirita.org.br\/dps-comunhao\/galeria\/#breadcrumb\"},\"inLanguage\":\"pt-BR\",\"potentialAction\":[{\"@type\":\"ReadAction\",\"target\":[\"https:\/\/comunhaoespirita.org.br\/dps-comunhao\/galeria\/\"]}]},{\"@type\":\"BreadcrumbList\",\"@id\":\"https:\/\/comunhaoespirita.org.br\/dps-comunhao\/galeria\/#breadcrumb\",\"itemListElement\":[{\"@type\":\"ListItem\",\"position\":1,\"name\":\"In\u00edcio\",\"item\":\"https:\/\/comunhaoespirita.org.br\/dps-comunhao\/\"},{\"@type\":\"ListItem\",\"position\":2,\"name\":\"Galeria\"}]},{\"@type\":\"WebSite\",\"@id\":\"https:\/\/comunhaoespirita.org.br\/dps-comunhao\/#website\",\"url\":\"https:\/\/comunhaoespirita.org.br\/dps-comunhao\/\",\"name\":\"Diretoria de Promo\u00e7\u00e3o Social\",\"description\":\"Nossa inspira\u00e7\u00e3o \u00e9 a Promo\u00e7\u00e3o Social do Esp\u00edrito Imortal - Reabilitando o Ser\",\"publisher\":{\"@id\":\"https:\/\/comunhaoespirita.org.br\/dps-comunhao\/#organization\"},\"potentialAction\":[{\"@type\":\"SearchAction\",\"target\":{\"@type\":\"EntryPoint\",\"urlTemplate\":\"https:\/\/comunhaoespirita.org.br\/dps-comunhao\/?s={search_term_string}\"},\"query-input\":{\"@type\":\"PropertyValueSpecification\",\"valueRequired\":true,\"valueName\":\"search_term_string\"}}],\"inLanguage\":\"pt-BR\"},{\"@type\":\"Organization\",\"@id\":\"https:\/\/comunhaoespirita.org.br\/dps-comunhao\/#organization\",\"name\":\"Diretoria de Promo\u00e7\u00e3o Social da Comunh\u00e3o Esp\u00edrita de Bras\u00edlia\",\"url\":\"https:\/\/comunhaoespirita.org.br\/dps-comunhao\/\",\"logo\":{\"@type\":\"ImageObject\",\"inLanguage\":\"pt-BR\",\"@id\":\"https:\/\/comunhaoespirita.org.br\/dps-comunhao\/#\/schema\/logo\/image\/\",\"url\":\"https:\/\/comunhaoespirita.org.br\/dps-comunhao\/wp-content\/uploads\/2021\/12\/logo.png\",\"contentUrl\":\"https:\/\/comunhaoespirita.org.br\/dps-comunhao\/wp-content\/uploads\/2021\/12\/logo.png\",\"width\":241,\"height\":60,\"caption\":\"Diretoria de Promo\u00e7\u00e3o Social da Comunh\u00e3o Esp\u00edrita de Bras\u00edlia\"},\"image\":{\"@id\":\"https:\/\/comunhaoespirita.org.br\/dps-comunhao\/#\/schema\/logo\/image\/\"}}]}<\/script>\n<!-- \/ Yoast SEO plugin. -->","yoast_head_json":{"title":"Galeria - Diretoria de Promo\u00e7\u00e3o Social","robots":{"index":"index","follow":"follow","max-snippet":"max-snippet:-1","max-image-preview":"max-image-preview:large","max-video-preview":"max-video-preview:-1"},"canonical":"https:\/\/comunhaoespirita.org.br\/dps-comunhao\/galeria\/","og_locale":"pt_BR","og_type":"article","og_title":"Galeria - Diretoria de Promo\u00e7\u00e3o Social","og_description":"https:\/\/youtube.com\/watch?v=KVaM3QORU9chttps%3A","og_url":"https:\/\/comunhaoespirita.org.br\/dps-comunhao\/galeria\/","og_site_name":"Diretoria de Promo\u00e7\u00e3o Social","article_modified_time":"2024-09-25T16:08:40+00:00","twitter_card":"summary_large_image","schema":{"@context":"https:\/\/schema.org","@graph":[{"@type":"WebPage","@id":"https:\/\/comunhaoespirita.org.br\/dps-comunhao\/galeria\/","url":"https:\/\/comunhaoespirita.org.br\/dps-comunhao\/galeria\/","name":"Galeria - Diretoria de Promo\u00e7\u00e3o Social","isPartOf":{"@id":"https:\/\/comunhaoespirita.org.br\/dps-comunhao\/#website"},"datePublished":"2022-01-22T16:25:15+00:00","dateModified":"2024-09-25T16:08:40+00:00","breadcrumb":{"@id":"https:\/\/comunhaoespirita.org.br\/dps-comunhao\/galeria\/#breadcrumb"},"inLanguage":"pt-BR","potentialAction":[{"@type":"ReadAction","target":["https:\/\/comunhaoespirita.org.br\/dps-comunhao\/galeria\/"]}]},{"@type":"BreadcrumbList","@id":"https:\/\/comunhaoespirita.org.br\/dps-comunhao\/galeria\/#breadcrumb","itemListElement":[{"@type":"ListItem","position":1,"name":"In\u00edcio","item":"https:\/\/comunhaoespirita.org.br\/dps-comunhao\/"},{"@type":"ListItem","position":2,"name":"Galeria"}]},{"@type":"WebSite","@id":"https:\/\/comunhaoespirita.org.br\/dps-comunhao\/#website","url":"https:\/\/comunhaoespirita.org.br\/dps-comunhao\/","name":"Diretoria de Promo\u00e7\u00e3o Social","description":"Nossa inspira\u00e7\u00e3o \u00e9 a Promo\u00e7\u00e3o Social do Esp\u00edrito Imortal - Reabilitando o Ser","publisher":{"@id":"https:\/\/comunhaoespirita.org.br\/dps-comunhao\/#organization"},"potentialAction":[{"@type":"SearchAction","target":{"@type":"EntryPoint","urlTemplate":"https:\/\/comunhaoespirita.org.br\/dps-comunhao\/?s={search_term_string}"},"query-input":{"@type":"PropertyValueSpecification","valueRequired":true,"valueName":"search_term_string"}}],"inLanguage":"pt-BR"},{"@type":"Organization","@id":"https:\/\/comunhaoespirita.org.br\/dps-comunhao\/#organization","name":"Diretoria de Promo\u00e7\u00e3o Social da Comunh\u00e3o Esp\u00edrita de Bras\u00edlia","url":"https:\/\/comunhaoespirita.org.br\/dps-comunhao\/","logo":{"@type":"ImageObject","inLanguage":"pt-BR","@id":"https:\/\/comunhaoespirita.org.br\/dps-comunhao\/#\/schema\/logo\/image\/","url":"https:\/\/comunhaoespirita.org.br\/dps-comunhao\/wp-content\/uploads\/2021\/12\/logo.png","contentUrl":"https:\/\/comunhaoespirita.org.br\/dps-comunhao\/wp-content\/uploads\/2021\/12\/logo.png","width":241,"height":60,"caption":"Diretoria de Promo\u00e7\u00e3o Social da Comunh\u00e3o Esp\u00edrita de Bras\u00edlia"},"image":{"@id":"https:\/\/comunhaoespirita.org.br\/dps-comunhao\/#\/schema\/logo\/image\/"}}]}},"_links":{"self":[{"href":"https:\/\/comunhaoespirita.org.br\/dps-comunhao\/wp-json\/wp\/v2\/pages\/2720","targetHints":{"allow":["GET"]}}],"collection":[{"href":"https:\/\/comunhaoespirita.org.br\/dps-comunhao\/wp-json\/wp\/v2\/pages"}],"about":[{"href":"https:\/\/comunhaoespirita.org.br\/dps-comunhao\/wp-json\/wp\/v2\/types\/page"}],"author":[{"embeddable":true,"href":"https:\/\/comunhaoespirita.org.br\/dps-comunhao\/wp-json\/wp\/v2\/users\/2"}],"replies":[{"embeddable":true,"href":"https:\/\/comunhaoespirita.org.br\/dps-comunhao\/wp-json\/wp\/v2\/comments?post=2720"}],"version-history":[{"count":25,"href":"https:\/\/comunhaoespirita.org.br\/dps-comunhao\/wp-json\/wp\/v2\/pages\/2720\/revisions"}],"predecessor-version":[{"id":4243,"href":"https:\/\/comunhaoespirita.org.br\/dps-comunhao\/wp-json\/wp\/v2\/pages\/2720\/revisions\/4243"}],"wp:attachment":[{"href":"https:\/\/comunhaoespirita.org.br\/dps-comunhao\/wp-json\/wp\/v2\/media?parent=2720"}],"curies":[{"name":"wp","href":"https:\/\/api.w.org\/{rel}","templated":true}]}}