{"id":2712,"date":"2022-01-22T13:24:26","date_gmt":"2022-01-22T16:24:26","guid":{"rendered":"https:\/\/comunhaoespirita.org.br\/dps-comunhao\/?page_id=2712"},"modified":"2023-03-22T15:20:51","modified_gmt":"2023-03-22T18:20:51","slug":"doando-oportunidades","status":"publish","type":"page","link":"https:\/\/comunhaoespirita.org.br\/dps-comunhao\/doando-oportunidades\/","title":{"rendered":"Doando Oportunidades"},"content":{"rendered":"\t\t<div data-elementor-type=\"wp-page\" data-elementor-id=\"2712\" class=\"elementor elementor-2712\" data-elementor-post-type=\"page\">\n\t\t\t\t\t\t<section class=\"elementor-section elementor-top-section elementor-element elementor-element-4061fa24 elementor-section-full_width elementor-section-height-default elementor-section-height-default\" data-id=\"4061fa24\" data-element_type=\"section\" id=\"section-1\" data-settings=\"{&quot;background_background&quot;:&quot;classic&quot;}\">\n\t\t\t\t\t\t\t<div class=\"elementor-background-overlay\"><\/div>\n\t\t\t\t\t\t\t<div class=\"elementor-container elementor-column-gap-default\">\n\t\t\t\t\t<div class=\"elementor-column elementor-col-100 elementor-top-column elementor-element elementor-element-48017b61\" data-id=\"48017b61\" data-element_type=\"column\">\n\t\t\t<div class=\"elementor-widget-wrap elementor-element-populated\">\n\t\t\t\t\t\t<section class=\"elementor-section elementor-inner-section elementor-element elementor-element-1458e23f elementor-section-boxed elementor-section-height-default elementor-section-height-default\" data-id=\"1458e23f\" data-element_type=\"section\" data-settings=\"{&quot;background_background&quot;:&quot;classic&quot;}\">\n\t\t\t\t\t\t<div class=\"elementor-container elementor-column-gap-default\">\n\t\t\t\t\t<div class=\"elementor-column elementor-col-100 elementor-inner-column elementor-element elementor-element-13c4a3b0\" data-id=\"13c4a3b0\" data-element_type=\"column\">\n\t\t\t<div class=\"elementor-widget-wrap elementor-element-populated\">\n\t\t\t\t\t\t<div class=\"elementor-element elementor-element-733e1e49 elementor-widget elementor-widget-heading\" data-id=\"733e1e49\" data-element_type=\"widget\" data-widget_type=\"heading.default\">\n\t\t\t\t<div class=\"elementor-widget-container\">\n\t\t\t\t\t<h2 class=\"elementor-heading-title elementor-size-default\">Doando Oportunidades<\/h2>\t\t\t\t<\/div>\n\t\t\t\t<\/div>\n\t\t\t\t\t<\/div>\n\t\t<\/div>\n\t\t\t\t\t<\/div>\n\t\t<\/section>\n\t\t\t\t\t<\/div>\n\t\t<\/div>\n\t\t\t\t\t<\/div>\n\t\t<\/section>\n\t\t\t\t<section class=\"elementor-section elementor-top-section elementor-element elementor-element-88f18a8 elementor-section-full_width elementor-reverse-tablet elementor-reverse-mobile elementor-section-height-default elementor-section-height-default\" data-id=\"88f18a8\" data-element_type=\"section\" data-settings=\"{&quot;background_background&quot;:&quot;classic&quot;}\">\n\t\t\t\t\t\t<div class=\"elementor-container elementor-column-gap-no\">\n\t\t\t\t\t<div class=\"elementor-column elementor-col-50 elementor-top-column elementor-element elementor-element-9b8a294\" data-id=\"9b8a294\" data-element_type=\"column\">\n\t\t\t<div class=\"elementor-widget-wrap elementor-element-populated\">\n\t\t\t\t\t\t<section class=\"elementor-section elementor-inner-section elementor-element elementor-element-384849e9 elementor-section-boxed elementor-section-height-default elementor-section-height-default\" data-id=\"384849e9\" data-element_type=\"section\">\n\t\t\t\t\t\t<div class=\"elementor-container elementor-column-gap-default\">\n\t\t\t\t\t<div class=\"elementor-column elementor-col-100 elementor-inner-column elementor-element elementor-element-7caf6f68 elementor-invisible\" data-id=\"7caf6f68\" data-element_type=\"column\" data-settings=\"{&quot;background_background&quot;:&quot;classic&quot;,&quot;animation&quot;:&quot;fadeInLeft&quot;}\">\n\t\t\t<div class=\"elementor-widget-wrap elementor-element-populated\">\n\t\t\t\t\t\t<div class=\"elementor-element elementor-element-2fdaed57 elementor-widget elementor-widget-heading\" data-id=\"2fdaed57\" data-element_type=\"widget\" data-widget_type=\"heading.default\">\n\t\t\t\t<div class=\"elementor-widget-container\">\n\t\t\t\t\t<h2 class=\"elementor-heading-title elementor-size-default\">Doando Oportunidades<\/h2>\t\t\t\t<\/div>\n\t\t\t\t<\/div>\n\t\t\t\t<div class=\"elementor-element elementor-element-4906a010 elementor-widget elementor-widget-text-editor\" data-id=\"4906a010\" data-element_type=\"widget\" data-widget_type=\"text-editor.default\">\n\t\t\t\t<div class=\"elementor-widget-container\">\n\t\t\t\t\t\t\t\t\t<p>O Programa Doando Oportunidades visa captar recursos para aquisi\u00e7\u00e3o de itens onerosos necess\u00e1rios aos integrantes das fam\u00edlias apoiadas pela Comunh\u00e3o. Esses itens encontram-se \u00e0 disposi\u00e7\u00e3o na Diretoria de Promo\u00e7\u00e3o Social para escolha dos doadores interessados em ajudar com recursos financeiros.<\/p><p>Em 2022 o projeto proporcionou a aquisi\u00e7\u00e3o de kit maquiagem, manicure, pagamentos de cursos e est\u00e1gios, reparo e melhoria de resid\u00eancias, entre outras a\u00e7\u00f5es.<\/p>\t\t\t\t\t\t\t\t<\/div>\n\t\t\t\t<\/div>\n\t\t\t\t\t<\/div>\n\t\t<\/div>\n\t\t\t\t\t<\/div>\n\t\t<\/section>\n\t\t\t\t\t<\/div>\n\t\t<\/div>\n\t\t\t\t<div class=\"elementor-column elementor-col-50 elementor-top-column elementor-element elementor-element-705307da\" data-id=\"705307da\" data-element_type=\"column\">\n\t\t\t<div class=\"elementor-widget-wrap elementor-element-populated\">\n\t\t\t\t\t\t<div class=\"elementor-element elementor-element-4b271861 elementor-widget elementor-widget-image\" data-id=\"4b271861\" data-element_type=\"widget\" data-widget_type=\"image.default\">\n\t\t\t\t<div class=\"elementor-widget-container\">\n\t\t\t\t\t\t\t\t\t\t\t\t\t\t\t<img fetchpriority=\"high\" decoding=\"async\" width=\"1366\" height=\"911\" src=\"https:\/\/comunhaoespirita.org.br\/dps-comunhao\/wp-content\/uploads\/2022\/01\/dando_oportunidades.jpg\" class=\"attachment-full size-full wp-image-3190\" alt=\"\" srcset=\"https:\/\/comunhaoespirita.org.br\/dps-comunhao\/wp-content\/uploads\/2022\/01\/dando_oportunidades.jpg 1366w, https:\/\/comunhaoespirita.org.br\/dps-comunhao\/wp-content\/uploads\/2022\/01\/dando_oportunidades-300x200.jpg 300w, https:\/\/comunhaoespirita.org.br\/dps-comunhao\/wp-content\/uploads\/2022\/01\/dando_oportunidades-1024x683.jpg 1024w, https:\/\/comunhaoespirita.org.br\/dps-comunhao\/wp-content\/uploads\/2022\/01\/dando_oportunidades-768x512.jpg 768w\" sizes=\"(max-width: 1366px) 100vw, 1366px\" \/>\t\t\t\t\t\t\t\t\t\t\t\t\t\t\t<\/div>\n\t\t\t\t<\/div>\n\t\t\t\t\t<\/div>\n\t\t<\/div>\n\t\t\t\t\t<\/div>\n\t\t<\/section>\n\t\t\t\t<section class=\"elementor-section elementor-top-section elementor-element elementor-element-3487a4f5 elementor-section-boxed elementor-section-height-default elementor-section-height-default\" data-id=\"3487a4f5\" data-element_type=\"section\" data-settings=\"{&quot;background_background&quot;:&quot;classic&quot;}\">\n\t\t\t\t\t\t<div class=\"elementor-container elementor-column-gap-default\">\n\t\t\t\t\t<div class=\"elementor-column elementor-col-50 elementor-top-column elementor-element elementor-element-732624ff\" data-id=\"732624ff\" data-element_type=\"column\" data-settings=\"{&quot;background_background&quot;:&quot;classic&quot;}\">\n\t\t\t<div class=\"elementor-widget-wrap elementor-element-populated\">\n\t\t\t\t\t\t<div class=\"elementor-element elementor-element-6c2c39f elementor-widget elementor-widget-heading\" data-id=\"6c2c39f\" data-element_type=\"widget\" data-widget_type=\"heading.default\">\n\t\t\t\t<div class=\"elementor-widget-container\">\n\t\t\t\t\t<h2 class=\"elementor-heading-title elementor-size-default\">Principais oportunidades apoiadas pela Diretoria de Promo\u00e7\u00e3o Social e Almoxarifado:<\/h2>\t\t\t\t<\/div>\n\t\t\t\t<\/div>\n\t\t\t\t\t<\/div>\n\t\t<\/div>\n\t\t\t\t<div class=\"elementor-column elementor-col-50 elementor-top-column elementor-element elementor-element-18c54fcf\" data-id=\"18c54fcf\" data-element_type=\"column\">\n\t\t\t<div class=\"elementor-widget-wrap elementor-element-populated\">\n\t\t\t\t\t\t<section class=\"elementor-section elementor-inner-section elementor-element elementor-element-6f4a0328 elementor-section-boxed elementor-section-height-default elementor-section-height-default\" data-id=\"6f4a0328\" data-element_type=\"section\">\n\t\t\t\t\t\t<div class=\"elementor-container elementor-column-gap-wider\">\n\t\t\t\t\t<div class=\"elementor-column elementor-col-50 elementor-inner-column elementor-element elementor-element-3ab92f8\" data-id=\"3ab92f8\" data-element_type=\"column\">\n\t\t\t<div class=\"elementor-widget-wrap elementor-element-populated\">\n\t\t\t\t\t\t<div class=\"elementor-element elementor-element-26bc2ce7 elementor-widget elementor-widget-heading\" data-id=\"26bc2ce7\" data-element_type=\"widget\" data-widget_type=\"heading.default\">\n\t\t\t\t<div class=\"elementor-widget-container\">\n\t\t\t\t\t<h2 class=\"elementor-heading-title elementor-size-default\">Fomento Profissional<\/h2>\t\t\t\t<\/div>\n\t\t\t\t<\/div>\n\t\t\t\t<div class=\"elementor-element elementor-element-1ea68ba5 elementor-widget elementor-widget-text-editor\" data-id=\"1ea68ba5\" data-element_type=\"widget\" data-widget_type=\"text-editor.default\">\n\t\t\t\t<div class=\"elementor-widget-container\">\n\t\t\t\t\t\t\t\t\t<p>Cursos, treinamentos, maquin\u00e1rio, instrumental etc.<\/p>\t\t\t\t\t\t\t\t<\/div>\n\t\t\t\t<\/div>\n\t\t\t\t\t<\/div>\n\t\t<\/div>\n\t\t\t\t<div class=\"elementor-column elementor-col-50 elementor-inner-column elementor-element elementor-element-56592989\" data-id=\"56592989\" data-element_type=\"column\">\n\t\t\t<div class=\"elementor-widget-wrap elementor-element-populated\">\n\t\t\t\t\t\t<div class=\"elementor-element elementor-element-61c2619 elementor-widget elementor-widget-heading\" data-id=\"61c2619\" data-element_type=\"widget\" data-widget_type=\"heading.default\">\n\t\t\t\t<div class=\"elementor-widget-container\">\n\t\t\t\t\t<h2 class=\"elementor-heading-title elementor-size-default\">Suplementa\u00e7\u00e3o Alimentar<\/h2>\t\t\t\t<\/div>\n\t\t\t\t<\/div>\n\t\t\t\t<div class=\"elementor-element elementor-element-17b8e514 elementor-widget elementor-widget-text-editor\" data-id=\"17b8e514\" data-element_type=\"widget\" data-widget_type=\"text-editor.default\">\n\t\t\t\t<div class=\"elementor-widget-container\">\n\t\t\t\t\t\t\t\t\t<p>Aleitamento materno deficiente, reposi\u00e7\u00e3o de flora intestinal, desnutri\u00e7\u00e3o, alergias etc.<\/p>\t\t\t\t\t\t\t\t<\/div>\n\t\t\t\t<\/div>\n\t\t\t\t\t<\/div>\n\t\t<\/div>\n\t\t\t\t\t<\/div>\n\t\t<\/section>\n\t\t\t\t<section class=\"elementor-section elementor-inner-section elementor-element elementor-element-279f16d7 elementor-section-boxed elementor-section-height-default elementor-section-height-default\" data-id=\"279f16d7\" data-element_type=\"section\">\n\t\t\t\t\t\t<div class=\"elementor-container elementor-column-gap-wider\">\n\t\t\t\t\t<div class=\"elementor-column elementor-col-50 elementor-inner-column elementor-element elementor-element-7734ca74\" data-id=\"7734ca74\" data-element_type=\"column\">\n\t\t\t<div class=\"elementor-widget-wrap elementor-element-populated\">\n\t\t\t\t\t\t<div class=\"elementor-element elementor-element-244c5a9 elementor-widget elementor-widget-heading\" data-id=\"244c5a9\" data-element_type=\"widget\" data-widget_type=\"heading.default\">\n\t\t\t\t<div class=\"elementor-widget-container\">\n\t\t\t\t\t<h2 class=\"elementor-heading-title elementor-size-default\">Sa\u00fade<\/h2>\t\t\t\t<\/div>\n\t\t\t\t<\/div>\n\t\t\t\t<div class=\"elementor-element elementor-element-5e9eb61b elementor-widget elementor-widget-text-editor\" data-id=\"5e9eb61b\" data-element_type=\"widget\" data-widget_type=\"text-editor.default\">\n\t\t\t\t<div class=\"elementor-widget-container\">\n\t\t\t\t\t\t\t\t\t<p>Tratamentos, medica\u00e7\u00e3o, acompanhamento, cadeira de rodas etc.<\/p>\t\t\t\t\t\t\t\t<\/div>\n\t\t\t\t<\/div>\n\t\t\t\t\t<\/div>\n\t\t<\/div>\n\t\t\t\t<div class=\"elementor-column elementor-col-50 elementor-inner-column elementor-element elementor-element-415b4abd\" data-id=\"415b4abd\" data-element_type=\"column\">\n\t\t\t<div class=\"elementor-widget-wrap elementor-element-populated\">\n\t\t\t\t\t\t<div class=\"elementor-element elementor-element-1ecc2c4 elementor-widget elementor-widget-heading\" data-id=\"1ecc2c4\" data-element_type=\"widget\" data-widget_type=\"heading.default\">\n\t\t\t\t<div class=\"elementor-widget-container\">\n\t\t\t\t\t<h2 class=\"elementor-heading-title elementor-size-default\">Mobili\u00e1rio de primeira necessidade <\/h2>\t\t\t\t<\/div>\n\t\t\t\t<\/div>\n\t\t\t\t<div class=\"elementor-element elementor-element-1e8efe7c elementor-widget elementor-widget-text-editor\" data-id=\"1e8efe7c\" data-element_type=\"widget\" data-widget_type=\"text-editor.default\">\n\t\t\t\t<div class=\"elementor-widget-container\">\n\t\t\t\t\t\t\t\t\t<p>Fog\u00e3o, geladeira, cama, mesa, colch\u00f5es etc.<\/p>\t\t\t\t\t\t\t\t<\/div>\n\t\t\t\t<\/div>\n\t\t\t\t\t<\/div>\n\t\t<\/div>\n\t\t\t\t\t<\/div>\n\t\t<\/section>\n\t\t\t\t<section class=\"elementor-section elementor-inner-section elementor-element elementor-element-b2ef87d elementor-section-boxed elementor-section-height-default elementor-section-height-default\" data-id=\"b2ef87d\" data-element_type=\"section\">\n\t\t\t\t\t\t<div class=\"elementor-container elementor-column-gap-wider\">\n\t\t\t\t\t<div class=\"elementor-column elementor-col-50 elementor-inner-column elementor-element elementor-element-c5918f5\" data-id=\"c5918f5\" data-element_type=\"column\">\n\t\t\t<div class=\"elementor-widget-wrap elementor-element-populated\">\n\t\t\t\t\t\t<div class=\"elementor-element elementor-element-3f3e641 elementor-widget elementor-widget-heading\" data-id=\"3f3e641\" data-element_type=\"widget\" data-widget_type=\"heading.default\">\n\t\t\t\t<div class=\"elementor-widget-container\">\n\t\t\t\t\t<h2 class=\"elementor-heading-title elementor-size-default\">Moradia<\/h2>\t\t\t\t<\/div>\n\t\t\t\t<\/div>\n\t\t\t\t<div class=\"elementor-element elementor-element-f8417ab elementor-widget elementor-widget-text-editor\" data-id=\"f8417ab\" data-element_type=\"widget\" data-widget_type=\"text-editor.default\">\n\t\t\t\t<div class=\"elementor-widget-container\">\n\t\t\t\t\t\t\t\t\t<p>Material de constru\u00e7\u00e3o: casas sem alvenaria, sem banheiro, com funda\u00e7\u00e3o em situa\u00e7\u00e3o de risco, m\u00e1s condi\u00e7\u00f5es sanit\u00e1rias etc.<\/p>\t\t\t\t\t\t\t\t<\/div>\n\t\t\t\t<\/div>\n\t\t\t\t\t<\/div>\n\t\t<\/div>\n\t\t\t\t<div class=\"elementor-column elementor-col-50 elementor-inner-column elementor-element elementor-element-84180a3\" data-id=\"84180a3\" data-element_type=\"column\">\n\t\t\t<div class=\"elementor-widget-wrap elementor-element-populated\">\n\t\t\t\t\t\t<div class=\"elementor-element elementor-element-0dd9f07 elementor-widget elementor-widget-heading\" data-id=\"0dd9f07\" data-element_type=\"widget\" data-widget_type=\"heading.default\">\n\t\t\t\t<div class=\"elementor-widget-container\">\n\t\t\t\t\t<h2 class=\"elementor-heading-title elementor-size-default\">Gera\u00e7\u00e3o de Renda<\/h2>\t\t\t\t<\/div>\n\t\t\t\t<\/div>\n\t\t\t\t<div class=\"elementor-element elementor-element-601fcdf elementor-widget elementor-widget-text-editor\" data-id=\"601fcdf\" data-element_type=\"widget\" data-widget_type=\"text-editor.default\">\n\t\t\t\t<div class=\"elementor-widget-container\">\n\t\t\t\t\t\t\t\t\tAquisi\u00e7\u00e3o de equipamentos e insumos para diversas atividades, como: sal\u00e3o de beleza, jardinagem, produ\u00e7\u00e3o de alimentos, constru\u00e7\u00e3o civil e outros.\t\t\t\t\t\t\t\t<\/div>\n\t\t\t\t<\/div>\n\t\t\t\t\t<\/div>\n\t\t<\/div>\n\t\t\t\t\t<\/div>\n\t\t<\/section>\n\t\t\t\t\t<\/div>\n\t\t<\/div>\n\t\t\t\t\t<\/div>\n\t\t<\/section>\n\t\t\t\t<\/div>\n\t\t","protected":false},"excerpt":{"rendered":"<p>Doando Oportunidades Doando Oportunidades O Programa Doando Oportunidades visa captar recursos para aquisi\u00e7\u00e3o de itens onerosos necess\u00e1rios aos integrantes das fam\u00edlias apoiadas pela Comunh\u00e3o. Esses itens encontram-se \u00e0 disposi\u00e7\u00e3o na Diretoria de Promo\u00e7\u00e3o Social para escolha dos doadores interessados em ajudar com recursos financeiros. Em 2022 o projeto proporcionou a aquisi\u00e7\u00e3o de kit maquiagem, manicure, [&hellip;]<\/p>\n","protected":false},"author":2,"featured_media":0,"parent":0,"menu_order":0,"comment_status":"closed","ping_status":"closed","template":"","meta":{"footnotes":""},"class_list":["post-2712","page","type-page","status-publish","hentry"],"yoast_head":"<!-- This site is optimized with the Yoast SEO plugin v27.2 - https:\/\/yoast.com\/product\/yoast-seo-wordpress\/ -->\n<title>Doando Oportunidades - Diretoria de Promo\u00e7\u00e3o Social<\/title>\n<meta name=\"robots\" content=\"index, follow, max-snippet:-1, max-image-preview:large, max-video-preview:-1\" \/>\n<link rel=\"canonical\" href=\"https:\/\/comunhaoespirita.org.br\/dps-comunhao\/doando-oportunidades\/\" \/>\n<meta property=\"og:locale\" content=\"pt_BR\" \/>\n<meta property=\"og:type\" content=\"article\" \/>\n<meta property=\"og:title\" content=\"Doando Oportunidades - Diretoria de Promo\u00e7\u00e3o Social\" \/>\n<meta property=\"og:description\" content=\"Doando Oportunidades Doando Oportunidades O Programa Doando Oportunidades visa captar recursos para aquisi\u00e7\u00e3o de itens onerosos necess\u00e1rios aos integrantes das fam\u00edlias apoiadas pela Comunh\u00e3o. Esses itens encontram-se \u00e0 disposi\u00e7\u00e3o na Diretoria de Promo\u00e7\u00e3o Social para escolha dos doadores interessados em ajudar com recursos financeiros. Em 2022 o projeto proporcionou a aquisi\u00e7\u00e3o de kit maquiagem, manicure, [&hellip;]\" \/>\n<meta property=\"og:url\" content=\"https:\/\/comunhaoespirita.org.br\/dps-comunhao\/doando-oportunidades\/\" \/>\n<meta property=\"og:site_name\" content=\"Diretoria de Promo\u00e7\u00e3o Social\" \/>\n<meta property=\"article:modified_time\" content=\"2023-03-22T18:20:51+00:00\" \/>\n<meta property=\"og:image\" content=\"https:\/\/comunhaoespirita.org.br\/dps-comunhao\/wp-content\/uploads\/2022\/01\/dando_oportunidades.jpg\" \/>\n<meta name=\"twitter:card\" content=\"summary_large_image\" \/>\n<meta name=\"twitter:label1\" content=\"Est. tempo de leitura\" \/>\n\t<meta name=\"twitter:data1\" content=\"2 minutos\" \/>\n<script type=\"application\/ld+json\" class=\"yoast-schema-graph\">{\"@context\":\"https:\/\/schema.org\",\"@graph\":[{\"@type\":\"WebPage\",\"@id\":\"https:\/\/comunhaoespirita.org.br\/dps-comunhao\/doando-oportunidades\/\",\"url\":\"https:\/\/comunhaoespirita.org.br\/dps-comunhao\/doando-oportunidades\/\",\"name\":\"Doando Oportunidades - Diretoria de Promo\u00e7\u00e3o Social\",\"isPartOf\":{\"@id\":\"https:\/\/comunhaoespirita.org.br\/dps-comunhao\/#website\"},\"primaryImageOfPage\":{\"@id\":\"https:\/\/comunhaoespirita.org.br\/dps-comunhao\/doando-oportunidades\/#primaryimage\"},\"image\":{\"@id\":\"https:\/\/comunhaoespirita.org.br\/dps-comunhao\/doando-oportunidades\/#primaryimage\"},\"thumbnailUrl\":\"https:\/\/comunhaoespirita.org.br\/dps-comunhao\/wp-content\/uploads\/2022\/01\/dando_oportunidades.jpg\",\"datePublished\":\"2022-01-22T16:24:26+00:00\",\"dateModified\":\"2023-03-22T18:20:51+00:00\",\"breadcrumb\":{\"@id\":\"https:\/\/comunhaoespirita.org.br\/dps-comunhao\/doando-oportunidades\/#breadcrumb\"},\"inLanguage\":\"pt-BR\",\"potentialAction\":[{\"@type\":\"ReadAction\",\"target\":[\"https:\/\/comunhaoespirita.org.br\/dps-comunhao\/doando-oportunidades\/\"]}]},{\"@type\":\"ImageObject\",\"inLanguage\":\"pt-BR\",\"@id\":\"https:\/\/comunhaoespirita.org.br\/dps-comunhao\/doando-oportunidades\/#primaryimage\",\"url\":\"https:\/\/comunhaoespirita.org.br\/dps-comunhao\/wp-content\/uploads\/2022\/01\/dando_oportunidades.jpg\",\"contentUrl\":\"https:\/\/comunhaoespirita.org.br\/dps-comunhao\/wp-content\/uploads\/2022\/01\/dando_oportunidades.jpg\",\"width\":1366,\"height\":911},{\"@type\":\"BreadcrumbList\",\"@id\":\"https:\/\/comunhaoespirita.org.br\/dps-comunhao\/doando-oportunidades\/#breadcrumb\",\"itemListElement\":[{\"@type\":\"ListItem\",\"position\":1,\"name\":\"In\u00edcio\",\"item\":\"https:\/\/comunhaoespirita.org.br\/dps-comunhao\/\"},{\"@type\":\"ListItem\",\"position\":2,\"name\":\"Doando Oportunidades\"}]},{\"@type\":\"WebSite\",\"@id\":\"https:\/\/comunhaoespirita.org.br\/dps-comunhao\/#website\",\"url\":\"https:\/\/comunhaoespirita.org.br\/dps-comunhao\/\",\"name\":\"Diretoria de Promo\u00e7\u00e3o Social\",\"description\":\"Nossa inspira\u00e7\u00e3o \u00e9 a Promo\u00e7\u00e3o Social do Esp\u00edrito Imortal - Reabilitando o Ser\",\"publisher\":{\"@id\":\"https:\/\/comunhaoespirita.org.br\/dps-comunhao\/#organization\"},\"potentialAction\":[{\"@type\":\"SearchAction\",\"target\":{\"@type\":\"EntryPoint\",\"urlTemplate\":\"https:\/\/comunhaoespirita.org.br\/dps-comunhao\/?s={search_term_string}\"},\"query-input\":{\"@type\":\"PropertyValueSpecification\",\"valueRequired\":true,\"valueName\":\"search_term_string\"}}],\"inLanguage\":\"pt-BR\"},{\"@type\":\"Organization\",\"@id\":\"https:\/\/comunhaoespirita.org.br\/dps-comunhao\/#organization\",\"name\":\"Diretoria de Promo\u00e7\u00e3o Social da Comunh\u00e3o Esp\u00edrita de Bras\u00edlia\",\"url\":\"https:\/\/comunhaoespirita.org.br\/dps-comunhao\/\",\"logo\":{\"@type\":\"ImageObject\",\"inLanguage\":\"pt-BR\",\"@id\":\"https:\/\/comunhaoespirita.org.br\/dps-comunhao\/#\/schema\/logo\/image\/\",\"url\":\"https:\/\/comunhaoespirita.org.br\/dps-comunhao\/wp-content\/uploads\/2021\/12\/logo.png\",\"contentUrl\":\"https:\/\/comunhaoespirita.org.br\/dps-comunhao\/wp-content\/uploads\/2021\/12\/logo.png\",\"width\":241,\"height\":60,\"caption\":\"Diretoria de Promo\u00e7\u00e3o Social da Comunh\u00e3o Esp\u00edrita de Bras\u00edlia\"},\"image\":{\"@id\":\"https:\/\/comunhaoespirita.org.br\/dps-comunhao\/#\/schema\/logo\/image\/\"}}]}<\/script>\n<!-- \/ Yoast SEO plugin. -->","yoast_head_json":{"title":"Doando Oportunidades - Diretoria de Promo\u00e7\u00e3o Social","robots":{"index":"index","follow":"follow","max-snippet":"max-snippet:-1","max-image-preview":"max-image-preview:large","max-video-preview":"max-video-preview:-1"},"canonical":"https:\/\/comunhaoespirita.org.br\/dps-comunhao\/doando-oportunidades\/","og_locale":"pt_BR","og_type":"article","og_title":"Doando Oportunidades - Diretoria de Promo\u00e7\u00e3o Social","og_description":"Doando Oportunidades Doando Oportunidades O Programa Doando Oportunidades visa captar recursos para aquisi\u00e7\u00e3o de itens onerosos necess\u00e1rios aos integrantes das fam\u00edlias apoiadas pela Comunh\u00e3o. Esses itens encontram-se \u00e0 disposi\u00e7\u00e3o na Diretoria de Promo\u00e7\u00e3o Social para escolha dos doadores interessados em ajudar com recursos financeiros. Em 2022 o projeto proporcionou a aquisi\u00e7\u00e3o de kit maquiagem, manicure, [&hellip;]","og_url":"https:\/\/comunhaoespirita.org.br\/dps-comunhao\/doando-oportunidades\/","og_site_name":"Diretoria de Promo\u00e7\u00e3o Social","article_modified_time":"2023-03-22T18:20:51+00:00","og_image":[{"url":"https:\/\/comunhaoespirita.org.br\/dps-comunhao\/wp-content\/uploads\/2022\/01\/dando_oportunidades.jpg","type":"","width":"","height":""}],"twitter_card":"summary_large_image","twitter_misc":{"Est. tempo de leitura":"2 minutos"},"schema":{"@context":"https:\/\/schema.org","@graph":[{"@type":"WebPage","@id":"https:\/\/comunhaoespirita.org.br\/dps-comunhao\/doando-oportunidades\/","url":"https:\/\/comunhaoespirita.org.br\/dps-comunhao\/doando-oportunidades\/","name":"Doando Oportunidades - Diretoria de Promo\u00e7\u00e3o Social","isPartOf":{"@id":"https:\/\/comunhaoespirita.org.br\/dps-comunhao\/#website"},"primaryImageOfPage":{"@id":"https:\/\/comunhaoespirita.org.br\/dps-comunhao\/doando-oportunidades\/#primaryimage"},"image":{"@id":"https:\/\/comunhaoespirita.org.br\/dps-comunhao\/doando-oportunidades\/#primaryimage"},"thumbnailUrl":"https:\/\/comunhaoespirita.org.br\/dps-comunhao\/wp-content\/uploads\/2022\/01\/dando_oportunidades.jpg","datePublished":"2022-01-22T16:24:26+00:00","dateModified":"2023-03-22T18:20:51+00:00","breadcrumb":{"@id":"https:\/\/comunhaoespirita.org.br\/dps-comunhao\/doando-oportunidades\/#breadcrumb"},"inLanguage":"pt-BR","potentialAction":[{"@type":"ReadAction","target":["https:\/\/comunhaoespirita.org.br\/dps-comunhao\/doando-oportunidades\/"]}]},{"@type":"ImageObject","inLanguage":"pt-BR","@id":"https:\/\/comunhaoespirita.org.br\/dps-comunhao\/doando-oportunidades\/#primaryimage","url":"https:\/\/comunhaoespirita.org.br\/dps-comunhao\/wp-content\/uploads\/2022\/01\/dando_oportunidades.jpg","contentUrl":"https:\/\/comunhaoespirita.org.br\/dps-comunhao\/wp-content\/uploads\/2022\/01\/dando_oportunidades.jpg","width":1366,"height":911},{"@type":"BreadcrumbList","@id":"https:\/\/comunhaoespirita.org.br\/dps-comunhao\/doando-oportunidades\/#breadcrumb","itemListElement":[{"@type":"ListItem","position":1,"name":"In\u00edcio","item":"https:\/\/comunhaoespirita.org.br\/dps-comunhao\/"},{"@type":"ListItem","position":2,"name":"Doando Oportunidades"}]},{"@type":"WebSite","@id":"https:\/\/comunhaoespirita.org.br\/dps-comunhao\/#website","url":"https:\/\/comunhaoespirita.org.br\/dps-comunhao\/","name":"Diretoria de Promo\u00e7\u00e3o Social","description":"Nossa inspira\u00e7\u00e3o \u00e9 a Promo\u00e7\u00e3o Social do Esp\u00edrito Imortal - Reabilitando o Ser","publisher":{"@id":"https:\/\/comunhaoespirita.org.br\/dps-comunhao\/#organization"},"potentialAction":[{"@type":"SearchAction","target":{"@type":"EntryPoint","urlTemplate":"https:\/\/comunhaoespirita.org.br\/dps-comunhao\/?s={search_term_string}"},"query-input":{"@type":"PropertyValueSpecification","valueRequired":true,"valueName":"search_term_string"}}],"inLanguage":"pt-BR"},{"@type":"Organization","@id":"https:\/\/comunhaoespirita.org.br\/dps-comunhao\/#organization","name":"Diretoria de Promo\u00e7\u00e3o Social da Comunh\u00e3o Esp\u00edrita de Bras\u00edlia","url":"https:\/\/comunhaoespirita.org.br\/dps-comunhao\/","logo":{"@type":"ImageObject","inLanguage":"pt-BR","@id":"https:\/\/comunhaoespirita.org.br\/dps-comunhao\/#\/schema\/logo\/image\/","url":"https:\/\/comunhaoespirita.org.br\/dps-comunhao\/wp-content\/uploads\/2021\/12\/logo.png","contentUrl":"https:\/\/comunhaoespirita.org.br\/dps-comunhao\/wp-content\/uploads\/2021\/12\/logo.png","width":241,"height":60,"caption":"Diretoria de Promo\u00e7\u00e3o Social da Comunh\u00e3o Esp\u00edrita de Bras\u00edlia"},"image":{"@id":"https:\/\/comunhaoespirita.org.br\/dps-comunhao\/#\/schema\/logo\/image\/"}}]}},"_links":{"self":[{"href":"https:\/\/comunhaoespirita.org.br\/dps-comunhao\/wp-json\/wp\/v2\/pages\/2712","targetHints":{"allow":["GET"]}}],"collection":[{"href":"https:\/\/comunhaoespirita.org.br\/dps-comunhao\/wp-json\/wp\/v2\/pages"}],"about":[{"href":"https:\/\/comunhaoespirita.org.br\/dps-comunhao\/wp-json\/wp\/v2\/types\/page"}],"author":[{"embeddable":true,"href":"https:\/\/comunhaoespirita.org.br\/dps-comunhao\/wp-json\/wp\/v2\/users\/2"}],"replies":[{"embeddable":true,"href":"https:\/\/comunhaoespirita.org.br\/dps-comunhao\/wp-json\/wp\/v2\/comments?post=2712"}],"version-history":[{"count":68,"href":"https:\/\/comunhaoespirita.org.br\/dps-comunhao\/wp-json\/wp\/v2\/pages\/2712\/revisions"}],"predecessor-version":[{"id":4127,"href":"https:\/\/comunhaoespirita.org.br\/dps-comunhao\/wp-json\/wp\/v2\/pages\/2712\/revisions\/4127"}],"wp:attachment":[{"href":"https:\/\/comunhaoespirita.org.br\/dps-comunhao\/wp-json\/wp\/v2\/media?parent=2712"}],"curies":[{"name":"wp","href":"https:\/\/api.w.org\/{rel}","templated":true}]}}